{"id":701951,"date":"2025-08-27T15:12:55","date_gmt":"2025-08-27T12:12:55","guid":{"rendered":"https:\/\/roveyayinevi.com.tr\/index.php\/urun\/guvercinci-keloglan\/"},"modified":"2026-04-16T02:11:18","modified_gmt":"2026-04-15T23:11:18","slug":"guvercinci-keloglan","status":"publish","type":"product","link":"https:\/\/roveyayinevi.com.tr\/index.php\/urun\/guvercinci-keloglan\/","title":{"rendered":"G\u00fcvercinci Kelo\u011flan"},"content":{"rendered":"<p>Eski zamanlarda annesiyle birlikte tek g\u00f6z odadan olu\u015fan bir ya\u015fayan bir delikanl\u0131 varm\u0131\u015f. Bu delikanl\u0131n\u0131n on- on be\u015f kadar g\u00fcvercini varm\u0131\u015f. Bu y\u00fczden ona \u201cG\u00fcvercinci Kelo\u011flan\u201d derlermi\u015f. G\u00fcvercinci Kelo\u011flan ile anas\u0131n\u0131n evi, Padi\u015fah\u2019\u0131n saray\u0131na bakarm\u0131\u015f. Padi\u015fah\u2019\u0131n k\u0131z\u0131 G\u00fcvercinci Kelo\u011flan\u2019a \u00e2\u015f\u0131km\u0131\u015f. G\u00fcnlerden bir g\u00fcn kalbindeki s\u0131rr\u0131 babas\u0131na a\u00e7m\u0131\u015f, G\u00fcvercinci Kelo\u011flan\u2019la evlenmek istedi\u011fini s\u00f6ylemi\u015f. Bundan sonra ne olmu\u015f dersiniz? <\/p>\n","protected":false},"excerpt":{"rendered":"<p>Eski zamanlarda annesiyle birlikte tek g\u00f6z odadan olu\u015fan bir ya\u015fayan bir delikanl\u0131 varm\u0131\u015f. Bu delikanl\u0131n\u0131n on- on be\u015f kadar g\u00fcvercini varm\u0131\u015f. Bu y\u00fczden ona \u201cG\u00fcvercinci Kelo\u011flan\u201d<span class=\"excerpt-hellip\"> [\u2026]<\/span><\/p>\n","protected":false},"featured_media":0,"template":"","meta":{"_monsterinsights_skip_tracking":false,"_monsterinsights_sitenote_active":false,"_monsterinsights_sitenote_note":"","_monsterinsights_sitenote_category":0},"product_brand":[],"product_cat":[12274,12284],"product_tag":[],"class_list":{"0":"post-701951","1":"product","2":"type-product","3":"status-publish","5":"product_cat-cocuk-ve-genclik-kitaplari","6":"product_cat-hikayeler","7":"pa_tur-kitap","8":"pa_yayinevi-kaynak-cocuk-yayinlari","9":"pa_yazar-samed-behrengi","11":"first","12":"instock","13":"sale","14":"shipping-taxable","15":"purchasable","16":"product-type-simple"},"_links":{"self":[{"href":"https:\/\/roveyayinevi.com.tr\/index.php\/wp-json\/wp\/v2\/product\/701951","targetHints":{"allow":["GET"]}}],"collection":[{"href":"https:\/\/roveyayinevi.com.tr\/index.php\/wp-json\/wp\/v2\/product"}],"about":[{"href":"https:\/\/roveyayinevi.com.tr\/index.php\/wp-json\/wp\/v2\/types\/product"}],"wp:attachment":[{"href":"https:\/\/roveyayinevi.com.tr\/index.php\/wp-json\/wp\/v2\/media?parent=701951"}],"wp:term":[{"taxonomy":"product_brand","embeddable":true,"href":"https:\/\/roveyayinevi.com.tr\/index.php\/wp-json\/wp\/v2\/product_brand?post=701951"},{"taxonomy":"product_cat","embeddable":true,"href":"https:\/\/roveyayinevi.com.tr\/index.php\/wp-json\/wp\/v2\/product_cat?post=701951"},{"taxonomy":"product_tag","embeddable":true,"href":"https:\/\/roveyayinevi.com.tr\/index.php\/wp-json\/wp\/v2\/product_tag?post=701951"}],"curies":[{"name":"wp","href":"https:\/\/api.w.org\/{rel}","templated":true}]}}