{"id":701950,"date":"2025-08-27T15:12:55","date_gmt":"2025-08-27T12:12:55","guid":{"rendered":"https:\/\/roveyayinevi.com.tr\/index.php\/urun\/ibrahimin-elma-yanaklari\/"},"modified":"2026-04-16T02:11:18","modified_gmt":"2026-04-15T23:11:18","slug":"ibrahimin-elma-yanaklari","status":"publish","type":"product","link":"https:\/\/roveyayinevi.com.tr\/index.php\/urun\/ibrahimin-elma-yanaklari\/","title":{"rendered":"\u0130brahim&#8217;in Elma Yanaklar\u0131"},"content":{"rendered":"<p>Bahar\u0131n geli\u015fiyle i\u00e7imiz de k\u0131p\u0131r k\u0131p\u0131r. \u0130\u015fte tam bug\u00fcnleri ya\u015fayan \u0130brahim&#8217;in bir g\u00fcn\u00fcne davet ediyoruz sizi: okulun son g\u00fcn\u00fcne. Bu yal\u0131n hik\u00e2yeyi okurken ho\u015f t\u0131n\u0131lar\u0131n size usulca e\u015flik etti\u011fini hissedeceksiniz. \u0130brahim yeni bir g\u00fcne uyan\u0131r. O g\u00fcn, di\u011ferlerinden biraz farkl\u0131d\u0131r. Akl\u0131nda hep ince uzun parmaklar\u0131 vard\u0131r, bir de elma yanaklar\u0131\u2026  bu k\u0131rm\u0131z\u0131 yanaklar rengini kimi zaman Manav Mehmet Amca&#8217;n\u0131n hediye etti\u011fi elmadan, kimi zaman Fato\u015f Teyze ve Rasim Amca&#8217;n\u0131n renkli bah\u00e7esindeki g\u00fcllerden al\u0131r. \u0130brahim&#8217;in heyecanl\u0131 parmaklar\u0131n\u0131n kavrad\u0131\u011f\u0131 bu g\u00fcller, avu\u00e7 i\u00e7leri gibi s\u0131r\u0131ls\u0131klamd\u0131r o g\u00fcn. Neyse ki g\u00fclleri onun yerine tutacak dostlar\u0131 vard\u0131r: Enes ve Ece. Sar\u0131 bir denizi and\u0131ran ba\u015fak tarlas\u0131n\u0131n ve pembe a\u011fa\u00e7lar\u0131n e\u015fli\u011finde y\u00fcr\u00fcd\u00fckleri okul yolunun sonunda onlar\u0131 bir s\u00fcrpriz beklemektedir. \u0130brahim&#8217;in koluna girip tatl\u0131 tela\u015f\u0131na tan\u0131k olun deriz. Bu bahar tad\u0131ndaki hik\u00e2ye dallar\u0131n\u0131za ho\u015f gelecek. <\/p>\n","protected":false},"excerpt":{"rendered":"<p>Bahar\u0131n geli\u015fiyle i\u00e7imiz de k\u0131p\u0131r k\u0131p\u0131r. \u0130\u015fte tam bug\u00fcnleri ya\u015fayan \u0130brahim&#8217;in bir g\u00fcn\u00fcne davet ediyoruz sizi: okulun son g\u00fcn\u00fcne. Bu yal\u0131n hik\u00e2yeyi okurken ho\u015f t\u0131n\u0131lar\u0131n size<span class=\"excerpt-hellip\"> [\u2026]<\/span><\/p>\n","protected":false},"featured_media":0,"template":"","meta":{"_monsterinsights_skip_tracking":false,"_monsterinsights_sitenote_active":false,"_monsterinsights_sitenote_note":"","_monsterinsights_sitenote_category":0},"product_brand":[],"product_cat":[12275,12274],"product_tag":[],"class_list":{"0":"post-701950","1":"product","2":"type-product","3":"status-publish","5":"product_cat-6-12-yas-kitaplari","6":"product_cat-cocuk-ve-genclik-kitaplari","7":"pa_cilt-ciltsiz","8":"pa_tur-kitap","9":"pa_yayinevi-elma-cocuk","10":"pa_yazar-ozlem-afacan-erbaslar","12":"first","13":"instock","14":"sale","15":"shipping-taxable","16":"purchasable","17":"product-type-simple"},"_links":{"self":[{"href":"https:\/\/roveyayinevi.com.tr\/index.php\/wp-json\/wp\/v2\/product\/701950","targetHints":{"allow":["GET"]}}],"collection":[{"href":"https:\/\/roveyayinevi.com.tr\/index.php\/wp-json\/wp\/v2\/product"}],"about":[{"href":"https:\/\/roveyayinevi.com.tr\/index.php\/wp-json\/wp\/v2\/types\/product"}],"wp:attachment":[{"href":"https:\/\/roveyayinevi.com.tr\/index.php\/wp-json\/wp\/v2\/media?parent=701950"}],"wp:term":[{"taxonomy":"product_brand","embeddable":true,"href":"https:\/\/roveyayinevi.com.tr\/index.php\/wp-json\/wp\/v2\/product_brand?post=701950"},{"taxonomy":"product_cat","embeddable":true,"href":"https:\/\/roveyayinevi.com.tr\/index.php\/wp-json\/wp\/v2\/product_cat?post=701950"},{"taxonomy":"product_tag","embeddable":true,"href":"https:\/\/roveyayinevi.com.tr\/index.php\/wp-json\/wp\/v2\/product_tag?post=701950"}],"curies":[{"name":"wp","href":"https:\/\/api.w.org\/{rel}","templated":true}]}}