{"id":701942,"date":"2025-08-27T15:12:52","date_gmt":"2025-08-27T12:12:52","guid":{"rendered":"https:\/\/roveyayinevi.com.tr\/index.php\/urun\/bir-duayen-ile-iktisat-ve-finansi-cok-boyutlu-dusunmek\/"},"modified":"2026-04-16T02:11:18","modified_gmt":"2026-04-15T23:11:18","slug":"bir-duayen-ile-iktisat-ve-finansi-cok-boyutlu-dusunmek","status":"publish","type":"product","link":"https:\/\/roveyayinevi.com.tr\/index.php\/urun\/bir-duayen-ile-iktisat-ve-finansi-cok-boyutlu-dusunmek\/","title":{"rendered":"Bir Duayen ile \u0130ktisat ve Finans\u0131 \u00c7ok Boyutlu D\u00fc\u015f\u00fcnmek"},"content":{"rendered":"<p>Prof. Dr. \u0130lker Paras\u0131z 40 y\u0131l\u0131 a\u015fan akademik ve profesyonel ya\u015fam\u0131nda iktisat ve finans alanlar\u0131nda 50\u2019nin \u00fczerinde kitap yazm\u0131\u015f, \u00e7ok say\u0131da bilimsel \u00e7al\u0131\u015fma ve makaleye imza atm\u0131\u015ft\u0131r; hala da akademik \u00e7al\u0131\u015fmalar\u0131na devam etmektedir. \u0130lker Hoca, iktisat okuyan bir\u00e7ok \u00f6\u011frenci ve bu alanda \u00e7al\u0131\u015fan akademisyen ve profesyonellerin neredeyse tamam\u0131 taraf\u0131ndan, en az\u0131ndan ismen, tan\u0131nan bir bilim ve fikir adam\u0131, bir filozoftur. \u00c7al\u0131\u015fmalar\u0131 hem \u00f6\u011frenciler hem de bu alanda \u00e7al\u0131\u015fanlar i\u00e7in birer rehber niteli\u011findedir. Bu sebeple Prof. Dr. \u0130lker Paras\u0131z\u2019a \u201carma\u011fan\u201d etti\u011fimiz bu kitab\u0131m\u0131za \u201cBir Duayen ile \u0130ktisat ve Finans\u0131 \u00c7ok Boyutlu D\u00fc\u015f\u00fcnmek\u201d ad\u0131n\u0131 verdik. Bu b\u00fcy\u00fck ve de\u011ferli insana, bilim adam\u0131na, Hocaya, Hocam\u0131za h\u00fcrmetle ve sayg\u0131yla bu kitab\u0131 arma\u011fan ediyoruz. <\/p>\n","protected":false},"excerpt":{"rendered":"<p>Prof. Dr. \u0130lker Paras\u0131z 40 y\u0131l\u0131 a\u015fan akademik ve profesyonel ya\u015fam\u0131nda iktisat ve finans alanlar\u0131nda 50\u2019nin \u00fczerinde kitap yazm\u0131\u015f, \u00e7ok say\u0131da bilimsel \u00e7al\u0131\u015fma ve makaleye imza<span class=\"excerpt-hellip\"> [\u2026]<\/span><\/p>\n","protected":false},"featured_media":0,"template":"","meta":{"_monsterinsights_skip_tracking":false,"_monsterinsights_sitenote_active":false,"_monsterinsights_sitenote_note":"","_monsterinsights_sitenote_category":0},"product_brand":[],"product_cat":[13043,14381],"product_tag":[],"class_list":{"0":"post-701942","1":"product","2":"type-product","3":"status-publish","5":"product_cat-ekonomi","6":"product_cat-isletme-muhasebe-maliye","7":"pa_tur-kitap","8":"pa_yayinevi-efil-yayinevi","9":"pa_yazar-ahmet-faruk-aysan","11":"first","12":"instock","13":"sale","14":"shipping-taxable","15":"purchasable","16":"product-type-simple"},"_links":{"self":[{"href":"https:\/\/roveyayinevi.com.tr\/index.php\/wp-json\/wp\/v2\/product\/701942","targetHints":{"allow":["GET"]}}],"collection":[{"href":"https:\/\/roveyayinevi.com.tr\/index.php\/wp-json\/wp\/v2\/product"}],"about":[{"href":"https:\/\/roveyayinevi.com.tr\/index.php\/wp-json\/wp\/v2\/types\/product"}],"wp:attachment":[{"href":"https:\/\/roveyayinevi.com.tr\/index.php\/wp-json\/wp\/v2\/media?parent=701942"}],"wp:term":[{"taxonomy":"product_brand","embeddable":true,"href":"https:\/\/roveyayinevi.com.tr\/index.php\/wp-json\/wp\/v2\/product_brand?post=701942"},{"taxonomy":"product_cat","embeddable":true,"href":"https:\/\/roveyayinevi.com.tr\/index.php\/wp-json\/wp\/v2\/product_cat?post=701942"},{"taxonomy":"product_tag","embeddable":true,"href":"https:\/\/roveyayinevi.com.tr\/index.php\/wp-json\/wp\/v2\/product_tag?post=701942"}],"curies":[{"name":"wp","href":"https:\/\/api.w.org\/{rel}","templated":true}]}}