{"id":701940,"date":"2025-08-27T15:12:51","date_gmt":"2025-08-27T12:12:51","guid":{"rendered":"https:\/\/roveyayinevi.com.tr\/index.php\/urun\/handan\/"},"modified":"2026-04-16T02:11:18","modified_gmt":"2026-04-15T23:11:18","slug":"handan","status":"publish","type":"product","link":"https:\/\/roveyayinevi.com.tr\/index.php\/urun\/handan\/","title":{"rendered":"Handan"},"content":{"rendered":"<p>YALNIZ B\u0130R KADIN MUTLU OLAB\u0130L\u0130R M\u0130?\u201cA\u015fklar\u0131n\u0131 kendileri yarat\u0131r, sonra da elleriyle yok mu ederdi b\u00fct\u00fcn kad\u0131nlar, yoksa ben mi b\u00f6yle tuhaft\u0131m?Yaln\u0131z bir kad\u0131n g\u00fc\u00e7l\u00fc olabilir miydi? Mutlu olabilir miydi?\u201d Ba\u015f\u0131na buyruk haliyle; hatalar\u0131, sevaplar\u0131, ac\u0131lar\u0131, sakarl\u0131klar\u0131, sonsuz i\u00e7tenlikteki a\u015fklar\u0131 ve zaaflar\u0131yla hepimizden bir \u015feyler ta\u015f\u0131yan, ama ayn\u0131 \u00f6l\u00e7\u00fcde \u00f6zg\u00fcn, benzersiz bir karakter, Handan\u202670\u2019lerin \u00e7ocu\u011fu Handan, hayat\u0131n\u0131n son derece hassas bir noktas\u0131nda (yaral\u0131 bereli orta ya\u015f\u0131nda), Halide Edib Ad\u0131var\u2019\u0131n \u00f6l\u00fcms\u00fcz eseri Handan\u2019\u0131n e\u015fli\u011finde bir ke\u015fif, bir hesapla\u015fma yolculu\u011funa \u00e7\u0131kmaya zorlan\u0131r. Bu yolculuk ki a\u015fklar, aldatmalar, aldanmalar, \u00f6l\u00fcmler ve entrikalardan ge\u00e7ecek, dahas\u0131, \u0130stanbul\u2019un tarihinin en hareketli, en renkli ve en \u201cgazl\u0131\u201d g\u00fcnlerini, hem de tam ortadan kat edecektir\u2026Ay\u015fe Kulin her g\u00fc\u00e7l\u00fc\u011fe, her \u015farta g\u00f6\u011f\u00fcs geren ve \u201casla pes etmeyen\u201d bir kad\u0131n\u0131n, Handan\u2019\u0131n s\u0131ra d\u0131\u015f\u0131, \u015fakrak ve capcanl\u0131 hayat m\u00fccadelesine davet ediyor okurlar\u0131.<\/p>\n","protected":false},"excerpt":{"rendered":"<p>YALNIZ B\u0130R KADIN MUTLU OLAB\u0130L\u0130R M\u0130?\u201cA\u015fklar\u0131n\u0131 kendileri yarat\u0131r, sonra da elleriyle yok mu ederdi b\u00fct\u00fcn kad\u0131nlar, yoksa ben mi b\u00f6yle tuhaft\u0131m?Yaln\u0131z bir kad\u0131n g\u00fc\u00e7l\u00fc olabilir miydi?<span class=\"excerpt-hellip\"> [\u2026]<\/span><\/p>\n","protected":false},"featured_media":0,"template":"","meta":{"_monsterinsights_skip_tracking":false,"_monsterinsights_sitenote_active":false,"_monsterinsights_sitenote_note":"","_monsterinsights_sitenote_category":0},"product_brand":[],"product_cat":[12291,12711],"product_tag":[],"class_list":{"0":"post-701940","1":"product","2":"type-product","3":"status-publish","5":"product_cat-edebiyat","6":"product_cat-roman-oyku","7":"pa_cilt-ciltsiz","8":"pa_tur-kitap","9":"pa_yayinevi-everest-yayinlari","10":"pa_yazar-ayse-kulin","12":"first","13":"instock","14":"sale","15":"shipping-taxable","16":"purchasable","17":"product-type-simple"},"_links":{"self":[{"href":"https:\/\/roveyayinevi.com.tr\/index.php\/wp-json\/wp\/v2\/product\/701940","targetHints":{"allow":["GET"]}}],"collection":[{"href":"https:\/\/roveyayinevi.com.tr\/index.php\/wp-json\/wp\/v2\/product"}],"about":[{"href":"https:\/\/roveyayinevi.com.tr\/index.php\/wp-json\/wp\/v2\/types\/product"}],"wp:attachment":[{"href":"https:\/\/roveyayinevi.com.tr\/index.php\/wp-json\/wp\/v2\/media?parent=701940"}],"wp:term":[{"taxonomy":"product_brand","embeddable":true,"href":"https:\/\/roveyayinevi.com.tr\/index.php\/wp-json\/wp\/v2\/product_brand?post=701940"},{"taxonomy":"product_cat","embeddable":true,"href":"https:\/\/roveyayinevi.com.tr\/index.php\/wp-json\/wp\/v2\/product_cat?post=701940"},{"taxonomy":"product_tag","embeddable":true,"href":"https:\/\/roveyayinevi.com.tr\/index.php\/wp-json\/wp\/v2\/product_tag?post=701940"}],"curies":[{"name":"wp","href":"https:\/\/api.w.org\/{rel}","templated":true}]}}