{"id":701933,"date":"2025-08-27T15:12:49","date_gmt":"2025-08-27T12:12:49","guid":{"rendered":"https:\/\/roveyayinevi.com.tr\/index.php\/urun\/musluman-turk-devletleri-tarihi\/"},"modified":"2026-04-16T02:11:18","modified_gmt":"2026-04-15T23:11:18","slug":"musluman-turk-devletleri-tarihi","status":"publish","type":"product","link":"https:\/\/roveyayinevi.com.tr\/index.php\/urun\/musluman-turk-devletleri-tarihi\/","title":{"rendered":"M\u00fcsl\u00fcman T\u00fcrk Devletleri Tarihi"},"content":{"rendered":"<p>Devletleri\u201d olarak an\u0131lan bu devletler Asya ve Afrika\u2019da yay\u0131ld\u0131lar ve \u00f6zellikle Orta\u00e7a\u011f d\u00f6neminde tarihimizde \u00f6nemli izler b\u0131rakt\u0131lar. Daha sonra Anadolu\u2019ya kadar ilerleyip Bizans ile sava\u015farak bug\u00fcnk\u00fc \u00fclke topraklar\u0131na sahip oldular. \u00d6te yandan Ha\u00e7l\u0131 yollar\u0131 \u00fczerinde bulunan bu b\u00f6lgeden ge\u00e7en Ha\u00e7l\u0131lara kar\u015f\u0131 m\u00fccadele verdiler. Zaman zaman zor durumda bulunan Ba\u011fdat\u2019taki Abbasi Halifelerine yard\u0131m ettiler. M\u00fcsl\u00fcman T\u00fcrk Devletleri siyasi ve asker\u00ee ba\u015far\u0131lar\u0131n\u0131n yan\u0131 s\u0131ra te\u015fkilat k\u00fclt\u00fcr ve imar faaliyetleri ile de dikkat \u00e7ektiler. \u0130dari yap\u0131, te\u015fkilat ve m\u00fcesseseler a\u00e7\u0131s\u0131ndan birbirlerini etkilediler ve sonraki devletlere \u00f6rnek oldular. Ayr\u0131ca h\u00e2kim olduklar\u0131 b\u00f6lge ve \u00fclkelerde bug\u00fcn dahi varl\u0131\u011f\u0131n\u0131 koruyan \u00f6nemli mimari eserler b\u0131rakt\u0131lar. Eserin i\u00e7indeki konular\u0131n h\u00e2len \u00fcniversitelerimizin tarih b\u00f6l\u00fcmlerinde ders olarak okutulmas\u0131 \u00f6\u011frenciler a\u00e7\u0131s\u0131ndan kitab\u0131 aran\u0131r bir duruma getirmi\u015ftir. Daha ziyade ara\u015ft\u0131rmalardan yararlanarak haz\u0131rlad\u0131\u011f\u0131m\u0131z bu eserin, Tarih ve yan bilim dallar\u0131 ile ilgilenen ara\u015ft\u0131rmac\u0131lara, \u00f6\u011frenci ve \u00f6\u011fretmenlere faydal\u0131 bir el kitab\u0131 olaca\u011f\u0131 kanaatindeyiz. <\/p>\n","protected":false},"excerpt":{"rendered":"<p>Devletleri\u201d olarak an\u0131lan bu devletler Asya ve Afrika\u2019da yay\u0131ld\u0131lar ve \u00f6zellikle Orta\u00e7a\u011f d\u00f6neminde tarihimizde \u00f6nemli izler b\u0131rakt\u0131lar. Daha sonra Anadolu\u2019ya kadar ilerleyip Bizans ile sava\u015farak bug\u00fcnk\u00fc<span class=\"excerpt-hellip\"> [\u2026]<\/span><\/p>\n","protected":false},"featured_media":0,"template":"","meta":{"_monsterinsights_skip_tracking":false,"_monsterinsights_sitenote_active":false,"_monsterinsights_sitenote_note":"","_monsterinsights_sitenote_category":0},"product_brand":[],"product_cat":[13517,12304],"product_tag":[],"class_list":{"0":"post-701933","1":"product","2":"type-product","3":"status-publish","5":"product_cat-osmanli-tarihi","6":"product_cat-tarih","7":"pa_cilt-ciltsiz","8":"pa_tur-kitap","9":"pa_yayinevi-bilge-kultur-sanat","10":"pa_yazar-erdogan-mercil","12":"first","13":"instock","14":"sale","15":"shipping-taxable","16":"purchasable","17":"product-type-simple"},"_links":{"self":[{"href":"https:\/\/roveyayinevi.com.tr\/index.php\/wp-json\/wp\/v2\/product\/701933","targetHints":{"allow":["GET"]}}],"collection":[{"href":"https:\/\/roveyayinevi.com.tr\/index.php\/wp-json\/wp\/v2\/product"}],"about":[{"href":"https:\/\/roveyayinevi.com.tr\/index.php\/wp-json\/wp\/v2\/types\/product"}],"wp:attachment":[{"href":"https:\/\/roveyayinevi.com.tr\/index.php\/wp-json\/wp\/v2\/media?parent=701933"}],"wp:term":[{"taxonomy":"product_brand","embeddable":true,"href":"https:\/\/roveyayinevi.com.tr\/index.php\/wp-json\/wp\/v2\/product_brand?post=701933"},{"taxonomy":"product_cat","embeddable":true,"href":"https:\/\/roveyayinevi.com.tr\/index.php\/wp-json\/wp\/v2\/product_cat?post=701933"},{"taxonomy":"product_tag","embeddable":true,"href":"https:\/\/roveyayinevi.com.tr\/index.php\/wp-json\/wp\/v2\/product_tag?post=701933"}],"curies":[{"name":"wp","href":"https:\/\/api.w.org\/{rel}","templated":true}]}}