{"id":701931,"date":"2025-08-27T15:12:48","date_gmt":"2025-08-27T12:12:48","guid":{"rendered":"https:\/\/roveyayinevi.com.tr\/index.php\/urun\/geziden-somaya-hayat-sokakta\/"},"modified":"2026-04-16T02:11:18","modified_gmt":"2026-04-15T23:11:18","slug":"geziden-somaya-hayat-sokakta","status":"publish","type":"product","link":"https:\/\/roveyayinevi.com.tr\/index.php\/urun\/geziden-somaya-hayat-sokakta\/","title":{"rendered":"Gezi&#8217;den Soma&#8217;ya Hayat Sokakta"},"content":{"rendered":"<p>GEZ\u0130&#8217;DEN SOMA&#8217;YA HAYAT SOKAKTA, Achim Wagner&#8217;in Gezi direni\u015finden Soma katliam\u0131 ve sonras\u0131ndaki g\u00f6sterilere kadar olan s\u00fcre\u00e7te \u00e7ekti\u011fi renkli karelerden olu\u015fuyor. Wagner, 400 foto\u011fraftan olu\u015fan bu alb\u00fcm\u00fcnde, toplumsal olaylardan sokaklardaki \u015fiirlere, pek \u00e7ok konuya yer verirken, adeta T\u00fcrkiye&#8217;nin bir y\u0131ll\u0131k hikayesinin bir belgeselini \u00e7\u0131karm\u0131\u015f oluyor. T\u00fcrkiye&#8217;nin pek \u00e7ok k\u00f6\u015fesinden foto\u011fraflar\u0131n yer ald\u0131\u011f\u0131 bu se\u00e7ki, T\u00fcrkiye&#8217;nin hareketli bir y\u0131l\u0131n\u0131n fotografik haf\u0131zas\u0131n\u0131 \u00fcretiyor. <\/p>\n","protected":false},"excerpt":{"rendered":"<p>GEZ\u0130&#8217;DEN SOMA&#8217;YA HAYAT SOKAKTA, Achim Wagner&#8217;in Gezi direni\u015finden Soma katliam\u0131 ve sonras\u0131ndaki g\u00f6sterilere kadar olan s\u00fcre\u00e7te \u00e7ekti\u011fi renkli karelerden olu\u015fuyor. Wagner, 400 foto\u011fraftan olu\u015fan bu alb\u00fcm\u00fcnde,<span class=\"excerpt-hellip\"> [\u2026]<\/span><\/p>\n","protected":false},"featured_media":0,"template":"","meta":{"_monsterinsights_skip_tracking":false,"_monsterinsights_sitenote_active":false,"_monsterinsights_sitenote_note":"","_monsterinsights_sitenote_category":0},"product_brand":[],"product_cat":[12409,12408],"product_tag":[],"class_list":{"0":"post-701931","1":"product","2":"type-product","3":"status-publish","5":"product_cat-fotograf-sinema-tiyatro","6":"product_cat-sanat","7":"pa_cilt-ciltsiz","8":"pa_tur-kitap","9":"pa_yayinevi-nika-yayinevi","10":"pa_yazar-achim-wagner","12":"first","13":"instock","14":"sale","15":"shipping-taxable","16":"purchasable","17":"product-type-simple"},"_links":{"self":[{"href":"https:\/\/roveyayinevi.com.tr\/index.php\/wp-json\/wp\/v2\/product\/701931","targetHints":{"allow":["GET"]}}],"collection":[{"href":"https:\/\/roveyayinevi.com.tr\/index.php\/wp-json\/wp\/v2\/product"}],"about":[{"href":"https:\/\/roveyayinevi.com.tr\/index.php\/wp-json\/wp\/v2\/types\/product"}],"wp:attachment":[{"href":"https:\/\/roveyayinevi.com.tr\/index.php\/wp-json\/wp\/v2\/media?parent=701931"}],"wp:term":[{"taxonomy":"product_brand","embeddable":true,"href":"https:\/\/roveyayinevi.com.tr\/index.php\/wp-json\/wp\/v2\/product_brand?post=701931"},{"taxonomy":"product_cat","embeddable":true,"href":"https:\/\/roveyayinevi.com.tr\/index.php\/wp-json\/wp\/v2\/product_cat?post=701931"},{"taxonomy":"product_tag","embeddable":true,"href":"https:\/\/roveyayinevi.com.tr\/index.php\/wp-json\/wp\/v2\/product_tag?post=701931"}],"curies":[{"name":"wp","href":"https:\/\/api.w.org\/{rel}","templated":true}]}}