{"id":701930,"date":"2025-08-27T15:12:48","date_gmt":"2025-08-27T12:12:48","guid":{"rendered":"https:\/\/roveyayinevi.com.tr\/index.php\/urun\/lenine-donus\/"},"modified":"2026-01-29T02:19:52","modified_gmt":"2026-01-28T23:19:52","slug":"lenine-donus","status":"publish","type":"product","link":"https:\/\/roveyayinevi.com.tr\/index.php\/urun\/lenine-donus\/","title":{"rendered":"Lenin&#8217;e D\u00f6n\u00fc\u015f"},"content":{"rendered":"<p>osyalizm egilimli ulkelerin olusturdugu sistemin yikilmasi, dunyada yeni bir gericiligin egemenligine yol acti. Bu ulkelerde &#8220;Leninizm&#8221; olarak uydurulmus teori ve pratigin yanlislanmasi; Marksizm&#8217;in ve Lenin&#8217;in goruslerinin curutulmesi olarak algilandi. Burada ideolojik fatura, Marx&#8217;a, Engels&#8217;e, Lenin&#8217;e cikarildi. Dunya capinda Marksizm&#8217;e, en basta da Lenin&#8217;e karsi ideolojik saldiri kampanyasi orgutlendi. 1917 Ekim devrimini erken bulanlar, Lenin&#8217;in despotlugundan dem vuranlar, Lenin&#8217;in goruslerinin eskidigini soyleyenler vb. cikti. Oysa yasanan olumsuzlugun nedeni Marx&#8217;tan, Lenin&#8217;den kopustu. Lenin&#8217;in yolundan gidemeyisti. Bu kitabin temel bir amaci var: Lenin&#8217;in goruslerini oldugu sekliyle, gercekleri bozmadan yeniden ortaya cikarmak! Lenin&#8217;in Marksizm&#8217;inin, devrimci Marksizm oldugunu gostermek! Lenin&#8217;i elestirel bir gozle Marksizm&#8217;de hak ettigi yere oturtmak! Sovyetler Birligi&#8217;nin yikintilari arasinda kalmis Lenin&#8217;i tekrar ayaklari uzerine dikmek! Ozcesi tekrar Lenin&#8217;e donmek! <\/p>\n","protected":false},"excerpt":{"rendered":"<p>osyalizm egilimli ulkelerin olusturdugu sistemin yikilmasi, dunyada yeni bir gericiligin egemenligine yol acti. Bu ulkelerde &#8220;Leninizm&#8221; olarak uydurulmus teori ve pratigin yanlislanmasi; Marksizm&#8217;in ve Lenin&#8217;in goruslerinin<span class=\"excerpt-hellip\"> [\u2026]<\/span><\/p>\n","protected":false},"featured_media":0,"template":"","meta":{"_monsterinsights_skip_tracking":false,"_monsterinsights_sitenote_active":false,"_monsterinsights_sitenote_note":"","_monsterinsights_sitenote_category":0},"product_brand":[],"product_cat":[12312,12304],"product_tag":[],"class_list":{"0":"post-701930","1":"product","2":"type-product","3":"status-publish","5":"product_cat-diger","6":"product_cat-tarih","7":"pa_cilt-ciltsiz","8":"pa_tur-kitap","9":"pa_yayinevi-utopya-yayinevi","10":"pa_yazar-sait-almis","12":"first","13":"instock","14":"sale","15":"shipping-taxable","16":"purchasable","17":"product-type-simple"},"_links":{"self":[{"href":"https:\/\/roveyayinevi.com.tr\/index.php\/wp-json\/wp\/v2\/product\/701930","targetHints":{"allow":["GET"]}}],"collection":[{"href":"https:\/\/roveyayinevi.com.tr\/index.php\/wp-json\/wp\/v2\/product"}],"about":[{"href":"https:\/\/roveyayinevi.com.tr\/index.php\/wp-json\/wp\/v2\/types\/product"}],"wp:attachment":[{"href":"https:\/\/roveyayinevi.com.tr\/index.php\/wp-json\/wp\/v2\/media?parent=701930"}],"wp:term":[{"taxonomy":"product_brand","embeddable":true,"href":"https:\/\/roveyayinevi.com.tr\/index.php\/wp-json\/wp\/v2\/product_brand?post=701930"},{"taxonomy":"product_cat","embeddable":true,"href":"https:\/\/roveyayinevi.com.tr\/index.php\/wp-json\/wp\/v2\/product_cat?post=701930"},{"taxonomy":"product_tag","embeddable":true,"href":"https:\/\/roveyayinevi.com.tr\/index.php\/wp-json\/wp\/v2\/product_tag?post=701930"}],"curies":[{"name":"wp","href":"https:\/\/api.w.org\/{rel}","templated":true}]}}