{"id":701929,"date":"2025-08-27T15:12:48","date_gmt":"2025-08-27T12:12:48","guid":{"rendered":"https:\/\/roveyayinevi.com.tr\/index.php\/urun\/kanatli-kelepce\/"},"modified":"2026-01-29T02:19:52","modified_gmt":"2026-01-28T23:19:52","slug":"kanatli-kelepce","status":"publish","type":"product","link":"https:\/\/roveyayinevi.com.tr\/index.php\/urun\/kanatli-kelepce\/","title":{"rendered":"Kanatl\u0131 Kelep\u00e7e"},"content":{"rendered":"<p>G\u00f6zlerim kanatl\u0131 diye Dilimin k\u00f6k\u00fc kalbimdeHayalperest diye kula\u011f\u0131mDeli miyim?Zannetti\u011fin gibi karma\u015f\u0131k de\u011filYaln\u0131zca ku\u015f t\u00fcy\u00fcnde kayboluveriyorumKum olup ak\u0131veriyorum saatindeG\u00fczel her yer eksik deyip ac\u0131yorumAkl\u0131ma d\u00fc\u015ft\u00fc\u011f\u00fcnde yalvar\u0131yorumNesi karma\u015f\u0131k ki bunun? <\/p>\n","protected":false},"excerpt":{"rendered":"<p>G\u00f6zlerim kanatl\u0131 diye Dilimin k\u00f6k\u00fc kalbimdeHayalperest diye kula\u011f\u0131mDeli miyim?Zannetti\u011fin gibi karma\u015f\u0131k de\u011filYaln\u0131zca ku\u015f t\u00fcy\u00fcnde kayboluveriyorumKum olup ak\u0131veriyorum saatindeG\u00fczel her yer eksik deyip ac\u0131yorumAkl\u0131ma d\u00fc\u015ft\u00fc\u011f\u00fcnde yalvar\u0131yorumNesi karma\u015f\u0131k<span class=\"excerpt-hellip\"> [\u2026]<\/span><\/p>\n","protected":false},"featured_media":0,"template":"","meta":{"_monsterinsights_skip_tracking":false,"_monsterinsights_sitenote_active":false,"_monsterinsights_sitenote_note":"","_monsterinsights_sitenote_category":0},"product_brand":[],"product_cat":[12291,12509],"product_tag":[],"class_list":{"0":"post-701929","1":"product","2":"type-product","3":"status-publish","5":"product_cat-edebiyat","6":"product_cat-siir","7":"pa_cilt-ciltsiz","8":"pa_tur-kitap","9":"pa_yayinevi-utopya-yayinevi","10":"pa_yazar-nilufer-celikten","12":"first","13":"instock","14":"sale","15":"shipping-taxable","16":"purchasable","17":"product-type-simple"},"_links":{"self":[{"href":"https:\/\/roveyayinevi.com.tr\/index.php\/wp-json\/wp\/v2\/product\/701929","targetHints":{"allow":["GET"]}}],"collection":[{"href":"https:\/\/roveyayinevi.com.tr\/index.php\/wp-json\/wp\/v2\/product"}],"about":[{"href":"https:\/\/roveyayinevi.com.tr\/index.php\/wp-json\/wp\/v2\/types\/product"}],"wp:attachment":[{"href":"https:\/\/roveyayinevi.com.tr\/index.php\/wp-json\/wp\/v2\/media?parent=701929"}],"wp:term":[{"taxonomy":"product_brand","embeddable":true,"href":"https:\/\/roveyayinevi.com.tr\/index.php\/wp-json\/wp\/v2\/product_brand?post=701929"},{"taxonomy":"product_cat","embeddable":true,"href":"https:\/\/roveyayinevi.com.tr\/index.php\/wp-json\/wp\/v2\/product_cat?post=701929"},{"taxonomy":"product_tag","embeddable":true,"href":"https:\/\/roveyayinevi.com.tr\/index.php\/wp-json\/wp\/v2\/product_tag?post=701929"}],"curies":[{"name":"wp","href":"https:\/\/api.w.org\/{rel}","templated":true}]}}