{"id":701926,"date":"2025-08-27T15:12:47","date_gmt":"2025-08-27T12:12:47","guid":{"rendered":"https:\/\/roveyayinevi.com.tr\/index.php\/urun\/kutsalin-donusu\/"},"modified":"2026-04-16T02:11:17","modified_gmt":"2026-04-15T23:11:17","slug":"kutsalin-donusu","status":"publish","type":"product","link":"https:\/\/roveyayinevi.com.tr\/index.php\/urun\/kutsalin-donusu\/","title":{"rendered":"Kutsal\u0131n D\u00f6n\u00fc\u015f\u00fc"},"content":{"rendered":"<p>Ayd\u0131nlanma \u00e7a\u011f\u0131n\u0131n d\u00fc\u015f\u00fcn\u00fcrleri, insanl\u0131\u011f\u0131n modernle\u015ftik\u00e7e dinden uzakla\u015faca\u011f\u0131n\u0131 ve dinlerin eninde sonunda \u00f6lece\u011fini d\u00fc\u015f\u00fcnd\u00fcler. Hatta bunun i\u00e7in zaman bi\u00e7enler bile oldu. Asl\u0131nda bu \u00f6ng\u00f6r\u00fc bilimsel bir tahmin de\u011fil, ideolojik bir temenni idi. Yani tezin ard\u0131nda \u201cb\u00f6yle olmal\u0131d\u0131r!\u201d imas\u0131 vard\u0131. Ancak insano\u011flunun inanma iste\u011fi sona ermedi, hatta dinsel pratiklerde y\u00fckseli\u015f g\u00f6zlendi. <\/p>\n","protected":false},"excerpt":{"rendered":"<p>Ayd\u0131nlanma \u00e7a\u011f\u0131n\u0131n d\u00fc\u015f\u00fcn\u00fcrleri, insanl\u0131\u011f\u0131n modernle\u015ftik\u00e7e dinden uzakla\u015faca\u011f\u0131n\u0131 ve dinlerin eninde sonunda \u00f6lece\u011fini d\u00fc\u015f\u00fcnd\u00fcler. Hatta bunun i\u00e7in zaman bi\u00e7enler bile oldu. Asl\u0131nda bu \u00f6ng\u00f6r\u00fc bilimsel bir tahmin<span class=\"excerpt-hellip\"> [\u2026]<\/span><\/p>\n","protected":false},"featured_media":0,"template":"","meta":{"_monsterinsights_skip_tracking":false,"_monsterinsights_sitenote_active":false,"_monsterinsights_sitenote_note":"","_monsterinsights_sitenote_category":0},"product_brand":[],"product_cat":[12325,12324],"product_tag":[],"class_list":{"0":"post-701926","1":"product","2":"type-product","3":"status-publish","5":"product_cat-diger-sosyoloji","6":"product_cat-sosyoloji","7":"pa_cilt-ciltsiz","8":"pa_tur-kitap","9":"pa_yayinevi-timas-yayinlari","10":"pa_yazar-ali-kose","12":"first","13":"instock","14":"sale","15":"shipping-taxable","16":"purchasable","17":"product-type-simple"},"_links":{"self":[{"href":"https:\/\/roveyayinevi.com.tr\/index.php\/wp-json\/wp\/v2\/product\/701926","targetHints":{"allow":["GET"]}}],"collection":[{"href":"https:\/\/roveyayinevi.com.tr\/index.php\/wp-json\/wp\/v2\/product"}],"about":[{"href":"https:\/\/roveyayinevi.com.tr\/index.php\/wp-json\/wp\/v2\/types\/product"}],"wp:attachment":[{"href":"https:\/\/roveyayinevi.com.tr\/index.php\/wp-json\/wp\/v2\/media?parent=701926"}],"wp:term":[{"taxonomy":"product_brand","embeddable":true,"href":"https:\/\/roveyayinevi.com.tr\/index.php\/wp-json\/wp\/v2\/product_brand?post=701926"},{"taxonomy":"product_cat","embeddable":true,"href":"https:\/\/roveyayinevi.com.tr\/index.php\/wp-json\/wp\/v2\/product_cat?post=701926"},{"taxonomy":"product_tag","embeddable":true,"href":"https:\/\/roveyayinevi.com.tr\/index.php\/wp-json\/wp\/v2\/product_tag?post=701926"}],"curies":[{"name":"wp","href":"https:\/\/api.w.org\/{rel}","templated":true}]}}