{"id":701924,"date":"2025-08-27T15:12:46","date_gmt":"2025-08-27T12:12:46","guid":{"rendered":"https:\/\/roveyayinevi.com.tr\/index.php\/urun\/balik-sehzade-nasilli-masallar\/"},"modified":"2026-04-16T02:11:17","modified_gmt":"2026-04-15T23:11:17","slug":"balik-sehzade-nasilli-masallar","status":"publish","type":"product","link":"https:\/\/roveyayinevi.com.tr\/index.php\/urun\/balik-sehzade-nasilli-masallar\/","title":{"rendered":"Bal\u0131k \u015eehzade\/ Nas\u0131ll\u0131 Masallar"},"content":{"rendered":"<p>Merhaba! Bal\u0131klar nas\u0131l nefes al\u0131rlar biliyor musunuz? Bilmiyor musunuz? Burnundan diyenler yan\u0131ld\u0131. Ben burnumdan nefes ald\u0131\u011f\u0131n\u0131 hi\u00e7 hat\u0131rlamam. Bu y\u00fczy\u0131llard\u0131r b\u00f6yle olmu\u015f. Benim dedemin dedesinin dedesi de burnundan nefes almam\u0131\u015f hi\u00e7bir zaman. Biz solunga\u00e7lar\u0131m\u0131z sayesinde nefes al\u0131r\u0131z. \u015ea\u015f\u0131rd\u0131n\u0131z de\u011fil mi? Solunga\u00e7lar\u0131m\u0131z olmasa, biz nefessiz kal\u0131r\u0131z. <\/p>\n","protected":false},"excerpt":{"rendered":"<p>Merhaba! Bal\u0131klar nas\u0131l nefes al\u0131rlar biliyor musunuz? Bilmiyor musunuz? Burnundan diyenler yan\u0131ld\u0131. Ben burnumdan nefes ald\u0131\u011f\u0131n\u0131 hi\u00e7 hat\u0131rlamam. Bu y\u00fczy\u0131llard\u0131r b\u00f6yle olmu\u015f. Benim dedemin dedesinin dedesi<span class=\"excerpt-hellip\"> [\u2026]<\/span><\/p>\n","protected":false},"featured_media":0,"template":"","meta":{"_monsterinsights_skip_tracking":false,"_monsterinsights_sitenote_active":false,"_monsterinsights_sitenote_note":"","_monsterinsights_sitenote_category":0},"product_brand":[],"product_cat":[12274,12523],"product_tag":[],"class_list":{"0":"post-701924","1":"product","2":"type-product","3":"status-publish","5":"product_cat-cocuk-ve-genclik-kitaplari","6":"product_cat-masallar","7":"pa_tur-kitap","8":"pa_yayinevi-yediveren-cocuk","9":"pa_yazar-sebnem-guler-karacan","11":"first","12":"instock","13":"sale","14":"shipping-taxable","15":"purchasable","16":"product-type-simple"},"_links":{"self":[{"href":"https:\/\/roveyayinevi.com.tr\/index.php\/wp-json\/wp\/v2\/product\/701924","targetHints":{"allow":["GET"]}}],"collection":[{"href":"https:\/\/roveyayinevi.com.tr\/index.php\/wp-json\/wp\/v2\/product"}],"about":[{"href":"https:\/\/roveyayinevi.com.tr\/index.php\/wp-json\/wp\/v2\/types\/product"}],"wp:attachment":[{"href":"https:\/\/roveyayinevi.com.tr\/index.php\/wp-json\/wp\/v2\/media?parent=701924"}],"wp:term":[{"taxonomy":"product_brand","embeddable":true,"href":"https:\/\/roveyayinevi.com.tr\/index.php\/wp-json\/wp\/v2\/product_brand?post=701924"},{"taxonomy":"product_cat","embeddable":true,"href":"https:\/\/roveyayinevi.com.tr\/index.php\/wp-json\/wp\/v2\/product_cat?post=701924"},{"taxonomy":"product_tag","embeddable":true,"href":"https:\/\/roveyayinevi.com.tr\/index.php\/wp-json\/wp\/v2\/product_tag?post=701924"}],"curies":[{"name":"wp","href":"https:\/\/api.w.org\/{rel}","templated":true}]}}