{"id":701921,"date":"2025-08-27T15:12:45","date_gmt":"2025-08-27T12:12:45","guid":{"rendered":"https:\/\/roveyayinevi.com.tr\/index.php\/urun\/islamin-batini-cehresi\/"},"modified":"2026-04-16T02:11:17","modified_gmt":"2026-04-15T23:11:17","slug":"islamin-batini-cehresi","status":"publish","type":"product","link":"https:\/\/roveyayinevi.com.tr\/index.php\/urun\/islamin-batini-cehresi\/","title":{"rendered":"\u0130slam\u2019\u0131n Bat\u0131ni \u00c7ehresi"},"content":{"rendered":"<p>\u0130nsan, \u00fczerinde ya\u015fad\u0131\u011f\u0131 co\u011frafyan\u0131n bir par\u00e7as\u0131d\u0131r, ondan ayr\u0131 d\u00fc\u015f\u00fcn\u00fclemez. \u0130nsan da di\u011fer canl\u0131lar d\u00fcnyas\u0131 gibi topra\u011fa ba\u011fl\u0131d\u0131r, ona benzer. Rengi, dili, d\u00fc\u015f\u00fcncesi, zevkleri, korkular\u0131, cesareti, yi\u011fitli\u011fi, asaleti, kat\u0131l\u0131\u011f\u0131, yumu\u015fakl\u0131\u011f\u0131, taassubu, muhafazak\u00e2rl\u0131\u011f\u0131, dini anlama ve ya\u015fama bi\u00e7imi ve karakteri ile insano\u011flu, k\u00f6k sald\u0131\u011f\u0131, beslendi\u011fi, b\u00fcy\u00fcd\u00fc\u011f\u00fc topra\u011f\u0131n\u0131n, toprak anas\u0131n\u0131n o\u011fludur. <\/p>\n","protected":false},"excerpt":{"rendered":"<p>\u0130nsan, \u00fczerinde ya\u015fad\u0131\u011f\u0131 co\u011frafyan\u0131n bir par\u00e7as\u0131d\u0131r, ondan ayr\u0131 d\u00fc\u015f\u00fcn\u00fclemez. \u0130nsan da di\u011fer canl\u0131lar d\u00fcnyas\u0131 gibi topra\u011fa ba\u011fl\u0131d\u0131r, ona benzer. Rengi, dili, d\u00fc\u015f\u00fcncesi, zevkleri, korkular\u0131, cesareti, yi\u011fitli\u011fi,<span class=\"excerpt-hellip\"> [\u2026]<\/span><\/p>\n","protected":false},"featured_media":0,"template":"","meta":{"_monsterinsights_skip_tracking":false,"_monsterinsights_sitenote_active":false,"_monsterinsights_sitenote_note":"","_monsterinsights_sitenote_category":0},"product_brand":[],"product_cat":[13036,12718,12719],"product_tag":[],"class_list":{"0":"post-701921","1":"product","2":"type-product","3":"status-publish","5":"product_cat-arastirma-inceleme-islam","6":"product_cat-din","7":"product_cat-islam","8":"pa_tur-kitap","9":"pa_yayinevi-bilge-kultur-sanat","10":"pa_yazar-muammer-gul","12":"first","13":"instock","14":"sale","15":"shipping-taxable","16":"purchasable","17":"product-type-simple"},"_links":{"self":[{"href":"https:\/\/roveyayinevi.com.tr\/index.php\/wp-json\/wp\/v2\/product\/701921","targetHints":{"allow":["GET"]}}],"collection":[{"href":"https:\/\/roveyayinevi.com.tr\/index.php\/wp-json\/wp\/v2\/product"}],"about":[{"href":"https:\/\/roveyayinevi.com.tr\/index.php\/wp-json\/wp\/v2\/types\/product"}],"wp:attachment":[{"href":"https:\/\/roveyayinevi.com.tr\/index.php\/wp-json\/wp\/v2\/media?parent=701921"}],"wp:term":[{"taxonomy":"product_brand","embeddable":true,"href":"https:\/\/roveyayinevi.com.tr\/index.php\/wp-json\/wp\/v2\/product_brand?post=701921"},{"taxonomy":"product_cat","embeddable":true,"href":"https:\/\/roveyayinevi.com.tr\/index.php\/wp-json\/wp\/v2\/product_cat?post=701921"},{"taxonomy":"product_tag","embeddable":true,"href":"https:\/\/roveyayinevi.com.tr\/index.php\/wp-json\/wp\/v2\/product_tag?post=701921"}],"curies":[{"name":"wp","href":"https:\/\/api.w.org\/{rel}","templated":true}]}}