{"id":701916,"date":"2025-08-27T15:12:43","date_gmt":"2025-08-27T12:12:43","guid":{"rendered":"https:\/\/roveyayinevi.com.tr\/index.php\/urun\/osmanli-kultur-tarihinin-bilinmeyenleri\/"},"modified":"2026-04-16T02:11:17","modified_gmt":"2026-04-15T23:11:17","slug":"osmanli-kultur-tarihinin-bilinmeyenleri","status":"publish","type":"product","link":"https:\/\/roveyayinevi.com.tr\/index.php\/urun\/osmanli-kultur-tarihinin-bilinmeyenleri\/","title":{"rendered":"Osmanl\u0131 K\u00fclt\u00fcr Tarihinin Bilinmeyenleri"},"content":{"rendered":"<p>K\u00fclt\u00fcr ve edebiyat tarihi alan\u0131nda yapt\u0131\u011f\u0131 \u00e7al\u0131\u015fmalarla tan\u0131nan Prof. Dr. \u0130smail E. Er\u00fcnsal, bu kitab\u0131nda y\u0131llar y\u0131l\u0131 zihninde yo\u011furdu\u011fu, \u00e7al\u0131\u015fmalar\u0131 s\u0131ras\u0131nda tespit etti\u011fi, ilm\u00ee \u00e7al\u0131\u015fmalara katk\u0131 sa\u011flayabilece\u011fini d\u00fc\u015f\u00fcnd\u00fc\u011f\u00fc, daha \u00f6nce bilinmeyen belgeleri ve k\u00fclt\u00fcr tarihimizle ilgili baz\u0131 ilgin\u00e7 konular\u0131 okuyucular\u0131yla payla\u015fmaktad\u0131r. Er\u00fcnsal yapt\u0131\u011f\u0131 \u00e7al\u0131\u015fmalarda \u00f6zellikle Osmanl\u0131\u2019dan g\u00fcn\u00fcm\u00fcze kitap k\u00fclt\u00fcr\u00fc, sahaf ve k\u00fct\u00fcphaneler \u00f6zelinde g\u00fcn y\u00fcz\u00fcne \u00e7\u0131kmam\u0131\u015f bir\u00e7ok \u015fer\u2018i sicil, rapor, seyahatname, g\u00fcnl\u00fck kullanm\u0131\u015ft\u0131r. B\u00fcy\u00fck bir ustal\u0131kla yorumlad\u0131\u011f\u0131 bu belgelerin hepsi Osmanl\u0131 entelekt\u00fcel tarihini ayd\u0131nlatan birer me\u015fale olarak literat\u00fcrdeki yerini alm\u0131\u015ft\u0131r. \ufffcTan\u0131t\u0131m Metni<\/p>\n","protected":false},"excerpt":{"rendered":"<p>K\u00fclt\u00fcr ve edebiyat tarihi alan\u0131nda yapt\u0131\u011f\u0131 \u00e7al\u0131\u015fmalarla tan\u0131nan Prof. Dr. \u0130smail E. Er\u00fcnsal, bu kitab\u0131nda y\u0131llar y\u0131l\u0131 zihninde yo\u011furdu\u011fu, \u00e7al\u0131\u015fmalar\u0131 s\u0131ras\u0131nda tespit etti\u011fi, ilm\u00ee \u00e7al\u0131\u015fmalara katk\u0131<span class=\"excerpt-hellip\"> [\u2026]<\/span><\/p>\n","protected":false},"featured_media":0,"template":"","meta":{"_monsterinsights_skip_tracking":false,"_monsterinsights_sitenote_active":false,"_monsterinsights_sitenote_note":"","_monsterinsights_sitenote_category":0},"product_brand":[],"product_cat":[13517,12304],"product_tag":[],"class_list":{"0":"post-701916","1":"product","2":"type-product","3":"status-publish","5":"product_cat-osmanli-tarihi","6":"product_cat-tarih","7":"pa_tur-kitap","8":"pa_yayinevi-timas-yayinlari","9":"pa_yazar-ismail-e-erunsal","11":"first","12":"instock","13":"sale","14":"shipping-taxable","15":"purchasable","16":"product-type-simple"},"_links":{"self":[{"href":"https:\/\/roveyayinevi.com.tr\/index.php\/wp-json\/wp\/v2\/product\/701916","targetHints":{"allow":["GET"]}}],"collection":[{"href":"https:\/\/roveyayinevi.com.tr\/index.php\/wp-json\/wp\/v2\/product"}],"about":[{"href":"https:\/\/roveyayinevi.com.tr\/index.php\/wp-json\/wp\/v2\/types\/product"}],"wp:attachment":[{"href":"https:\/\/roveyayinevi.com.tr\/index.php\/wp-json\/wp\/v2\/media?parent=701916"}],"wp:term":[{"taxonomy":"product_brand","embeddable":true,"href":"https:\/\/roveyayinevi.com.tr\/index.php\/wp-json\/wp\/v2\/product_brand?post=701916"},{"taxonomy":"product_cat","embeddable":true,"href":"https:\/\/roveyayinevi.com.tr\/index.php\/wp-json\/wp\/v2\/product_cat?post=701916"},{"taxonomy":"product_tag","embeddable":true,"href":"https:\/\/roveyayinevi.com.tr\/index.php\/wp-json\/wp\/v2\/product_tag?post=701916"}],"curies":[{"name":"wp","href":"https:\/\/api.w.org\/{rel}","templated":true}]}}