{"id":701915,"date":"2025-08-27T15:12:43","date_gmt":"2025-08-27T12:12:43","guid":{"rendered":"https:\/\/roveyayinevi.com.tr\/index.php\/urun\/intizar\/"},"modified":"2026-04-16T02:11:17","modified_gmt":"2026-04-15T23:11:17","slug":"intizar","status":"publish","type":"product","link":"https:\/\/roveyayinevi.com.tr\/index.php\/urun\/intizar\/","title":{"rendered":"\u0130ntizar"},"content":{"rendered":"<p>Bir a\u015fk ka\u00e7 ki\u015finin hayat\u0131n\u0131 de\u011fi\u015ftirebilir?Arzular\u0131n\u0131n pe\u015finde ko\u015farken savrulup duran hayatlar\u0131n\u0131, ger\u00e7ek bir a\u015fka y\u00fcr\u00fcyerek dindirmek isteyenlerin, hem kendini hem sevdiklerini yakan insanlar\u0131n hik\u00e2yesi&#8230; Yapt\u0131klar\u0131n\u0131n neye mal oldu\u011funu anlay\u0131nca \u00e7\u0131ld\u0131ran bir baba.Ahirete kalan bir a\u015fk\u2026A\u015fklar, \u00fcmitler, hayal k\u0131r\u0131kl\u0131klar\u0131 ve \u00e7\u0131rp\u0131n\u0131\u015flar i\u00e7inde birbirine tutunmaya \u00e7al\u0131\u015fan benliklerin hemen yan\u0131 ba\u015f\u0131m\u0131zda oldu\u011funu g\u00f6steren bir roman\u2026 Nurullah Gen\u00e7&#8217;in y\u0131llard\u0131r yeni bask\u0131s\u0131 yap\u0131lmad\u0131\u011f\u0131 halde eskimeyen, bilenlerin hasretle bekledi\u011fi roman\u0131 \u0130ntiz\u00e2r, g\u00f6zden ge\u00e7irilmi\u015f yeni bask\u0131s\u0131yla yeniden okurlarla bulu\u015fuyor.<\/p>\n","protected":false},"excerpt":{"rendered":"<p>Bir a\u015fk ka\u00e7 ki\u015finin hayat\u0131n\u0131 de\u011fi\u015ftirebilir?Arzular\u0131n\u0131n pe\u015finde ko\u015farken savrulup duran hayatlar\u0131n\u0131, ger\u00e7ek bir a\u015fka y\u00fcr\u00fcyerek dindirmek isteyenlerin, hem kendini hem sevdiklerini yakan insanlar\u0131n hik\u00e2yesi&#8230; Yapt\u0131klar\u0131n\u0131n neye<span class=\"excerpt-hellip\"> [\u2026]<\/span><\/p>\n","protected":false},"featured_media":0,"template":"","meta":{"_monsterinsights_skip_tracking":false,"_monsterinsights_sitenote_active":false,"_monsterinsights_sitenote_note":"","_monsterinsights_sitenote_category":0},"product_brand":[],"product_cat":[12291,12711],"product_tag":[],"class_list":{"0":"post-701915","1":"product","2":"type-product","3":"status-publish","5":"product_cat-edebiyat","6":"product_cat-roman-oyku","7":"pa_cilt-ciltsiz","8":"pa_tur-kitap","9":"pa_yayinevi-timas-yayinlari","10":"pa_yazar-nurullah-genc","12":"first","13":"instock","14":"sale","15":"shipping-taxable","16":"purchasable","17":"product-type-simple"},"_links":{"self":[{"href":"https:\/\/roveyayinevi.com.tr\/index.php\/wp-json\/wp\/v2\/product\/701915","targetHints":{"allow":["GET"]}}],"collection":[{"href":"https:\/\/roveyayinevi.com.tr\/index.php\/wp-json\/wp\/v2\/product"}],"about":[{"href":"https:\/\/roveyayinevi.com.tr\/index.php\/wp-json\/wp\/v2\/types\/product"}],"wp:attachment":[{"href":"https:\/\/roveyayinevi.com.tr\/index.php\/wp-json\/wp\/v2\/media?parent=701915"}],"wp:term":[{"taxonomy":"product_brand","embeddable":true,"href":"https:\/\/roveyayinevi.com.tr\/index.php\/wp-json\/wp\/v2\/product_brand?post=701915"},{"taxonomy":"product_cat","embeddable":true,"href":"https:\/\/roveyayinevi.com.tr\/index.php\/wp-json\/wp\/v2\/product_cat?post=701915"},{"taxonomy":"product_tag","embeddable":true,"href":"https:\/\/roveyayinevi.com.tr\/index.php\/wp-json\/wp\/v2\/product_tag?post=701915"}],"curies":[{"name":"wp","href":"https:\/\/api.w.org\/{rel}","templated":true}]}}