{"id":701914,"date":"2025-08-27T15:12:43","date_gmt":"2025-08-27T12:12:43","guid":{"rendered":"https:\/\/roveyayinevi.com.tr\/index.php\/urun\/benim-dikkatli-yavrum-1\/"},"modified":"2026-04-16T02:11:17","modified_gmt":"2026-04-15T23:11:17","slug":"benim-dikkatli-yavrum-1","status":"publish","type":"product","link":"https:\/\/roveyayinevi.com.tr\/index.php\/urun\/benim-dikkatli-yavrum-1\/","title":{"rendered":"Benim Dikkatli Yavrum &#8211; 1"},"content":{"rendered":"<p>Benim Dikkatli Yavrum isimli dikkat zek\u00e2 kitaplar\u0131m\u0131z, \u00e7ocuklar\u0131m\u0131z\u0131n dikkatini g\u00fc\u00e7lendirmek amac\u0131yla haz\u0131rlanm\u0131\u015f olup, bu \u00e7al\u0131\u015fmalar\u0131m\u0131zla \u00f6\u011frenmeye en a\u00e7\u0131k olduklar\u0131 Okul \u00d6ncesi ve \u0130lkokul y\u0131llar\u0131nda ba\u015far\u0131y\u0131 tatmalar\u0131, tatt\u0131k\u00e7a da \u00f6\u011frenmeye kar\u015f\u0131 motive olmalar\u0131 hedeflenmi\u015ftir. \ufffcTan\u0131t\u0131m Metni<\/p>\n","protected":false},"excerpt":{"rendered":"<p>Benim Dikkatli Yavrum isimli dikkat zek\u00e2 kitaplar\u0131m\u0131z, \u00e7ocuklar\u0131m\u0131z\u0131n dikkatini g\u00fc\u00e7lendirmek amac\u0131yla haz\u0131rlanm\u0131\u015f olup, bu \u00e7al\u0131\u015fmalar\u0131m\u0131zla \u00f6\u011frenmeye en a\u00e7\u0131k olduklar\u0131 Okul \u00d6ncesi ve \u0130lkokul y\u0131llar\u0131nda ba\u015far\u0131y\u0131 tatmalar\u0131,<span class=\"excerpt-hellip\"> [\u2026]<\/span><\/p>\n","protected":false},"featured_media":0,"template":"","meta":{"_monsterinsights_skip_tracking":false,"_monsterinsights_sitenote_active":false,"_monsterinsights_sitenote_note":"","_monsterinsights_sitenote_category":0},"product_brand":[],"product_cat":[12274,12631],"product_tag":[],"class_list":{"0":"post-701914","1":"product","2":"type-product","3":"status-publish","5":"product_cat-cocuk-ve-genclik-kitaplari","6":"product_cat-diger-cocuk-ve-genclik-kitaplari","7":"pa_tur-kitap","8":"pa_yayinevi-cinaralti-yayinlari","9":"pa_yazar-zekeriya-guter","11":"first","12":"instock","13":"sale","14":"shipping-taxable","15":"purchasable","16":"product-type-simple"},"_links":{"self":[{"href":"https:\/\/roveyayinevi.com.tr\/index.php\/wp-json\/wp\/v2\/product\/701914","targetHints":{"allow":["GET"]}}],"collection":[{"href":"https:\/\/roveyayinevi.com.tr\/index.php\/wp-json\/wp\/v2\/product"}],"about":[{"href":"https:\/\/roveyayinevi.com.tr\/index.php\/wp-json\/wp\/v2\/types\/product"}],"wp:attachment":[{"href":"https:\/\/roveyayinevi.com.tr\/index.php\/wp-json\/wp\/v2\/media?parent=701914"}],"wp:term":[{"taxonomy":"product_brand","embeddable":true,"href":"https:\/\/roveyayinevi.com.tr\/index.php\/wp-json\/wp\/v2\/product_brand?post=701914"},{"taxonomy":"product_cat","embeddable":true,"href":"https:\/\/roveyayinevi.com.tr\/index.php\/wp-json\/wp\/v2\/product_cat?post=701914"},{"taxonomy":"product_tag","embeddable":true,"href":"https:\/\/roveyayinevi.com.tr\/index.php\/wp-json\/wp\/v2\/product_tag?post=701914"}],"curies":[{"name":"wp","href":"https:\/\/api.w.org\/{rel}","templated":true}]}}