{"id":701912,"date":"2025-08-27T15:12:42","date_gmt":"2025-08-27T12:12:42","guid":{"rendered":"https:\/\/roveyayinevi.com.tr\/index.php\/urun\/buz-yurekler\/"},"modified":"2026-04-16T02:11:17","modified_gmt":"2026-04-15T23:11:17","slug":"buz-yurekler","status":"publish","type":"product","link":"https:\/\/roveyayinevi.com.tr\/index.php\/urun\/buz-yurekler\/","title":{"rendered":"Buz Y\u00fcrekler"},"content":{"rendered":"<p>Y\u00fcz\u00fc dolaba d\u00f6n\u00fckt\u00fc. Kap\u0131n\u0131n e\u015fi\u011finde bir g\u00f6lgenin varl\u0131\u011f\u0131n\u0131 hissedince korkuya kap\u0131ld\u0131. Hemen ka\u00e7\u0131p gitmesi gerekirken yava\u015f ve sessiz ad\u0131mlarla odaya do\u011fru yakla\u015fmaya ba\u015flad\u0131. Kap\u0131ya birka\u00e7 ad\u0131m kala, \u201cKim var orada?\u201d diye seslendi\u2026 <\/p>\n","protected":false},"excerpt":{"rendered":"<p>Y\u00fcz\u00fc dolaba d\u00f6n\u00fckt\u00fc. Kap\u0131n\u0131n e\u015fi\u011finde bir g\u00f6lgenin varl\u0131\u011f\u0131n\u0131 hissedince korkuya kap\u0131ld\u0131. Hemen ka\u00e7\u0131p gitmesi gerekirken yava\u015f ve sessiz ad\u0131mlarla odaya do\u011fru yakla\u015fmaya ba\u015flad\u0131. Kap\u0131ya birka\u00e7 ad\u0131m<span class=\"excerpt-hellip\"> [\u2026]<\/span><\/p>\n","protected":false},"featured_media":0,"template":"","meta":{"_monsterinsights_skip_tracking":false,"_monsterinsights_sitenote_active":false,"_monsterinsights_sitenote_note":"","_monsterinsights_sitenote_category":0},"product_brand":[],"product_cat":[12364],"product_tag":[],"class_list":{"0":"post-701912","1":"product","2":"type-product","3":"status-publish","5":"product_cat-genel-konular","6":"pa_tur-kitap","7":"pa_yayinevi-hayat-yayinlari","8":"pa_yazar-gencosman-denizci","10":"first","11":"instock","12":"sale","13":"shipping-taxable","14":"purchasable","15":"product-type-simple"},"_links":{"self":[{"href":"https:\/\/roveyayinevi.com.tr\/index.php\/wp-json\/wp\/v2\/product\/701912","targetHints":{"allow":["GET"]}}],"collection":[{"href":"https:\/\/roveyayinevi.com.tr\/index.php\/wp-json\/wp\/v2\/product"}],"about":[{"href":"https:\/\/roveyayinevi.com.tr\/index.php\/wp-json\/wp\/v2\/types\/product"}],"wp:attachment":[{"href":"https:\/\/roveyayinevi.com.tr\/index.php\/wp-json\/wp\/v2\/media?parent=701912"}],"wp:term":[{"taxonomy":"product_brand","embeddable":true,"href":"https:\/\/roveyayinevi.com.tr\/index.php\/wp-json\/wp\/v2\/product_brand?post=701912"},{"taxonomy":"product_cat","embeddable":true,"href":"https:\/\/roveyayinevi.com.tr\/index.php\/wp-json\/wp\/v2\/product_cat?post=701912"},{"taxonomy":"product_tag","embeddable":true,"href":"https:\/\/roveyayinevi.com.tr\/index.php\/wp-json\/wp\/v2\/product_tag?post=701912"}],"curies":[{"name":"wp","href":"https:\/\/api.w.org\/{rel}","templated":true}]}}