{"id":701911,"date":"2025-08-27T15:12:42","date_gmt":"2025-08-27T12:12:42","guid":{"rendered":"https:\/\/roveyayinevi.com.tr\/index.php\/urun\/100-soruda-ilkellerde-din-buyu-sanat-efsane\/"},"modified":"2026-04-16T02:11:17","modified_gmt":"2026-04-15T23:11:17","slug":"100-soruda-ilkellerde-din-buyu-sanat-efsane","status":"publish","type":"product","link":"https:\/\/roveyayinevi.com.tr\/index.php\/urun\/100-soruda-ilkellerde-din-buyu-sanat-efsane\/","title":{"rendered":"100 Soruda \u0130lkellerde Din, B\u00fcy\u00fc, Sanat, Efsane"},"content":{"rendered":"<p>\u0130lkelerin d\u00fc\u015f\u00fcn\u00fc\u015f duyu\u015f ve davran\u0131\u015flar\u0131n\u0131n \u00e7o\u011fu zaman bizimkinden farkl\u0131 olu\u015fu , onlar\u0131n inan\u00e7 d\u00fcnyalar\u0131n\u0131 bi\u00e7imlendirmektedir. \u0130lkel insan do\u011fa kar\u015f\u0131s\u0131ndaki sava\u015f\u0131nda , teknik yetersizli\u011fini ve \u00e7aresizli\u011fini din, b\u00fcy\u00fc ve dinin buyru\u011fundaki sanatla gidermek istemi\u015f; evrenin , olu\u015fum s\u0131rlar\u0131n\u0131da bir \u00e7e\u015fit &#8220;bilim \u00f6ncesi bilim&#8221; olan efsane ile a\u00e7\u0131klamaya \u00e7al\u0131\u015fm\u0131\u015ft\u0131r. Bunun i\u00e7indir ki , kitapta , b\u00fcy\u00fc , sanat ve efsane , dinsel alan\u0131 tamamlay\u0131c\u0131 b\u00f6l\u00fcmler olarak ele al\u0131nm\u0131\u015ft\u0131r. Bu kitap , ilkel diye nitelenen halklar\u0131n inan\u00e7 d\u00fcnyalar\u0131n\u0131 , b\u00fcy\u00fclerini , sanatlar\u0131n\u0131 ve efsanelerini bir b\u00fct\u00fcn i\u00e7inde ele al\u0131p , sistemli bir bi\u00e7imde a\u00e7\u0131klamaya \u00e7al\u0131\u015fan dilimizdeki ilk denemedir. Yine de , sosyal ve manevi bilimlerin \u00e7e\u015fitli dallar\u0131nda \u00f6\u011frenim yapanlarla , konuya ilgi duyan okuyucuya yararl\u0131 olaca\u011f\u0131na inan\u0131yorum. <\/p>\n","protected":false},"excerpt":{"rendered":"<p>\u0130lkelerin d\u00fc\u015f\u00fcn\u00fc\u015f duyu\u015f ve davran\u0131\u015flar\u0131n\u0131n \u00e7o\u011fu zaman bizimkinden farkl\u0131 olu\u015fu , onlar\u0131n inan\u00e7 d\u00fcnyalar\u0131n\u0131 bi\u00e7imlendirmektedir. \u0130lkel insan do\u011fa kar\u015f\u0131s\u0131ndaki sava\u015f\u0131nda , teknik yetersizli\u011fini ve \u00e7aresizli\u011fini din,<span class=\"excerpt-hellip\"> [\u2026]<\/span><\/p>\n","protected":false},"featured_media":0,"template":"","meta":{"_monsterinsights_skip_tracking":false,"_monsterinsights_sitenote_active":false,"_monsterinsights_sitenote_note":"","_monsterinsights_sitenote_category":0},"product_brand":[],"product_cat":[12777,12291],"product_tag":[],"class_list":{"0":"post-701911","1":"product","2":"type-product","3":"status-publish","5":"product_cat-deneme","6":"product_cat-edebiyat","7":"pa_cilt-ciltsiz","8":"pa_tur-kitap","9":"pa_yayinevi-bilgesu-yayincilik","10":"pa_yazar-sedat-veyis-ornek","12":"first","13":"instock","14":"sale","15":"shipping-taxable","16":"purchasable","17":"product-type-simple"},"_links":{"self":[{"href":"https:\/\/roveyayinevi.com.tr\/index.php\/wp-json\/wp\/v2\/product\/701911","targetHints":{"allow":["GET"]}}],"collection":[{"href":"https:\/\/roveyayinevi.com.tr\/index.php\/wp-json\/wp\/v2\/product"}],"about":[{"href":"https:\/\/roveyayinevi.com.tr\/index.php\/wp-json\/wp\/v2\/types\/product"}],"wp:attachment":[{"href":"https:\/\/roveyayinevi.com.tr\/index.php\/wp-json\/wp\/v2\/media?parent=701911"}],"wp:term":[{"taxonomy":"product_brand","embeddable":true,"href":"https:\/\/roveyayinevi.com.tr\/index.php\/wp-json\/wp\/v2\/product_brand?post=701911"},{"taxonomy":"product_cat","embeddable":true,"href":"https:\/\/roveyayinevi.com.tr\/index.php\/wp-json\/wp\/v2\/product_cat?post=701911"},{"taxonomy":"product_tag","embeddable":true,"href":"https:\/\/roveyayinevi.com.tr\/index.php\/wp-json\/wp\/v2\/product_tag?post=701911"}],"curies":[{"name":"wp","href":"https:\/\/api.w.org\/{rel}","templated":true}]}}