{"id":701907,"date":"2025-08-27T15:12:40","date_gmt":"2025-08-27T12:12:40","guid":{"rendered":"https:\/\/roveyayinevi.com.tr\/index.php\/urun\/turkiye-sosyalist-solu-kitabi-2\/"},"modified":"2026-04-16T02:11:17","modified_gmt":"2026-04-15T23:11:17","slug":"turkiye-sosyalist-solu-kitabi-2","status":"publish","type":"product","link":"https:\/\/roveyayinevi.com.tr\/index.php\/urun\/turkiye-sosyalist-solu-kitabi-2\/","title":{"rendered":"T\u00fcrkiye Sosyalist Solu Kitab\u0131 &#8211; 2"},"content":{"rendered":"<p>T\u00fcrkiye Sosyalist Solu Kitab\u0131 1: 20&#8217;lerden 70&#8217;lere Se\u00e7me Metinler&#8217;de T\u00fcrkiye sosyalist hareketinin, do\u011fu\u015fundan ba\u015flay\u0131p 70&#8217;lere dek uzanan zaman dilimi i\u00e7erisinde ya\u015fad\u0131\u011f\u0131 teorik ser\u00fcveni, girdi\u011fi farkl\u0131 y\u00f6nelimleri yans\u0131tan temel metinleri bir araya getirmi\u015ftik. Birinci kitab\u0131n b\u0131rakt\u0131\u011f\u0131 yerden devam eden bu cilt ise 74-80 aras\u0131 d\u00f6nemde ortaya \u00e7\u0131kan ve bir \u00f6nceki d\u00f6nemle olan s\u00fcreklilik ve kopu\u015flar\u0131 kendilerinde cisimle\u015ftiren sosyalist \u00f6rg\u00fct ve yap\u0131lar\u0131n varolu\u015f nedenlerini belirtik k\u0131lan -en az\u0131ndan \u00f6yle oldu\u011funu d\u00fc\u015f\u00fcnd\u00fc\u011f\u00fcm\u00fcz- metinleri i\u00e7eriyor. Kitapta, T\u00fcrkiye sosyalist solunun 12 Mart sonras\u0131ndan 80&#8217;e de\u011fin neler ya\u015fad\u0131\u011f\u0131n\u0131, sosyalist d\u00fc\u015f\u00fcncenin bu d\u00f6nemde ne gibi aray\u0131\u015flara girdi\u011fini, sosyalist gruplar\u0131n hangi ba\u011flamlarda birbirinden farkl\u0131la\u015ft\u0131\u011f\u0131n\u0131 yans\u0131tan metinlere yer vermeye \u00e7al\u0131\u015ft\u0131k. Kendilerine farkl\u0131 politik-ideolojik hatlar belirleyen gruplar\u0131n bunu temellendirme kapsam\u0131nda Marksizmi -ve Leninizmi- nas\u0131l alg\u0131lad\u0131klar\u0131na a\u00e7\u0131kl\u0131k getirmek de ba\u015fl\u0131ca ama\u00e7lar\u0131m\u0131zdan biri oldu. TS\u0130P, T\u0130P, TKP, SDP, TEP, T\u0130KP, MLSPB, TEKP, Partizan\/TKP-ML, T\u0130KB, Acil, Halk\u0131n Yolu, Kurtulu\u015f, Devrimci Yol, Birikim, Devrimci Sol, Halk\u0131n Kurtulu\u015fu, Halk\u0131n Birli\u011fi TKP-ML Hareketi&#8230; <\/p>\n","protected":false},"excerpt":{"rendered":"<p>T\u00fcrkiye Sosyalist Solu Kitab\u0131 1: 20&#8217;lerden 70&#8217;lere Se\u00e7me Metinler&#8217;de T\u00fcrkiye sosyalist hareketinin, do\u011fu\u015fundan ba\u015flay\u0131p 70&#8217;lere dek uzanan zaman dilimi i\u00e7erisinde ya\u015fad\u0131\u011f\u0131 teorik ser\u00fcveni, girdi\u011fi farkl\u0131 y\u00f6nelimleri<span class=\"excerpt-hellip\"> [\u2026]<\/span><\/p>\n","protected":false},"featured_media":0,"template":"","meta":{"_monsterinsights_skip_tracking":false,"_monsterinsights_sitenote_active":false,"_monsterinsights_sitenote_note":"","_monsterinsights_sitenote_category":0},"product_brand":[],"product_cat":[12965,12337],"product_tag":[],"class_list":{"0":"post-701907","1":"product","2":"type-product","3":"status-publish","5":"product_cat-genel-politika","6":"product_cat-politika-siyaset","7":"pa_cilt-ciltsiz","8":"pa_tur-kitap","9":"pa_yayinevi-dipnot-yayinlari","10":"pa_yazar-emir-ali-turkmen","11":"pa_yazar-umit-ozger-haz","13":"first","14":"instock","15":"sale","16":"shipping-taxable","17":"purchasable","18":"product-type-simple"},"_links":{"self":[{"href":"https:\/\/roveyayinevi.com.tr\/index.php\/wp-json\/wp\/v2\/product\/701907","targetHints":{"allow":["GET"]}}],"collection":[{"href":"https:\/\/roveyayinevi.com.tr\/index.php\/wp-json\/wp\/v2\/product"}],"about":[{"href":"https:\/\/roveyayinevi.com.tr\/index.php\/wp-json\/wp\/v2\/types\/product"}],"wp:attachment":[{"href":"https:\/\/roveyayinevi.com.tr\/index.php\/wp-json\/wp\/v2\/media?parent=701907"}],"wp:term":[{"taxonomy":"product_brand","embeddable":true,"href":"https:\/\/roveyayinevi.com.tr\/index.php\/wp-json\/wp\/v2\/product_brand?post=701907"},{"taxonomy":"product_cat","embeddable":true,"href":"https:\/\/roveyayinevi.com.tr\/index.php\/wp-json\/wp\/v2\/product_cat?post=701907"},{"taxonomy":"product_tag","embeddable":true,"href":"https:\/\/roveyayinevi.com.tr\/index.php\/wp-json\/wp\/v2\/product_tag?post=701907"}],"curies":[{"name":"wp","href":"https:\/\/api.w.org\/{rel}","templated":true}]}}