{"id":701901,"date":"2025-08-27T15:12:38","date_gmt":"2025-08-27T12:12:38","guid":{"rendered":"https:\/\/roveyayinevi.com.tr\/index.php\/urun\/gorunmeyen-ordular\/"},"modified":"2026-04-16T02:11:17","modified_gmt":"2026-04-15T23:11:17","slug":"gorunmeyen-ordular","status":"publish","type":"product","link":"https:\/\/roveyayinevi.com.tr\/index.php\/urun\/gorunmeyen-ordular\/","title":{"rendered":"G\u00f6r\u00fcnmeyen Ordular"},"content":{"rendered":"<p>4000 y\u0131ld\u0131r varl\u0131\u011f\u0131n\u0131 d\u00fcnyan\u0131n bir\u00e7ok co\u011frafyas\u0131nda s\u00fcrd\u00fcren gerilla sava\u015flar\u0131n\u0131, derinlemesine bir ara\u015ft\u0131rmayla inceleyen akademisyen Max Boot, y\u00fczy\u0131llar boyunca s\u00fcren m\u00fccadelelerin ba\u015far\u0131l\u0131 sonu\u00e7lar\u0131n\u0131, ba\u015far\u0131s\u0131z \u00e7\u0131kar\u0131mlar\u0131n\u0131 ve tarihe y\u00f6n veren etkilerini G\u00f6r\u00fcnmeyen Ordular&#8217;da g\u00f6zler \u00f6n\u00fcne seriyor. <\/p>\n","protected":false},"excerpt":{"rendered":"<p>4000 y\u0131ld\u0131r varl\u0131\u011f\u0131n\u0131 d\u00fcnyan\u0131n bir\u00e7ok co\u011frafyas\u0131nda s\u00fcrd\u00fcren gerilla sava\u015flar\u0131n\u0131, derinlemesine bir ara\u015ft\u0131rmayla inceleyen akademisyen Max Boot, y\u00fczy\u0131llar boyunca s\u00fcren m\u00fccadelelerin ba\u015far\u0131l\u0131 sonu\u00e7lar\u0131n\u0131, ba\u015far\u0131s\u0131z \u00e7\u0131kar\u0131mlar\u0131n\u0131 ve tarihe<span class=\"excerpt-hellip\"> [\u2026]<\/span><\/p>\n","protected":false},"featured_media":0,"template":"","meta":{"_monsterinsights_skip_tracking":false,"_monsterinsights_sitenote_active":false,"_monsterinsights_sitenote_note":"","_monsterinsights_sitenote_category":0},"product_brand":[],"product_cat":[12305,12304],"product_tag":[],"class_list":{"0":"post-701901","1":"product","2":"type-product","3":"status-publish","5":"product_cat-dunya-tarihi","6":"product_cat-tarih","7":"pa_cilt-ciltsiz","8":"pa_tur-kitap","9":"pa_yayinevi-inkilap-kitabevi","10":"pa_yazar-max-boot","12":"first","13":"instock","14":"sale","15":"shipping-taxable","16":"purchasable","17":"product-type-simple"},"_links":{"self":[{"href":"https:\/\/roveyayinevi.com.tr\/index.php\/wp-json\/wp\/v2\/product\/701901","targetHints":{"allow":["GET"]}}],"collection":[{"href":"https:\/\/roveyayinevi.com.tr\/index.php\/wp-json\/wp\/v2\/product"}],"about":[{"href":"https:\/\/roveyayinevi.com.tr\/index.php\/wp-json\/wp\/v2\/types\/product"}],"wp:attachment":[{"href":"https:\/\/roveyayinevi.com.tr\/index.php\/wp-json\/wp\/v2\/media?parent=701901"}],"wp:term":[{"taxonomy":"product_brand","embeddable":true,"href":"https:\/\/roveyayinevi.com.tr\/index.php\/wp-json\/wp\/v2\/product_brand?post=701901"},{"taxonomy":"product_cat","embeddable":true,"href":"https:\/\/roveyayinevi.com.tr\/index.php\/wp-json\/wp\/v2\/product_cat?post=701901"},{"taxonomy":"product_tag","embeddable":true,"href":"https:\/\/roveyayinevi.com.tr\/index.php\/wp-json\/wp\/v2\/product_tag?post=701901"}],"curies":[{"name":"wp","href":"https:\/\/api.w.org\/{rel}","templated":true}]}}