{"id":701900,"date":"2025-08-27T15:12:38","date_gmt":"2025-08-27T12:12:38","guid":{"rendered":"https:\/\/roveyayinevi.com.tr\/index.php\/urun\/ey-travma-bizden-uzak-dur\/"},"modified":"2026-04-16T02:11:17","modified_gmt":"2026-04-15T23:11:17","slug":"ey-travma-bizden-uzak-dur","status":"publish","type":"product","link":"https:\/\/roveyayinevi.com.tr\/index.php\/urun\/ey-travma-bizden-uzak-dur\/","title":{"rendered":"Ey Travma Bizden Uzak Dur!"},"content":{"rendered":"<p>\u00c7ocuklar\u0131n ya\u015fad\u0131klar\u0131 korkutucu ve sars\u0131c\u0131 olaylardan sonra \u201ctoparlanmalar\u0131na\u201d yard\u0131mc\u0131 olacak, basit ama g\u00fc\u00e7l\u00fc \u00e7\u00f6z\u00fcmler\u2026 \ufffcTan\u0131t\u0131m Metni<\/p>\n","protected":false},"excerpt":{"rendered":"<p>\u00c7ocuklar\u0131n ya\u015fad\u0131klar\u0131 korkutucu ve sars\u0131c\u0131 olaylardan sonra \u201ctoparlanmalar\u0131na\u201d yard\u0131mc\u0131 olacak, basit ama g\u00fc\u00e7l\u00fc \u00e7\u00f6z\u00fcmler\u2026 \ufffcTan\u0131t\u0131m Metni<\/p>\n","protected":false},"featured_media":0,"template":"","meta":{"_monsterinsights_skip_tracking":false,"_monsterinsights_sitenote_active":false,"_monsterinsights_sitenote_note":"","_monsterinsights_sitenote_category":0},"product_brand":[],"product_cat":[24520,13365],"product_tag":[],"class_list":{"0":"post-701900","1":"product","2":"type-product","3":"status-publish","5":"product_cat-aile-sagligi","6":"product_cat-saglik","7":"pa_tur-kitap","8":"pa_yayinevi-dogan-kitap","9":"pa_yazar-peter-a-levine","11":"first","12":"instock","13":"sale","14":"shipping-taxable","15":"purchasable","16":"product-type-simple"},"_links":{"self":[{"href":"https:\/\/roveyayinevi.com.tr\/index.php\/wp-json\/wp\/v2\/product\/701900","targetHints":{"allow":["GET"]}}],"collection":[{"href":"https:\/\/roveyayinevi.com.tr\/index.php\/wp-json\/wp\/v2\/product"}],"about":[{"href":"https:\/\/roveyayinevi.com.tr\/index.php\/wp-json\/wp\/v2\/types\/product"}],"wp:attachment":[{"href":"https:\/\/roveyayinevi.com.tr\/index.php\/wp-json\/wp\/v2\/media?parent=701900"}],"wp:term":[{"taxonomy":"product_brand","embeddable":true,"href":"https:\/\/roveyayinevi.com.tr\/index.php\/wp-json\/wp\/v2\/product_brand?post=701900"},{"taxonomy":"product_cat","embeddable":true,"href":"https:\/\/roveyayinevi.com.tr\/index.php\/wp-json\/wp\/v2\/product_cat?post=701900"},{"taxonomy":"product_tag","embeddable":true,"href":"https:\/\/roveyayinevi.com.tr\/index.php\/wp-json\/wp\/v2\/product_tag?post=701900"}],"curies":[{"name":"wp","href":"https:\/\/api.w.org\/{rel}","templated":true}]}}