{"id":701894,"date":"2025-08-27T15:12:36","date_gmt":"2025-08-27T12:12:36","guid":{"rendered":"https:\/\/roveyayinevi.com.tr\/index.php\/urun\/kopru-altindaki-aile\/"},"modified":"2026-04-16T02:11:17","modified_gmt":"2026-04-15T23:11:17","slug":"kopru-altindaki-aile","status":"publish","type":"product","link":"https:\/\/roveyayinevi.com.tr\/index.php\/urun\/kopru-altindaki-aile\/","title":{"rendered":"K\u00f6pr\u00fc Alt\u0131ndaki Aile"},"content":{"rendered":"<p>1959&#8217;da Newbery Onur \u00d6d\u00fcl\u00fc&#8217;ne lay\u0131k g\u00f6r\u00fclen s\u0131cac\u0131k bir aile \u00f6yk\u00fcs\u00fc&#8230; Armand, yokluk i\u00e7inde ya\u015famay\u0131 \u00f6\u011frenmi\u015f bir evsizdir. Hayat\u0131n\u0131 dilenerek ve tuhaf i\u015fler yaparak kazan\u0131r. \u00dcstelik bu dertsiz tasas\u0131z hayat\u0131ndan da epey memnundur. Neden olmas\u0131n ki? Bir kere h\u0131rs\u0131zlar\u0131 dert etmesine hi\u00e7 gerek yoktur, \u00e7\u00fcnk\u00fc b\u00fct\u00fcn var\u0131 yo\u011fu bir bebek arabas\u0131n\u0131 ancak doldurur. B\u00fct\u00fcn Paris sokaklar\u0131 onun evi oldu\u011fundan kira \u00f6demek gibi bir derdi de yoktur. Ailesi olmad\u0131\u011f\u0131ndan kimseyi merak etmesi gerekmez. Kimseleri de istemez zaten. Hele de \u00e7ocuklar\u0131. O yerinde duramayan k\u00fc\u00e7\u00fck \u00e7ekirge ku\u015flar\u0131na hi\u00e7 mi hi\u00e7 tahamm\u00fcl\u00fc yoktur. Kalbini g\u00fczelce saklamazsa bu minik haylazlar\u0131n ne yap\u0131p edip onu \u00e7alaca\u011f\u0131ndan korkar. Ama \u00e7ocuk demek ev, i\u015f, sorumluluk demektir; Armand ise macera arar. Onun i\u00e7in de ne zaman bir \u00e7ocuk g\u00f6rse kalbinin \u00fczerini kal\u0131n y\u00fcn paltosuyla s\u0131k\u0131 s\u0131k\u0131 \u00f6rter. Derken so\u011fuk bir k\u0131\u015f g\u00fcn\u00fc \u00fc\u00e7 k\u00fc\u00e7\u00fck \u00e7ocuk girer hayat\u0131na. Anneleriyle birlikte sokaklarda kalm\u0131\u015f \u00fc\u00e7 evsiz \u00e7ocuk. Ve Armand&#8217;un korktu\u011fu ba\u015f\u0131na gelir. Bu \u00fc\u00e7 k\u00fc\u00e7\u00fck \u00e7ekirge ku\u015fu onun o \u00f6zenle saklad\u0131\u011f\u0131 kalbini \u00e7al\u0131verir. Ve o g\u00fcne dek kimse i\u00e7in endi\u015felenmemi\u015f avare Armand ona s\u0131\u011f\u0131nan bu bi\u00e7are aileye kol kanat gerer.<\/p>\n","protected":false},"excerpt":{"rendered":"<p>1959&#8217;da Newbery Onur \u00d6d\u00fcl\u00fc&#8217;ne lay\u0131k g\u00f6r\u00fclen s\u0131cac\u0131k bir aile \u00f6yk\u00fcs\u00fc&#8230; Armand, yokluk i\u00e7inde ya\u015famay\u0131 \u00f6\u011frenmi\u015f bir evsizdir. Hayat\u0131n\u0131 dilenerek ve tuhaf i\u015fler yaparak kazan\u0131r. \u00dcstelik bu<span class=\"excerpt-hellip\"> [\u2026]<\/span><\/p>\n","protected":false},"featured_media":0,"template":"","meta":{"_monsterinsights_skip_tracking":false,"_monsterinsights_sitenote_active":false,"_monsterinsights_sitenote_note":"","_monsterinsights_sitenote_category":0},"product_brand":[],"product_cat":[12891,12291],"product_tag":[],"class_list":{"0":"post-701894","1":"product","2":"type-product","3":"status-publish","5":"product_cat-amerikan-edebiyati","6":"product_cat-edebiyat","7":"pa_cilt-ciltsiz","8":"pa_tur-kitap","9":"pa_yayinevi-beyaz-balina-yayinlari","10":"pa_yazar-natalie-savage-carlson","12":"first","13":"instock","14":"sale","15":"shipping-taxable","16":"purchasable","17":"product-type-simple"},"_links":{"self":[{"href":"https:\/\/roveyayinevi.com.tr\/index.php\/wp-json\/wp\/v2\/product\/701894","targetHints":{"allow":["GET"]}}],"collection":[{"href":"https:\/\/roveyayinevi.com.tr\/index.php\/wp-json\/wp\/v2\/product"}],"about":[{"href":"https:\/\/roveyayinevi.com.tr\/index.php\/wp-json\/wp\/v2\/types\/product"}],"wp:attachment":[{"href":"https:\/\/roveyayinevi.com.tr\/index.php\/wp-json\/wp\/v2\/media?parent=701894"}],"wp:term":[{"taxonomy":"product_brand","embeddable":true,"href":"https:\/\/roveyayinevi.com.tr\/index.php\/wp-json\/wp\/v2\/product_brand?post=701894"},{"taxonomy":"product_cat","embeddable":true,"href":"https:\/\/roveyayinevi.com.tr\/index.php\/wp-json\/wp\/v2\/product_cat?post=701894"},{"taxonomy":"product_tag","embeddable":true,"href":"https:\/\/roveyayinevi.com.tr\/index.php\/wp-json\/wp\/v2\/product_tag?post=701894"}],"curies":[{"name":"wp","href":"https:\/\/api.w.org\/{rel}","templated":true}]}}