{"id":701891,"date":"2025-08-27T15:12:35","date_gmt":"2025-08-27T12:12:35","guid":{"rendered":"https:\/\/roveyayinevi.com.tr\/index.php\/urun\/aydaki-dede\/"},"modified":"2026-04-16T02:11:17","modified_gmt":"2026-04-15T23:11:17","slug":"aydaki-dede","status":"publish","type":"product","link":"https:\/\/roveyayinevi.com.tr\/index.php\/urun\/aydaki-dede\/","title":{"rendered":"Ay&#8217;daki Dede"},"content":{"rendered":"<p>2014\u2019\u00fcn eyl\u00fcnde ilk kitab\u0131 Aram\u0131zda Beyaz Bir \u00c7izgi YKY\u2019nin Do\u011fan Karde\u015f dizisinden yay\u0131mlanan \u00c7i\u011fdem Kaplang\u0131\u2019dan bir kitap daha geldi: Ay\u2019daki Dede&#8230;<\/p>\n","protected":false},"excerpt":{"rendered":"<p>2014\u2019\u00fcn eyl\u00fcnde ilk kitab\u0131 Aram\u0131zda Beyaz Bir \u00c7izgi YKY\u2019nin Do\u011fan Karde\u015f dizisinden yay\u0131mlanan \u00c7i\u011fdem Kaplang\u0131\u2019dan bir kitap daha geldi: Ay\u2019daki Dede&#8230;<\/p>\n","protected":false},"featured_media":0,"template":"","meta":{"_monsterinsights_skip_tracking":false,"_monsterinsights_sitenote_active":false,"_monsterinsights_sitenote_note":"","_monsterinsights_sitenote_category":0},"product_brand":[],"product_cat":[12274,12284],"product_tag":[],"class_list":{"0":"post-701891","1":"product","2":"type-product","3":"status-publish","5":"product_cat-cocuk-ve-genclik-kitaplari","6":"product_cat-hikayeler","7":"pa_cilt-ciltsiz","8":"pa_tur-kitap","9":"pa_yayinevi-yapi-kredi-yayinlari","10":"pa_yazar-cigdem-kaplangi","12":"first","13":"instock","14":"sale","15":"shipping-taxable","16":"purchasable","17":"product-type-simple"},"_links":{"self":[{"href":"https:\/\/roveyayinevi.com.tr\/index.php\/wp-json\/wp\/v2\/product\/701891","targetHints":{"allow":["GET"]}}],"collection":[{"href":"https:\/\/roveyayinevi.com.tr\/index.php\/wp-json\/wp\/v2\/product"}],"about":[{"href":"https:\/\/roveyayinevi.com.tr\/index.php\/wp-json\/wp\/v2\/types\/product"}],"wp:attachment":[{"href":"https:\/\/roveyayinevi.com.tr\/index.php\/wp-json\/wp\/v2\/media?parent=701891"}],"wp:term":[{"taxonomy":"product_brand","embeddable":true,"href":"https:\/\/roveyayinevi.com.tr\/index.php\/wp-json\/wp\/v2\/product_brand?post=701891"},{"taxonomy":"product_cat","embeddable":true,"href":"https:\/\/roveyayinevi.com.tr\/index.php\/wp-json\/wp\/v2\/product_cat?post=701891"},{"taxonomy":"product_tag","embeddable":true,"href":"https:\/\/roveyayinevi.com.tr\/index.php\/wp-json\/wp\/v2\/product_tag?post=701891"}],"curies":[{"name":"wp","href":"https:\/\/api.w.org\/{rel}","templated":true}]}}