{"id":701889,"date":"2025-08-27T15:12:34","date_gmt":"2025-08-27T12:12:34","guid":{"rendered":"https:\/\/roveyayinevi.com.tr\/index.php\/urun\/anayasal-gelisme-tezleri\/"},"modified":"2026-04-16T02:11:17","modified_gmt":"2026-04-15T23:11:17","slug":"anayasal-gelisme-tezleri","status":"publish","type":"product","link":"https:\/\/roveyayinevi.com.tr\/index.php\/urun\/anayasal-gelisme-tezleri\/","title":{"rendered":"Anayasal Geli\u015fme Tezleri"},"content":{"rendered":"<p>B\u00fclent Tan\u00f6r&#8217;\u00fcn 1977 Yunus Nadi Yar\u0131\u015fmas\u0131na kat\u0131lmak i\u00e7in yazd\u0131\u011f\u0131 Anayasal Geli\u015fme Tezleri 100 y\u0131l\u0131 a\u015fk\u0131n bir s\u00fcreyi kapsayan anayasal geli\u015fmelerimiz konusunda \u00f6nerilmi\u015f \u00e7\u00f6z\u00fcmlerin bir d\u00f6k\u00fcm\u00fc sunuyor. Ancak, bu d\u00f6k\u00fcm basit bir sergilemeden ibaret say\u0131lamaz, \u00e7\u00fcnk\u00fc   anayasal geli\u015fme tezi  yle anlat\u0131lmak istenen sadece anayasa geli\u015fmeleriyle ilgili yorumlar de\u011fildir.   Anayasal   ifadesinin anayasay\u0131 a\u015fan, toplumsal ve siyasal geli\u015fmeleri de i\u00e7ine alan bir anlam\u0131 ve kapsam\u0131 vard\u0131r. Bu nedenle, ele al\u0131nan g\u00f6r\u00fc\u015flerin aktar\u0131lmas\u0131nda sadece hukuki de\u011fil, bu g\u00f6r\u00fc\u015flerin \u00e7er\u00e7evesini olu\u015fturan toplumsal ve siyasal yorumlara da yer verilmi\u015ftir. <\/p>\n","protected":false},"excerpt":{"rendered":"<p>B\u00fclent Tan\u00f6r&#8217;\u00fcn 1977 Yunus Nadi Yar\u0131\u015fmas\u0131na kat\u0131lmak i\u00e7in yazd\u0131\u011f\u0131 Anayasal Geli\u015fme Tezleri 100 y\u0131l\u0131 a\u015fk\u0131n bir s\u00fcreyi kapsayan anayasal geli\u015fmelerimiz konusunda \u00f6nerilmi\u015f \u00e7\u00f6z\u00fcmlerin bir d\u00f6k\u00fcm\u00fc sunuyor.<span class=\"excerpt-hellip\"> [\u2026]<\/span><\/p>\n","protected":false},"featured_media":0,"template":"","meta":{"_monsterinsights_skip_tracking":false,"_monsterinsights_sitenote_active":false,"_monsterinsights_sitenote_note":"","_monsterinsights_sitenote_category":0},"product_brand":[],"product_cat":[15351,15350],"product_tag":[],"class_list":{"0":"post-701889","1":"product","2":"type-product","3":"status-publish","5":"product_cat-ders-kitaplari","6":"product_cat-hukuk","7":"pa_cilt-ciltsiz","8":"pa_tur-kitap","9":"pa_yayinevi-yapi-kredi-yayinlari","10":"pa_yazar-bulent-tanor","12":"first","13":"instock","14":"sale","15":"shipping-taxable","16":"purchasable","17":"product-type-simple"},"_links":{"self":[{"href":"https:\/\/roveyayinevi.com.tr\/index.php\/wp-json\/wp\/v2\/product\/701889","targetHints":{"allow":["GET"]}}],"collection":[{"href":"https:\/\/roveyayinevi.com.tr\/index.php\/wp-json\/wp\/v2\/product"}],"about":[{"href":"https:\/\/roveyayinevi.com.tr\/index.php\/wp-json\/wp\/v2\/types\/product"}],"wp:attachment":[{"href":"https:\/\/roveyayinevi.com.tr\/index.php\/wp-json\/wp\/v2\/media?parent=701889"}],"wp:term":[{"taxonomy":"product_brand","embeddable":true,"href":"https:\/\/roveyayinevi.com.tr\/index.php\/wp-json\/wp\/v2\/product_brand?post=701889"},{"taxonomy":"product_cat","embeddable":true,"href":"https:\/\/roveyayinevi.com.tr\/index.php\/wp-json\/wp\/v2\/product_cat?post=701889"},{"taxonomy":"product_tag","embeddable":true,"href":"https:\/\/roveyayinevi.com.tr\/index.php\/wp-json\/wp\/v2\/product_tag?post=701889"}],"curies":[{"name":"wp","href":"https:\/\/api.w.org\/{rel}","templated":true}]}}