{"id":701886,"date":"2025-08-27T15:12:33","date_gmt":"2025-08-27T12:12:33","guid":{"rendered":"https:\/\/roveyayinevi.com.tr\/index.php\/urun\/metis-bilim-dizisi-19-fizik-askina\/"},"modified":"2026-04-16T02:11:16","modified_gmt":"2026-04-15T23:11:16","slug":"metis-bilim-dizisi-19-fizik-askina","status":"publish","type":"product","link":"https:\/\/roveyayinevi.com.tr\/index.php\/urun\/metis-bilim-dizisi-19-fizik-askina\/","title":{"rendered":"Metis Bilim Dizisi 19 &#8211; Fizik A\u015fk\u0131na"},"content":{"rendered":"<p>\u00c7o\u011fumuzun fizikle aras\u0131 pek iyi de\u011fildir: Fizi\u011fi ger\u00e7ek hayat la ba\u011flant\u0131s\u0131z bir dizi karma\u015f\u0131k form\u00fclden ibaret g\u00f6r\u00fcr, dolay\u0131s\u0131yla anla\u015f\u0131lmaz, \u00fcrk\u00fct\u00fcc\u00fc, s\u0131k\u0131c\u0131 buluruz. Bu sorunun gayet iyi fark\u0131nda olan Hollandal\u0131 g\u00f6k fizik\u00e7isi Walter Lewin, Massachusetts Teknoloji Enstit\u00fcs\u00fc\u2019nde (MIT) ders verdi\u011fi k\u0131rk \u00fc\u00e7 y\u0131l boyunca, kendini \u00f6\u011frencilerine fizi\u011fin asl\u0131nda hi\u00e7 de sand\u0131klar\u0131 gibi olmad\u0131\u011f\u0131n\u0131 g\u00f6stermeye adam\u0131\u015f ve bu konuda \u00e7ok da ba\u015far\u0131l\u0131 olmu\u015f.  <\/p>\n","protected":false},"excerpt":{"rendered":"<p>\u00c7o\u011fumuzun fizikle aras\u0131 pek iyi de\u011fildir: Fizi\u011fi ger\u00e7ek hayat la ba\u011flant\u0131s\u0131z bir dizi karma\u015f\u0131k form\u00fclden ibaret g\u00f6r\u00fcr, dolay\u0131s\u0131yla anla\u015f\u0131lmaz, \u00fcrk\u00fct\u00fcc\u00fc, s\u0131k\u0131c\u0131 buluruz. Bu sorunun gayet iyi<span class=\"excerpt-hellip\"> [\u2026]<\/span><\/p>\n","protected":false},"featured_media":0,"template":"","meta":{"_monsterinsights_skip_tracking":false,"_monsterinsights_sitenote_active":false,"_monsterinsights_sitenote_note":"","_monsterinsights_sitenote_category":0},"product_brand":[],"product_cat":[22249,13527],"product_tag":[],"class_list":{"0":"post-701886","1":"product","2":"type-product","3":"status-publish","5":"product_cat-bilim","6":"product_cat-sureli-yayinlar","7":"pa_cilt-ciltsiz","8":"pa_tur-kitap","9":"pa_yayinevi-metis-yayinlari","10":"pa_yazar-walter-levin","11":"pa_yazar-warren-goldstein","13":"first","14":"instock","15":"sale","16":"shipping-taxable","17":"purchasable","18":"product-type-simple"},"_links":{"self":[{"href":"https:\/\/roveyayinevi.com.tr\/index.php\/wp-json\/wp\/v2\/product\/701886","targetHints":{"allow":["GET"]}}],"collection":[{"href":"https:\/\/roveyayinevi.com.tr\/index.php\/wp-json\/wp\/v2\/product"}],"about":[{"href":"https:\/\/roveyayinevi.com.tr\/index.php\/wp-json\/wp\/v2\/types\/product"}],"wp:attachment":[{"href":"https:\/\/roveyayinevi.com.tr\/index.php\/wp-json\/wp\/v2\/media?parent=701886"}],"wp:term":[{"taxonomy":"product_brand","embeddable":true,"href":"https:\/\/roveyayinevi.com.tr\/index.php\/wp-json\/wp\/v2\/product_brand?post=701886"},{"taxonomy":"product_cat","embeddable":true,"href":"https:\/\/roveyayinevi.com.tr\/index.php\/wp-json\/wp\/v2\/product_cat?post=701886"},{"taxonomy":"product_tag","embeddable":true,"href":"https:\/\/roveyayinevi.com.tr\/index.php\/wp-json\/wp\/v2\/product_tag?post=701886"}],"curies":[{"name":"wp","href":"https:\/\/api.w.org\/{rel}","templated":true}]}}