{"id":701883,"date":"2025-08-27T15:12:32","date_gmt":"2025-08-27T12:12:32","guid":{"rendered":"https:\/\/roveyayinevi.com.tr\/index.php\/urun\/ask-olmayinca-mesk-olmaz\/"},"modified":"2026-04-16T02:11:16","modified_gmt":"2026-04-15T23:11:16","slug":"ask-olmayinca-mesk-olmaz","status":"publish","type":"product","link":"https:\/\/roveyayinevi.com.tr\/index.php\/urun\/ask-olmayinca-mesk-olmaz\/","title":{"rendered":"A\u015fk Olmay\u0131nca Me\u015fk Olmaz"},"content":{"rendered":"<p>Osmanl\u0131\/T\u00fcrk k\u00fclt\u00fcr\u00fcn\u00fcn dayand\u0131\u011f\u0131 temel \u00f6\u011fretim y\u00f6ntemi, me\u015fk\u2019tir. Mus\u0131kiden hat sanat\u0131na kadar geleneksel esteti\u011fin do\u011fas\u0131n\u0131 \u015fekillendiren bu y\u00f6ntem, ayn\u0131 zamanda usta-\u00e7\u0131rak ili\u015fkisi etraf\u0131nda \u00f6r\u00fclen toplum ahlak\u0131n\u0131n da aynas\u0131 olmu\u015ftur. Me\u015fk, Osmanl\u0131\u2019dan Cumhuriyet\u2019e sanatkar ku\u015faklar\u0131 aras\u0131ndaki bilgi ve tecr\u00fcbe aktar\u0131m\u0131n\u0131 sa\u011flayan bir k\u00fclt\u00fcr k\u00f6pr\u00fcs\u00fc \u00f6zelli\u011fini de ta\u015f\u0131r. Bu a\u00e7\u0131dan tarih boyunca toplumsal haf\u0131zay\u0131 temsil etmi\u015f; sanat\u00e7\u0131lar\u0131 ortak bir aidiyet duygusuyla ku\u015fatarak, b\u00fct\u00fcn geleneksel sanat t\u00fcrleri i\u00e7in adeta bir har\u00e7 \u00f6devi g\u00f6rm\u00fc\u015ft\u00fcr. Cem Behar, bug\u00fcne kadar basit bir pedagojik uygulama say\u0131lan, bu nedenle de k\u0131yas\u0131ya ele\u015ftirilen me\u015fk y\u00f6ntemini, geleneksel Osmanl\u0131\/T\u00fcrk mus\u0131kisi ba\u011flam\u0131nda farkl\u0131 bir bak\u0131\u015f a\u00e7\u0131s\u0131yla inceliyor. Me\u015fk\u2019in tarihi, prati\u011fi ve ahlak\u0131, d\u00fcn-bug\u00fcn ekseni \u00fczerinde ilk defa bu detayl\u0131 ara\u015ft\u0131rmayla g\u00fcn\u0131\u015f\u0131\u011f\u0131na \u00e7\u0131kmakta. <\/p>\n","protected":false},"excerpt":{"rendered":"<p>Osmanl\u0131\/T\u00fcrk k\u00fclt\u00fcr\u00fcn\u00fcn dayand\u0131\u011f\u0131 temel \u00f6\u011fretim y\u00f6ntemi, me\u015fk\u2019tir. Mus\u0131kiden hat sanat\u0131na kadar geleneksel esteti\u011fin do\u011fas\u0131n\u0131 \u015fekillendiren bu y\u00f6ntem, ayn\u0131 zamanda usta-\u00e7\u0131rak ili\u015fkisi etraf\u0131nda \u00f6r\u00fclen toplum ahlak\u0131n\u0131n da<span class=\"excerpt-hellip\"> [\u2026]<\/span><\/p>\n","protected":false},"featured_media":0,"template":"","meta":{"_monsterinsights_skip_tracking":false,"_monsterinsights_sitenote_active":false,"_monsterinsights_sitenote_note":"","_monsterinsights_sitenote_category":0},"product_brand":[],"product_cat":[14591,14556],"product_tag":[],"class_list":{"0":"post-701883","1":"product","2":"type-product","3":"status-publish","5":"product_cat-genel-kavramlar-kuram-ve-tarihce","6":"product_cat-muzik","7":"pa_cilt-ciltsiz","8":"pa_tur-kitap","9":"pa_yayinevi-yapi-kredi-yayinlari","10":"pa_yazar-cem-behar","12":"first","13":"instock","14":"sale","15":"shipping-taxable","16":"purchasable","17":"product-type-simple"},"_links":{"self":[{"href":"https:\/\/roveyayinevi.com.tr\/index.php\/wp-json\/wp\/v2\/product\/701883","targetHints":{"allow":["GET"]}}],"collection":[{"href":"https:\/\/roveyayinevi.com.tr\/index.php\/wp-json\/wp\/v2\/product"}],"about":[{"href":"https:\/\/roveyayinevi.com.tr\/index.php\/wp-json\/wp\/v2\/types\/product"}],"wp:attachment":[{"href":"https:\/\/roveyayinevi.com.tr\/index.php\/wp-json\/wp\/v2\/media?parent=701883"}],"wp:term":[{"taxonomy":"product_brand","embeddable":true,"href":"https:\/\/roveyayinevi.com.tr\/index.php\/wp-json\/wp\/v2\/product_brand?post=701883"},{"taxonomy":"product_cat","embeddable":true,"href":"https:\/\/roveyayinevi.com.tr\/index.php\/wp-json\/wp\/v2\/product_cat?post=701883"},{"taxonomy":"product_tag","embeddable":true,"href":"https:\/\/roveyayinevi.com.tr\/index.php\/wp-json\/wp\/v2\/product_tag?post=701883"}],"curies":[{"name":"wp","href":"https:\/\/api.w.org\/{rel}","templated":true}]}}