{"id":701881,"date":"2025-08-27T15:12:31","date_gmt":"2025-08-27T12:12:31","guid":{"rendered":"https:\/\/roveyayinevi.com.tr\/index.php\/urun\/daha-da-kucukler-icin-allahi-merak-ediyorum-5-kitap-takim\/"},"modified":"2026-04-16T02:11:16","modified_gmt":"2026-04-15T23:11:16","slug":"daha-da-kucukler-icin-allahi-merak-ediyorum-5-kitap-takim","status":"publish","type":"product","link":"https:\/\/roveyayinevi.com.tr\/index.php\/urun\/daha-da-kucukler-icin-allahi-merak-ediyorum-5-kitap-takim\/","title":{"rendered":"Daha da K\u00fc\u00e7\u00fckler \u0130\u00e7in Allah&#8217;\u0131 Merak Ediyorum (5 Kitap Tak\u0131m)"},"content":{"rendered":"<p>E\u011fer akl\u0131n\u0131za bir soru geldiyse onun mutlaka bir cevab\u0131 vard\u0131r. Sadece sorulmam\u0131\u015f sorular\u0131n cevab\u0131 yoktur! Sorulmam\u0131\u015f soru olur mu peki? Ba\u015fkalar\u0131 i\u00e7in belki ama Meryem i\u00e7in asla! \u00c7\u00fcnk\u00fc babas\u0131, \u201cakl\u0131na bir soru geldi\u011finde mutlaka sormal\u0131s\u0131n\u201d demi\u015fti. \ufffcTan\u0131t\u0131m Metni<\/p>\n","protected":false},"excerpt":{"rendered":"<p>E\u011fer akl\u0131n\u0131za bir soru geldiyse onun mutlaka bir cevab\u0131 vard\u0131r. Sadece sorulmam\u0131\u015f sorular\u0131n cevab\u0131 yoktur! Sorulmam\u0131\u015f soru olur mu peki? Ba\u015fkalar\u0131 i\u00e7in belki ama Meryem i\u00e7in<span class=\"excerpt-hellip\"> [\u2026]<\/span><\/p>\n","protected":false},"featured_media":0,"template":"","meta":{"_monsterinsights_skip_tracking":false,"_monsterinsights_sitenote_active":false,"_monsterinsights_sitenote_note":"","_monsterinsights_sitenote_category":0},"product_brand":[],"product_cat":[12274,18802],"product_tag":[],"class_list":{"0":"post-701881","1":"product","2":"type-product","3":"status-publish","5":"product_cat-cocuk-ve-genclik-kitaplari","6":"product_cat-din-egitimi","7":"pa_tur-kitap","8":"pa_yayinevi-ugurbocegi-yayinlari-kampanyali","9":"pa_yazar-ozkan-oze","11":"first","12":"instock","13":"sale","14":"shipping-taxable","15":"purchasable","16":"product-type-simple"},"_links":{"self":[{"href":"https:\/\/roveyayinevi.com.tr\/index.php\/wp-json\/wp\/v2\/product\/701881","targetHints":{"allow":["GET"]}}],"collection":[{"href":"https:\/\/roveyayinevi.com.tr\/index.php\/wp-json\/wp\/v2\/product"}],"about":[{"href":"https:\/\/roveyayinevi.com.tr\/index.php\/wp-json\/wp\/v2\/types\/product"}],"wp:attachment":[{"href":"https:\/\/roveyayinevi.com.tr\/index.php\/wp-json\/wp\/v2\/media?parent=701881"}],"wp:term":[{"taxonomy":"product_brand","embeddable":true,"href":"https:\/\/roveyayinevi.com.tr\/index.php\/wp-json\/wp\/v2\/product_brand?post=701881"},{"taxonomy":"product_cat","embeddable":true,"href":"https:\/\/roveyayinevi.com.tr\/index.php\/wp-json\/wp\/v2\/product_cat?post=701881"},{"taxonomy":"product_tag","embeddable":true,"href":"https:\/\/roveyayinevi.com.tr\/index.php\/wp-json\/wp\/v2\/product_tag?post=701881"}],"curies":[{"name":"wp","href":"https:\/\/api.w.org\/{rel}","templated":true}]}}