{"id":701879,"date":"2025-08-27T15:12:31","date_gmt":"2025-08-27T12:12:31","guid":{"rendered":"https:\/\/roveyayinevi.com.tr\/index.php\/urun\/dunya-dinleri-ve-iktidar\/"},"modified":"2026-04-16T02:11:16","modified_gmt":"2026-04-15T23:11:16","slug":"dunya-dinleri-ve-iktidar","status":"publish","type":"product","link":"https:\/\/roveyayinevi.com.tr\/index.php\/urun\/dunya-dinleri-ve-iktidar\/","title":{"rendered":"D\u00fcnya Dinleri ve \u0130ktidar"},"content":{"rendered":"<p>Bu kitapta, Musevilik, Hristiyanl\u0131k, \u0130slam, Budizm ve Hinduizm gibi yayg\u0131n d\u00fcnya dinleri ele al\u0131n\u0131yor, bu dinlerin do\u011fu\u015fu ve geli\u015fimi etrafl\u0131 olarak inceleniyor. Bir yandan, belli ba\u015fl\u0131 t\u00fcm dinsel geleneklerin ortaya \u00e7\u0131kt\u0131\u011f\u0131 tarihsel ve toplumsal ko\u015fullar, d\u00f6nemin egemenlik ili\u015fkileri \u00e7er\u00e7evesinde ele al\u0131n\u0131rken; \u00f6te yandan, dinsel d\u00fc\u015f\u00fcnce ve inan\u00e7 sistemleri ile modern ideolojiler \u2013en ba\u015fta da Marksizm\u2013 aras\u0131ndaki \u00f6zg\u00fcl ili\u015fkiler mercek alt\u0131na al\u0131n\u0131yor. Marksizmin din ele\u015ftirisi konusunda burjuva Ayd\u0131nlanmas\u0131 ile ayr\u0131\u015ft\u0131\u011f\u0131 noktalar; Sovyetler Birli\u011fi\u2019nden K\u00fcba\u2019ya ve \u00c7in\u2019e, reel sosyalizm deneyiminin dinsel ideoloji ve kurumlarla ili\u015fkisi ve daha pek \u00e7ok konu, kar\u015f\u0131la\u015ft\u0131rmal\u0131 ve ele\u015ftirel bir g\u00f6zle ele al\u0131n\u0131yor. <\/p>\n","protected":false},"excerpt":{"rendered":"<p>Bu kitapta, Musevilik, Hristiyanl\u0131k, \u0130slam, Budizm ve Hinduizm gibi yayg\u0131n d\u00fcnya dinleri ele al\u0131n\u0131yor, bu dinlerin do\u011fu\u015fu ve geli\u015fimi etrafl\u0131 olarak inceleniyor. Bir yandan, belli ba\u015fl\u0131<span class=\"excerpt-hellip\"> [\u2026]<\/span><\/p>\n","protected":false},"featured_media":0,"template":"","meta":{"_monsterinsights_skip_tracking":false,"_monsterinsights_sitenote_active":false,"_monsterinsights_sitenote_note":"","_monsterinsights_sitenote_category":0},"product_brand":[],"product_cat":[12718,12719],"product_tag":[],"class_list":{"0":"post-701879","1":"product","2":"type-product","3":"status-publish","5":"product_cat-din","6":"product_cat-islam","7":"pa_cilt-ciltsiz","8":"pa_tur-kitap","9":"pa_yayinevi-yordam-kitap","10":"pa_yazar-paul-n-siegel","12":"first","13":"instock","14":"sale","15":"shipping-taxable","16":"purchasable","17":"product-type-simple"},"_links":{"self":[{"href":"https:\/\/roveyayinevi.com.tr\/index.php\/wp-json\/wp\/v2\/product\/701879","targetHints":{"allow":["GET"]}}],"collection":[{"href":"https:\/\/roveyayinevi.com.tr\/index.php\/wp-json\/wp\/v2\/product"}],"about":[{"href":"https:\/\/roveyayinevi.com.tr\/index.php\/wp-json\/wp\/v2\/types\/product"}],"wp:attachment":[{"href":"https:\/\/roveyayinevi.com.tr\/index.php\/wp-json\/wp\/v2\/media?parent=701879"}],"wp:term":[{"taxonomy":"product_brand","embeddable":true,"href":"https:\/\/roveyayinevi.com.tr\/index.php\/wp-json\/wp\/v2\/product_brand?post=701879"},{"taxonomy":"product_cat","embeddable":true,"href":"https:\/\/roveyayinevi.com.tr\/index.php\/wp-json\/wp\/v2\/product_cat?post=701879"},{"taxonomy":"product_tag","embeddable":true,"href":"https:\/\/roveyayinevi.com.tr\/index.php\/wp-json\/wp\/v2\/product_tag?post=701879"}],"curies":[{"name":"wp","href":"https:\/\/api.w.org\/{rel}","templated":true}]}}