{"id":701878,"date":"2025-08-27T15:12:30","date_gmt":"2025-08-27T12:12:30","guid":{"rendered":"https:\/\/roveyayinevi.com.tr\/index.php\/urun\/biz-beraber-gectik-bu-yolu\/"},"modified":"2026-04-16T02:11:16","modified_gmt":"2026-04-15T23:11:16","slug":"biz-beraber-gectik-bu-yolu","status":"publish","type":"product","link":"https:\/\/roveyayinevi.com.tr\/index.php\/urun\/biz-beraber-gectik-bu-yolu\/","title":{"rendered":"Biz Beraber Ge\u00e7tik Bu Yolu"},"content":{"rendered":"<p>\u201cBenim hayat\u0131m bir roman de\u011fil mi?\u201d dedi i\u00e7inden. \u0130lk roman\u0131n\u0131 yazm\u0131\u015f bir yazar\u0131n roman\u0131yla k\u0131yaslard\u0131 bazan hayat\u0131n\u0131. \u201cBenim hayat\u0131m, benim ilk roman\u0131md\u0131r,\u201d diye d\u00fc\u015f\u00fcnd\u00fc \u0130zmail Tavl\u0131. Ve g\u00fcld\u00fc. Sonra y\u00fcz\u00fc cidd\u00ee tavr\u0131n\u0131 tak\u0131nd\u0131. \u201c\u0130lk ve son roman\u0131m,\u201d dedi i\u00e7inden ve aya\u011fa kalkt\u0131. Korkun\u00e7 Y\u0131llar, Yurdunu Kaybeden Adam ve Onlar da \u0130nsand\u0131 romanlar\u0131yla T\u00fcrk edebiyat\u0131nda m\u00fcstesna bir yer edinen Cengiz Da\u011fc\u0131, Biz Beraber Ge\u00e7tik Bu Yolu roman\u0131nda da yine kendi hayat\u0131ndan derin izler ta\u015f\u0131yan sahnelerle okuyucunun kar\u015f\u0131s\u0131na \u00e7\u0131k\u0131yor. Hayat\u0131n\u0131n sonbahar\u0131ndaki \u0130zmail Tavl\u0131, hasta yata\u011f\u0131nda yatan hayat arkada\u015f\u0131 Ramila&#8217;y\u0131 izlerken haf\u0131zas\u0131 onu sava\u015flara, s\u00fcrg\u00fcnlere, hastal\u0131klara ve \u00f6l\u00fcmlere, belki son kez ama ilk g\u00fcnk\u00fc ger\u00e7ekli\u011fiyle tekrar s\u00fcr\u00fckl\u00fcyor. Vatan\u0131ndan s\u00fcrg\u00fcn edilmi\u015f ya\u015fl\u0131 bir adam, geri d\u00f6n\u00fcp bakt\u0131\u011f\u0131nda cepheden kamplara, bir yabanc\u0131 \u00fclkeden bir di\u011ferine s\u00fcr\u00fcl\u00fcrken, ya\u015fad\u0131\u011f\u0131 ac\u0131larla birlikte Ramila&#8217;y\u0131 nas\u0131l vatan\u0131 bildi\u011fini hat\u0131rl\u0131yor. Her \u015feyiyle yabanc\u0131 bir yerde, yaln\u0131zca Ramila&#8217;n\u0131n varl\u0131\u011f\u0131yla ayakta kalan ve yaln\u0131zca onun yan\u0131ndayken duydu\u011fu huzur duygusuna veda etmeye haz\u0131rlanan ya\u015fl\u0131 \u0130zmail&#8217;in akl\u0131ndan ge\u00e7enler, ona g\u00f6re \u00e7ok daha geni\u015f imk\u00e2nlara sahip olan biz, g\u00fcn\u00fcm\u00fcz insanlar\u0131na a\u015fk\u0131n ve a\u015fka sadakatin insan hayat\u0131 i\u00e7in ne kadar \u00f6nemli oldu\u011funu g\u00f6steriyor.<\/p>\n","protected":false},"excerpt":{"rendered":"<p>\u201cBenim hayat\u0131m bir roman de\u011fil mi?\u201d dedi i\u00e7inden. \u0130lk roman\u0131n\u0131 yazm\u0131\u015f bir yazar\u0131n roman\u0131yla k\u0131yaslard\u0131 bazan hayat\u0131n\u0131. \u201cBenim hayat\u0131m, benim ilk roman\u0131md\u0131r,\u201d diye d\u00fc\u015f\u00fcnd\u00fc \u0130zmail Tavl\u0131.<span class=\"excerpt-hellip\"> [\u2026]<\/span><\/p>\n","protected":false},"featured_media":0,"template":"","meta":{"_monsterinsights_skip_tracking":false,"_monsterinsights_sitenote_active":false,"_monsterinsights_sitenote_note":"","_monsterinsights_sitenote_category":0},"product_brand":[],"product_cat":[12291,13570],"product_tag":[],"class_list":{"0":"post-701878","1":"product","2":"type-product","3":"status-publish","5":"product_cat-edebiyat","6":"product_cat-rus-edebiyati","7":"pa_cilt-ciltsiz","8":"pa_tur-kitap","9":"pa_yayinevi-otuken-nesriyat","10":"pa_yazar-cengiz-dagci","12":"first","13":"instock","14":"sale","15":"shipping-taxable","16":"purchasable","17":"product-type-simple"},"_links":{"self":[{"href":"https:\/\/roveyayinevi.com.tr\/index.php\/wp-json\/wp\/v2\/product\/701878","targetHints":{"allow":["GET"]}}],"collection":[{"href":"https:\/\/roveyayinevi.com.tr\/index.php\/wp-json\/wp\/v2\/product"}],"about":[{"href":"https:\/\/roveyayinevi.com.tr\/index.php\/wp-json\/wp\/v2\/types\/product"}],"wp:attachment":[{"href":"https:\/\/roveyayinevi.com.tr\/index.php\/wp-json\/wp\/v2\/media?parent=701878"}],"wp:term":[{"taxonomy":"product_brand","embeddable":true,"href":"https:\/\/roveyayinevi.com.tr\/index.php\/wp-json\/wp\/v2\/product_brand?post=701878"},{"taxonomy":"product_cat","embeddable":true,"href":"https:\/\/roveyayinevi.com.tr\/index.php\/wp-json\/wp\/v2\/product_cat?post=701878"},{"taxonomy":"product_tag","embeddable":true,"href":"https:\/\/roveyayinevi.com.tr\/index.php\/wp-json\/wp\/v2\/product_tag?post=701878"}],"curies":[{"name":"wp","href":"https:\/\/api.w.org\/{rel}","templated":true}]}}