{"id":701870,"date":"2025-08-27T15:12:27","date_gmt":"2025-08-27T12:12:27","guid":{"rendered":"https:\/\/roveyayinevi.com.tr\/index.php\/urun\/hannah-tersine-akan-nehir-2-kitap\/"},"modified":"2026-04-16T02:11:16","modified_gmt":"2026-04-15T23:11:16","slug":"hannah-tersine-akan-nehir-2-kitap","status":"publish","type":"product","link":"https:\/\/roveyayinevi.com.tr\/index.php\/urun\/hannah-tersine-akan-nehir-2-kitap\/","title":{"rendered":"Hannah &#8211; Tersine Akan Nehir 2. Kitap"},"content":{"rendered":"<p>Eskilerde ge\u00e7en bir hik\u00e2ye Hannah, tersine akan Qjar Nehri\u2019ne ula\u015fmak ister \u00e7\u00fcnk\u00fc muhabbet ku\u015funun ya\u015famas\u0131 bu nehrin suyuna ba\u011fl\u0131d\u0131r. Hannah, ter t\u00fcrl\u00fc tehlikeyi g\u00f6ze al\u0131p Qjar Nehri\u2019ni bulmak i\u00e7in gizemli bir yolculu\u011fa \u00e7\u0131kar. <\/p>\n","protected":false},"excerpt":{"rendered":"<p>Eskilerde ge\u00e7en bir hik\u00e2ye Hannah, tersine akan Qjar Nehri\u2019ne ula\u015fmak ister \u00e7\u00fcnk\u00fc muhabbet ku\u015funun ya\u015famas\u0131 bu nehrin suyuna ba\u011fl\u0131d\u0131r. Hannah, ter t\u00fcrl\u00fc tehlikeyi g\u00f6ze al\u0131p Qjar<span class=\"excerpt-hellip\"> [\u2026]<\/span><\/p>\n","protected":false},"featured_media":0,"template":"","meta":{"_monsterinsights_skip_tracking":false,"_monsterinsights_sitenote_active":false,"_monsterinsights_sitenote_note":"","_monsterinsights_sitenote_category":0},"product_brand":[],"product_cat":[12274,12284],"product_tag":[],"class_list":{"0":"post-701870","1":"product","2":"type-product","3":"status-publish","5":"product_cat-cocuk-ve-genclik-kitaplari","6":"product_cat-hikayeler","7":"pa_cilt-ciltsiz","8":"pa_tur-kitap","9":"pa_yayinevi-can-cocuk-yayinlari","10":"pa_yazar-jean-claude-mourlevat","12":"first","13":"instock","14":"sale","15":"shipping-taxable","16":"purchasable","17":"product-type-simple"},"_links":{"self":[{"href":"https:\/\/roveyayinevi.com.tr\/index.php\/wp-json\/wp\/v2\/product\/701870","targetHints":{"allow":["GET"]}}],"collection":[{"href":"https:\/\/roveyayinevi.com.tr\/index.php\/wp-json\/wp\/v2\/product"}],"about":[{"href":"https:\/\/roveyayinevi.com.tr\/index.php\/wp-json\/wp\/v2\/types\/product"}],"wp:attachment":[{"href":"https:\/\/roveyayinevi.com.tr\/index.php\/wp-json\/wp\/v2\/media?parent=701870"}],"wp:term":[{"taxonomy":"product_brand","embeddable":true,"href":"https:\/\/roveyayinevi.com.tr\/index.php\/wp-json\/wp\/v2\/product_brand?post=701870"},{"taxonomy":"product_cat","embeddable":true,"href":"https:\/\/roveyayinevi.com.tr\/index.php\/wp-json\/wp\/v2\/product_cat?post=701870"},{"taxonomy":"product_tag","embeddable":true,"href":"https:\/\/roveyayinevi.com.tr\/index.php\/wp-json\/wp\/v2\/product_tag?post=701870"}],"curies":[{"name":"wp","href":"https:\/\/api.w.org\/{rel}","templated":true}]}}