{"id":701865,"date":"2025-08-27T15:12:25","date_gmt":"2025-08-27T12:12:25","guid":{"rendered":"https:\/\/roveyayinevi.com.tr\/index.php\/urun\/gokyuzu-sirki\/"},"modified":"2026-04-16T02:11:16","modified_gmt":"2026-04-15T23:11:16","slug":"gokyuzu-sirki","status":"publish","type":"product","link":"https:\/\/roveyayinevi.com.tr\/index.php\/urun\/gokyuzu-sirki\/","title":{"rendered":"G\u00f6ky\u00fcz\u00fc Sirki"},"content":{"rendered":"<p>Evvelin de evvelinde, zaman\u0131n ilk g\u00fcn\u00fcnde g\u00f6ky\u00fcz\u00fcnde bir sirk varm\u0131\u015f.  D\u00fcnya\u2019n\u0131n merkeziyle g\u00f6k kubbe aras\u0131na kurulmu\u015f, alabildi\u011fine b\u00fcy\u00fck bir sirkmi\u015f G\u00f6ky\u00fcz\u00fc Sirki. S\u0131rt\u0131n\u0131 Kaf Da\u011flar\u0131\u2019na verip G\u00fcne\u015f, Ay ve y\u0131ld\u0131zlarla \u0131\u015f\u0131ldarm\u0131\u015f. \u0130\u00e7inde cambazlar taklalar atar, palya\u00e7olar dans eder ve \u00e7amurdan insanlar bu b\u00fcy\u00fcl\u00fc g\u00f6sterileri zevkle izlerlermi\u015f. Ya yeralt\u0131ndaki k\u00f6t\u00fc adamlar ya da \u00f6n\u00fcne \u00e7\u0131kan her \u015feyi yak\u0131p y\u0131kan Tufan, bu g\u00fczel sirke zarar verirse? <\/p>\n","protected":false},"excerpt":{"rendered":"<p>Evvelin de evvelinde, zaman\u0131n ilk g\u00fcn\u00fcnde g\u00f6ky\u00fcz\u00fcnde bir sirk varm\u0131\u015f. D\u00fcnya\u2019n\u0131n merkeziyle g\u00f6k kubbe aras\u0131na kurulmu\u015f, alabildi\u011fine b\u00fcy\u00fck bir sirkmi\u015f G\u00f6ky\u00fcz\u00fc Sirki. S\u0131rt\u0131n\u0131 Kaf Da\u011flar\u0131\u2019na verip<span class=\"excerpt-hellip\"> [\u2026]<\/span><\/p>\n","protected":false},"featured_media":0,"template":"","meta":{"_monsterinsights_skip_tracking":false,"_monsterinsights_sitenote_active":false,"_monsterinsights_sitenote_note":"","_monsterinsights_sitenote_category":0},"product_brand":[],"product_cat":[12274,12523],"product_tag":[],"class_list":{"0":"post-701865","1":"product","2":"type-product","3":"status-publish","5":"product_cat-cocuk-ve-genclik-kitaplari","6":"product_cat-masallar","7":"pa_cilt-ciltsiz","8":"pa_tur-kitap","9":"pa_yayinevi-can-cocuk-yayinlari","10":"pa_yazar-can-goknil","12":"first","13":"instock","14":"sale","15":"shipping-taxable","16":"purchasable","17":"product-type-simple"},"_links":{"self":[{"href":"https:\/\/roveyayinevi.com.tr\/index.php\/wp-json\/wp\/v2\/product\/701865","targetHints":{"allow":["GET"]}}],"collection":[{"href":"https:\/\/roveyayinevi.com.tr\/index.php\/wp-json\/wp\/v2\/product"}],"about":[{"href":"https:\/\/roveyayinevi.com.tr\/index.php\/wp-json\/wp\/v2\/types\/product"}],"wp:attachment":[{"href":"https:\/\/roveyayinevi.com.tr\/index.php\/wp-json\/wp\/v2\/media?parent=701865"}],"wp:term":[{"taxonomy":"product_brand","embeddable":true,"href":"https:\/\/roveyayinevi.com.tr\/index.php\/wp-json\/wp\/v2\/product_brand?post=701865"},{"taxonomy":"product_cat","embeddable":true,"href":"https:\/\/roveyayinevi.com.tr\/index.php\/wp-json\/wp\/v2\/product_cat?post=701865"},{"taxonomy":"product_tag","embeddable":true,"href":"https:\/\/roveyayinevi.com.tr\/index.php\/wp-json\/wp\/v2\/product_tag?post=701865"}],"curies":[{"name":"wp","href":"https:\/\/api.w.org\/{rel}","templated":true}]}}