{"id":701864,"date":"2025-08-27T15:12:25","date_gmt":"2025-08-27T12:12:25","guid":{"rendered":"https:\/\/roveyayinevi.com.tr\/index.php\/urun\/gizli-bahce-4\/"},"modified":"2026-04-16T02:11:16","modified_gmt":"2026-04-15T23:11:16","slug":"gizli-bahce-4","status":"publish","type":"product","link":"https:\/\/roveyayinevi.com.tr\/index.php\/urun\/gizli-bahce-4\/","title":{"rendered":"Gizli Bah\u00e7e"},"content":{"rendered":"<p>Akrabalar\u0131n\u0131n yan\u0131na ta\u015f\u0131nmak zorunda kalan Mary, zaman\u0131n\u0131 malikanenin bah\u00e7elerinde oynayarak ge\u00e7irir. Kendi gibi huysuz bir \u00e7ocuk olan kuzeni Colin ile malikanenin say\u0131s\u0131z odalar\u0131ndan birinde kar\u015f\u0131la\u015f\u0131r. Bir s\u0131r onlar\u0131 birbirlerine daha da yak\u0131nla\u015ft\u0131r\u0131r. Mary, Colin ve Dickon seni de bu maceran\u0131n bir par\u00e7as\u0131 olmaya \u00e7a\u011f\u0131r\u0131yor. \ufffcTan\u0131t\u0131m Metni<\/p>\n","protected":false},"excerpt":{"rendered":"<p>Akrabalar\u0131n\u0131n yan\u0131na ta\u015f\u0131nmak zorunda kalan Mary, zaman\u0131n\u0131 malikanenin bah\u00e7elerinde oynayarak ge\u00e7irir. Kendi gibi huysuz bir \u00e7ocuk olan kuzeni Colin ile malikanenin say\u0131s\u0131z odalar\u0131ndan birinde kar\u015f\u0131la\u015f\u0131r. Bir<span class=\"excerpt-hellip\"> [\u2026]<\/span><\/p>\n","protected":false},"featured_media":0,"template":"","meta":{"_monsterinsights_skip_tracking":false,"_monsterinsights_sitenote_active":false,"_monsterinsights_sitenote_note":"","_monsterinsights_sitenote_category":0},"product_brand":[],"product_cat":[12274,12284],"product_tag":[],"class_list":{"0":"post-701864","1":"product","2":"type-product","3":"status-publish","5":"product_cat-cocuk-ve-genclik-kitaplari","6":"product_cat-hikayeler","7":"pa_cilt-ciltsiz","8":"pa_tur-kitap","9":"pa_yayinevi-can-cocuk-yayinlari","10":"pa_yazar-frances-hodgson-burnett","12":"first","13":"instock","14":"sale","15":"shipping-taxable","16":"purchasable","17":"product-type-simple"},"_links":{"self":[{"href":"https:\/\/roveyayinevi.com.tr\/index.php\/wp-json\/wp\/v2\/product\/701864","targetHints":{"allow":["GET"]}}],"collection":[{"href":"https:\/\/roveyayinevi.com.tr\/index.php\/wp-json\/wp\/v2\/product"}],"about":[{"href":"https:\/\/roveyayinevi.com.tr\/index.php\/wp-json\/wp\/v2\/types\/product"}],"wp:attachment":[{"href":"https:\/\/roveyayinevi.com.tr\/index.php\/wp-json\/wp\/v2\/media?parent=701864"}],"wp:term":[{"taxonomy":"product_brand","embeddable":true,"href":"https:\/\/roveyayinevi.com.tr\/index.php\/wp-json\/wp\/v2\/product_brand?post=701864"},{"taxonomy":"product_cat","embeddable":true,"href":"https:\/\/roveyayinevi.com.tr\/index.php\/wp-json\/wp\/v2\/product_cat?post=701864"},{"taxonomy":"product_tag","embeddable":true,"href":"https:\/\/roveyayinevi.com.tr\/index.php\/wp-json\/wp\/v2\/product_tag?post=701864"}],"curies":[{"name":"wp","href":"https:\/\/api.w.org\/{rel}","templated":true}]}}