{"id":701861,"date":"2025-08-27T15:12:24","date_gmt":"2025-08-27T12:12:24","guid":{"rendered":"https:\/\/roveyayinevi.com.tr\/index.php\/urun\/elim-sende\/"},"modified":"2026-04-16T02:11:16","modified_gmt":"2026-04-15T23:11:16","slug":"elim-sende","status":"publish","type":"product","link":"https:\/\/roveyayinevi.com.tr\/index.php\/urun\/elim-sende\/","title":{"rendered":"Elim Sende"},"content":{"rendered":"<p>\u015eiir Sevgisinin Anahtar\u0131 Bet\u00fcl Tar\u0131man, farkl\u0131l\u0131klar\u0131, bar\u0131\u015f\u0131 ve sevgiyi dile getiriyor dizelerinde. \u00c7ocuklar\u0131n d\u00fcnyas\u0131na hitap eden bu \u015fiirler, \u00e7ocuklar\u0131n \u015fiir ile ili\u015fki kurmas\u0131n\u0131 sa\u011flayacak nitelikte. Banyo Bilgisi, G\u00fcnlerden Bir G\u00fcn, Mektup Dostu, Hep Benim Babams\u0131n ve Roman Kahraman\u0131, bu kitaptaki g\u00fczel \u015fiirlerden yaln\u0131zca birka\u00e7\u0131&#8230; \ufffcTan\u0131t\u0131m Metni<\/p>\n","protected":false},"excerpt":{"rendered":"<p>\u015eiir Sevgisinin Anahtar\u0131 Bet\u00fcl Tar\u0131man, farkl\u0131l\u0131klar\u0131, bar\u0131\u015f\u0131 ve sevgiyi dile getiriyor dizelerinde. \u00c7ocuklar\u0131n d\u00fcnyas\u0131na hitap eden bu \u015fiirler, \u00e7ocuklar\u0131n \u015fiir ile ili\u015fki kurmas\u0131n\u0131 sa\u011flayacak nitelikte. Banyo<span class=\"excerpt-hellip\"> [\u2026]<\/span><\/p>\n","protected":false},"featured_media":0,"template":"","meta":{"_monsterinsights_skip_tracking":false,"_monsterinsights_sitenote_active":false,"_monsterinsights_sitenote_note":"","_monsterinsights_sitenote_category":0},"product_brand":[],"product_cat":[12274,12284],"product_tag":[],"class_list":{"0":"post-701861","1":"product","2":"type-product","3":"status-publish","5":"product_cat-cocuk-ve-genclik-kitaplari","6":"product_cat-hikayeler","7":"pa_cilt-ciltsiz","8":"pa_tur-kitap","9":"pa_yayinevi-can-cocuk-yayinlari","10":"pa_yazar-betul-tariman","12":"first","13":"instock","14":"sale","15":"shipping-taxable","16":"purchasable","17":"product-type-simple"},"_links":{"self":[{"href":"https:\/\/roveyayinevi.com.tr\/index.php\/wp-json\/wp\/v2\/product\/701861","targetHints":{"allow":["GET"]}}],"collection":[{"href":"https:\/\/roveyayinevi.com.tr\/index.php\/wp-json\/wp\/v2\/product"}],"about":[{"href":"https:\/\/roveyayinevi.com.tr\/index.php\/wp-json\/wp\/v2\/types\/product"}],"wp:attachment":[{"href":"https:\/\/roveyayinevi.com.tr\/index.php\/wp-json\/wp\/v2\/media?parent=701861"}],"wp:term":[{"taxonomy":"product_brand","embeddable":true,"href":"https:\/\/roveyayinevi.com.tr\/index.php\/wp-json\/wp\/v2\/product_brand?post=701861"},{"taxonomy":"product_cat","embeddable":true,"href":"https:\/\/roveyayinevi.com.tr\/index.php\/wp-json\/wp\/v2\/product_cat?post=701861"},{"taxonomy":"product_tag","embeddable":true,"href":"https:\/\/roveyayinevi.com.tr\/index.php\/wp-json\/wp\/v2\/product_tag?post=701861"}],"curies":[{"name":"wp","href":"https:\/\/api.w.org\/{rel}","templated":true}]}}