{"id":701858,"date":"2025-08-27T15:12:23","date_gmt":"2025-08-27T12:12:23","guid":{"rendered":"https:\/\/roveyayinevi.com.tr\/index.php\/urun\/dunya-halklarindan-hayvan-masallari-2\/"},"modified":"2026-04-16T02:11:16","modified_gmt":"2026-04-15T23:11:16","slug":"dunya-halklarindan-hayvan-masallari-2","status":"publish","type":"product","link":"https:\/\/roveyayinevi.com.tr\/index.php\/urun\/dunya-halklarindan-hayvan-masallari-2\/","title":{"rendered":"D\u00fcnya Halklar\u0131ndan Hayvan Masallar\u0131 &#8211; 2"},"content":{"rendered":"<p>Hayvanlar d\u00fcnyas\u0131ndan i\u015fitilmedik masallar! <\/p>\n","protected":false},"excerpt":{"rendered":"<p>Hayvanlar d\u00fcnyas\u0131ndan i\u015fitilmedik masallar!<\/p>\n","protected":false},"featured_media":0,"template":"","meta":{"_monsterinsights_skip_tracking":false,"_monsterinsights_sitenote_active":false,"_monsterinsights_sitenote_note":"","_monsterinsights_sitenote_category":0},"product_brand":[],"product_cat":[12274,12523],"product_tag":[],"class_list":{"0":"post-701858","1":"product","2":"type-product","3":"status-publish","5":"product_cat-cocuk-ve-genclik-kitaplari","6":"product_cat-masallar","7":"pa_cilt-ciltsiz","8":"pa_tur-kitap","9":"pa_yayinevi-can-cocuk-yayinlari","10":"pa_yazar-tarik-demirkan","12":"first","13":"instock","14":"sale","15":"shipping-taxable","16":"purchasable","17":"product-type-simple"},"_links":{"self":[{"href":"https:\/\/roveyayinevi.com.tr\/index.php\/wp-json\/wp\/v2\/product\/701858","targetHints":{"allow":["GET"]}}],"collection":[{"href":"https:\/\/roveyayinevi.com.tr\/index.php\/wp-json\/wp\/v2\/product"}],"about":[{"href":"https:\/\/roveyayinevi.com.tr\/index.php\/wp-json\/wp\/v2\/types\/product"}],"wp:attachment":[{"href":"https:\/\/roveyayinevi.com.tr\/index.php\/wp-json\/wp\/v2\/media?parent=701858"}],"wp:term":[{"taxonomy":"product_brand","embeddable":true,"href":"https:\/\/roveyayinevi.com.tr\/index.php\/wp-json\/wp\/v2\/product_brand?post=701858"},{"taxonomy":"product_cat","embeddable":true,"href":"https:\/\/roveyayinevi.com.tr\/index.php\/wp-json\/wp\/v2\/product_cat?post=701858"},{"taxonomy":"product_tag","embeddable":true,"href":"https:\/\/roveyayinevi.com.tr\/index.php\/wp-json\/wp\/v2\/product_tag?post=701858"}],"curies":[{"name":"wp","href":"https:\/\/api.w.org\/{rel}","templated":true}]}}