{"id":701857,"date":"2025-08-27T15:12:22","date_gmt":"2025-08-27T12:12:22","guid":{"rendered":"https:\/\/roveyayinevi.com.tr\/index.php\/urun\/bilmece-bilen-kiz-guzel-acikgoz-cesur-kizlar-6\/"},"modified":"2026-04-16T02:11:16","modified_gmt":"2026-04-15T23:11:16","slug":"bilmece-bilen-kiz-guzel-acikgoz-cesur-kizlar-6","status":"publish","type":"product","link":"https:\/\/roveyayinevi.com.tr\/index.php\/urun\/bilmece-bilen-kiz-guzel-acikgoz-cesur-kizlar-6\/","title":{"rendered":"Bilmece Bilen K\u0131z &#8211; G\u00fczel, A\u00e7\u0131kg\u00f6z, Cesur K\u0131zlar 6"},"content":{"rendered":"<p>Bilmece Bildirmece! \u0130lide kelimelerle oynamay\u0131, bilmecelerin cevaplar\u0131n\u0131 bulmay\u0131 beceriyordu. Sahip oldu\u011fu bu yetene\u011fi ihtiyac\u0131 olanlar\u0131n hizmetine sunmas\u0131 gerekti\u011finin de fark\u0131ndayd\u0131. \u00c7\u00fcnk\u00fc ait d\u00fcnyada, sorduklar\u0131 bilmecelere cevap alamayan canavarlar insanlara bir t\u00fcrl\u00fc rahat vermiyordu. \ufffcTan\u0131t\u0131m Metni<\/p>\n","protected":false},"excerpt":{"rendered":"<p>Bilmece Bildirmece! \u0130lide kelimelerle oynamay\u0131, bilmecelerin cevaplar\u0131n\u0131 bulmay\u0131 beceriyordu. Sahip oldu\u011fu bu yetene\u011fi ihtiyac\u0131 olanlar\u0131n hizmetine sunmas\u0131 gerekti\u011finin de fark\u0131ndayd\u0131. \u00c7\u00fcnk\u00fc ait d\u00fcnyada, sorduklar\u0131 bilmecelere cevap<span class=\"excerpt-hellip\"> [\u2026]<\/span><\/p>\n","protected":false},"featured_media":0,"template":"","meta":{"_monsterinsights_skip_tracking":false,"_monsterinsights_sitenote_active":false,"_monsterinsights_sitenote_note":"","_monsterinsights_sitenote_category":0},"product_brand":[],"product_cat":[16943,15563],"product_tag":[],"class_list":{"0":"post-701857","1":"product","2":"type-product","3":"status-publish","5":"product_cat-bilmeceler-bulmacalar","6":"product_cat-hobi","7":"pa_cilt-ciltsiz","8":"pa_tur-kitap","9":"pa_yayinevi-can-cocuk-yayinlari","10":"pa_yazar-beatrice-masini","12":"first","13":"instock","14":"sale","15":"shipping-taxable","16":"purchasable","17":"product-type-simple"},"_links":{"self":[{"href":"https:\/\/roveyayinevi.com.tr\/index.php\/wp-json\/wp\/v2\/product\/701857","targetHints":{"allow":["GET"]}}],"collection":[{"href":"https:\/\/roveyayinevi.com.tr\/index.php\/wp-json\/wp\/v2\/product"}],"about":[{"href":"https:\/\/roveyayinevi.com.tr\/index.php\/wp-json\/wp\/v2\/types\/product"}],"wp:attachment":[{"href":"https:\/\/roveyayinevi.com.tr\/index.php\/wp-json\/wp\/v2\/media?parent=701857"}],"wp:term":[{"taxonomy":"product_brand","embeddable":true,"href":"https:\/\/roveyayinevi.com.tr\/index.php\/wp-json\/wp\/v2\/product_brand?post=701857"},{"taxonomy":"product_cat","embeddable":true,"href":"https:\/\/roveyayinevi.com.tr\/index.php\/wp-json\/wp\/v2\/product_cat?post=701857"},{"taxonomy":"product_tag","embeddable":true,"href":"https:\/\/roveyayinevi.com.tr\/index.php\/wp-json\/wp\/v2\/product_tag?post=701857"}],"curies":[{"name":"wp","href":"https:\/\/api.w.org\/{rel}","templated":true}]}}