{"id":701856,"date":"2025-08-27T15:12:22","date_gmt":"2025-08-27T12:12:22","guid":{"rendered":"https:\/\/roveyayinevi.com.tr\/index.php\/urun\/gezgin\/"},"modified":"2026-04-16T02:11:16","modified_gmt":"2026-04-15T23:11:16","slug":"gezgin","status":"publish","type":"product","link":"https:\/\/roveyayinevi.com.tr\/index.php\/urun\/gezgin\/","title":{"rendered":"Gezgin"},"content":{"rendered":"<p>Korkusuz gezgin Ege\u2019yle birlikte Everest\u2019in doru\u011fundan Amazon ormanlar\u0131na! Televizyonda izledi\u011fi belgesellerden sonra d\u00fcnyay\u0131 gezip g\u00f6rme tutkusu sarm\u0131\u015ft\u0131 Ege\u2019yi. Bunu yapabilmek i\u00e7in \u00e7ok para gerekti\u011fini biliyordu elbette. Hem daha 10 ya\u015f\u0131ndayd\u0131; yani d\u00fcnyay\u0131 gezip dola\u015fmak i\u00e7in hen\u00fcz \u00e7ok k\u00fc\u00e7\u00fckt\u00fc. Ancak, yolculu\u011fa \u00e7\u0131kman\u0131n ille de otob\u00fcse, vapura, u\u00e7a\u011fa binip bir yerden bir yere gitmek olmad\u0131\u011f\u0131n\u0131 anlamas\u0131 uzun s\u00fcrmedi. Bunu nas\u0131l m\u0131 ba\u015fard\u0131? Bu sorunun yan\u0131t\u0131n\u0131 Ege\u2019yle birlikte yapaca\u011f\u0131n\u0131z yolculuklarda bulacaks\u0131n\u0131z. <\/p>\n","protected":false},"excerpt":{"rendered":"<p>Korkusuz gezgin Ege\u2019yle birlikte Everest\u2019in doru\u011fundan Amazon ormanlar\u0131na! Televizyonda izledi\u011fi belgesellerden sonra d\u00fcnyay\u0131 gezip g\u00f6rme tutkusu sarm\u0131\u015ft\u0131 Ege\u2019yi. Bunu yapabilmek i\u00e7in \u00e7ok para gerekti\u011fini biliyordu elbette.<span class=\"excerpt-hellip\"> [\u2026]<\/span><\/p>\n","protected":false},"featured_media":0,"template":"","meta":{"_monsterinsights_skip_tracking":false,"_monsterinsights_sitenote_active":false,"_monsterinsights_sitenote_note":"","_monsterinsights_sitenote_category":0},"product_brand":[],"product_cat":[12274,12284],"product_tag":[],"class_list":{"0":"post-701856","1":"product","2":"type-product","3":"status-publish","5":"product_cat-cocuk-ve-genclik-kitaplari","6":"product_cat-hikayeler","7":"pa_cilt-ciltsiz","8":"pa_tur-kitap","9":"pa_yayinevi-can-cocuk-yayinlari","10":"pa_yazar-bilgin-adali","12":"first","13":"instock","14":"sale","15":"shipping-taxable","16":"purchasable","17":"product-type-simple"},"_links":{"self":[{"href":"https:\/\/roveyayinevi.com.tr\/index.php\/wp-json\/wp\/v2\/product\/701856","targetHints":{"allow":["GET"]}}],"collection":[{"href":"https:\/\/roveyayinevi.com.tr\/index.php\/wp-json\/wp\/v2\/product"}],"about":[{"href":"https:\/\/roveyayinevi.com.tr\/index.php\/wp-json\/wp\/v2\/types\/product"}],"wp:attachment":[{"href":"https:\/\/roveyayinevi.com.tr\/index.php\/wp-json\/wp\/v2\/media?parent=701856"}],"wp:term":[{"taxonomy":"product_brand","embeddable":true,"href":"https:\/\/roveyayinevi.com.tr\/index.php\/wp-json\/wp\/v2\/product_brand?post=701856"},{"taxonomy":"product_cat","embeddable":true,"href":"https:\/\/roveyayinevi.com.tr\/index.php\/wp-json\/wp\/v2\/product_cat?post=701856"},{"taxonomy":"product_tag","embeddable":true,"href":"https:\/\/roveyayinevi.com.tr\/index.php\/wp-json\/wp\/v2\/product_tag?post=701856"}],"curies":[{"name":"wp","href":"https:\/\/api.w.org\/{rel}","templated":true}]}}