{"id":701855,"date":"2025-08-27T15:12:21","date_gmt":"2025-08-27T12:12:21","guid":{"rendered":"https:\/\/roveyayinevi.com.tr\/index.php\/urun\/georgeun-harika-ilaci\/"},"modified":"2026-04-16T02:11:16","modified_gmt":"2026-04-15T23:11:16","slug":"georgeun-harika-ilaci","status":"publish","type":"product","link":"https:\/\/roveyayinevi.com.tr\/index.php\/urun\/georgeun-harika-ilaci\/","title":{"rendered":"George\u2019un Harika \u0130lac\u0131"},"content":{"rendered":"<p>&#8220;&#8216;Ne zaman bir par\u00e7a marul \u00fcst\u00fcnde canl\u0131 bir s\u00fcl\u00fck g\u00f6rsem,&#8217; dedi B\u00fcy\u00fckanne, &#8216;s\u0131v\u0131\u015fmas\u0131na f\u0131rsat vermeden hemen yutar\u0131m. Nefistir.'&#8221;B\u00fcy\u00fckannesinden ho\u015flanm\u0131yordu George, elinde de\u011fildi. Bencil, k\u00f6t\u00fc, aksi ihtiyar\u0131n tekiydi. S\u00fcrekli yak\u0131n\u0131yor, m\u0131zm\u0131zlan\u0131yor, surat as\u0131yor, v\u0131d\u0131 v\u0131d\u0131 ediyor, huysuzlan\u0131yordu. \u00dcstelik i\u011fren\u00e7 \u015feyler yiyordu. Sonunda George&#8217;un can\u0131na tak etti ve B\u00fcy\u00fckanne i\u00e7in \u015fa\u015f\u0131rt\u0131c\u0131, m\u00fcthi\u015f, patlay\u0131c\u0131 ve sars\u0131c\u0131 bir \u015eok haz\u0131rlamaya karar verdi.. <\/p>\n","protected":false},"excerpt":{"rendered":"<p>&#8220;&#8216;Ne zaman bir par\u00e7a marul \u00fcst\u00fcnde canl\u0131 bir s\u00fcl\u00fck g\u00f6rsem,&#8217; dedi B\u00fcy\u00fckanne, &#8216;s\u0131v\u0131\u015fmas\u0131na f\u0131rsat vermeden hemen yutar\u0131m. Nefistir.&#8217;&#8221;B\u00fcy\u00fckannesinden ho\u015flanm\u0131yordu George, elinde de\u011fildi. Bencil, k\u00f6t\u00fc, aksi ihtiyar\u0131n<span class=\"excerpt-hellip\"> [\u2026]<\/span><\/p>\n","protected":false},"featured_media":0,"template":"","meta":{"_monsterinsights_skip_tracking":false,"_monsterinsights_sitenote_active":false,"_monsterinsights_sitenote_note":"","_monsterinsights_sitenote_category":0},"product_brand":[],"product_cat":[12274,12284],"product_tag":[],"class_list":{"0":"post-701855","1":"product","2":"type-product","3":"status-publish","5":"product_cat-cocuk-ve-genclik-kitaplari","6":"product_cat-hikayeler","7":"pa_cilt-ciltsiz","8":"pa_tur-kitap","9":"pa_yayinevi-can-cocuk-yayinlari","10":"pa_yazar-roald-dahl","12":"first","13":"instock","14":"sale","15":"shipping-taxable","16":"purchasable","17":"product-type-simple"},"_links":{"self":[{"href":"https:\/\/roveyayinevi.com.tr\/index.php\/wp-json\/wp\/v2\/product\/701855","targetHints":{"allow":["GET"]}}],"collection":[{"href":"https:\/\/roveyayinevi.com.tr\/index.php\/wp-json\/wp\/v2\/product"}],"about":[{"href":"https:\/\/roveyayinevi.com.tr\/index.php\/wp-json\/wp\/v2\/types\/product"}],"wp:attachment":[{"href":"https:\/\/roveyayinevi.com.tr\/index.php\/wp-json\/wp\/v2\/media?parent=701855"}],"wp:term":[{"taxonomy":"product_brand","embeddable":true,"href":"https:\/\/roveyayinevi.com.tr\/index.php\/wp-json\/wp\/v2\/product_brand?post=701855"},{"taxonomy":"product_cat","embeddable":true,"href":"https:\/\/roveyayinevi.com.tr\/index.php\/wp-json\/wp\/v2\/product_cat?post=701855"},{"taxonomy":"product_tag","embeddable":true,"href":"https:\/\/roveyayinevi.com.tr\/index.php\/wp-json\/wp\/v2\/product_tag?post=701855"}],"curies":[{"name":"wp","href":"https:\/\/api.w.org\/{rel}","templated":true}]}}