{"id":701854,"date":"2025-08-27T15:12:21","date_gmt":"2025-08-27T12:12:21","guid":{"rendered":"https:\/\/roveyayinevi.com.tr\/index.php\/urun\/evvel-zaman-icinde-anadolu-masallari-1\/"},"modified":"2026-04-16T02:11:16","modified_gmt":"2026-04-15T23:11:16","slug":"evvel-zaman-icinde-anadolu-masallari-1","status":"publish","type":"product","link":"https:\/\/roveyayinevi.com.tr\/index.php\/urun\/evvel-zaman-icinde-anadolu-masallari-1\/","title":{"rendered":"Evvel Zaman \u0130\u00e7inde &#8211; Anadolu Masallar\u0131 1"},"content":{"rendered":"<p>\u0130nsan Masals\u0131z Olmaz Bu kitapta okuyaca\u011f\u0131n\u0131z masallar, Anadolu\u2019nun hemen her b\u00f6lgesinden dinlenerek ilk kez s\u00f6zden yaz\u0131ya ge\u00e7irilmi\u015f halk anlat\u0131lar\u0131d\u0131r. \u0130nsan\u0131n ser\u00fcvenini ge\u00e7mi\u015ften g\u00fcn\u00fcm\u00fcze, g\u00fcn\u00fcm\u00fczden de gelece\u011fe ta\u015f\u0131yan bu masallar\u0131 bilmek, hayat\u0131n ger\u00e7eklerini bilmekle e\u015fde\u011ferdir. Masallar\u0131 okuyarak hayat\u0131 daha yak\u0131ndan tan\u0131yabilir ve masallardan \u00f6\u011frendiklerimizle, kar\u015f\u0131m\u0131za \u00e7\u0131kacak sorunlar\u0131 daha kolay \u00e7\u00f6zebiliriz. \u0130\u015fte bu nedenledir ki bir\u00e7ok masalda \u015fu tekerleme yinelenir: \u0130nsan masals\u0131z, me\u015fe \u00e7akals\u0131z olmaz. \u0130nsan masals\u0131z olamayaca\u011f\u0131 i\u00e7in de size \u0130yi Masallar! \ufffcTan\u0131t\u0131m Metni<\/p>\n","protected":false},"excerpt":{"rendered":"<p>\u0130nsan Masals\u0131z Olmaz Bu kitapta okuyaca\u011f\u0131n\u0131z masallar, Anadolu\u2019nun hemen her b\u00f6lgesinden dinlenerek ilk kez s\u00f6zden yaz\u0131ya ge\u00e7irilmi\u015f halk anlat\u0131lar\u0131d\u0131r. \u0130nsan\u0131n ser\u00fcvenini ge\u00e7mi\u015ften g\u00fcn\u00fcm\u00fcze, g\u00fcn\u00fcm\u00fczden de gelece\u011fe<span class=\"excerpt-hellip\"> [\u2026]<\/span><\/p>\n","protected":false},"featured_media":0,"template":"","meta":{"_monsterinsights_skip_tracking":false,"_monsterinsights_sitenote_active":false,"_monsterinsights_sitenote_note":"","_monsterinsights_sitenote_category":0},"product_brand":[],"product_cat":[12274,12284],"product_tag":[],"class_list":{"0":"post-701854","1":"product","2":"type-product","3":"status-publish","5":"product_cat-cocuk-ve-genclik-kitaplari","6":"product_cat-hikayeler","7":"pa_cilt-ciltsiz","8":"pa_tur-kitap","9":"pa_yayinevi-can-cocuk-yayinlari","10":"pa_yazar-muhsine-helimoglu-yavuz","12":"first","13":"instock","14":"sale","15":"shipping-taxable","16":"purchasable","17":"product-type-simple"},"_links":{"self":[{"href":"https:\/\/roveyayinevi.com.tr\/index.php\/wp-json\/wp\/v2\/product\/701854","targetHints":{"allow":["GET"]}}],"collection":[{"href":"https:\/\/roveyayinevi.com.tr\/index.php\/wp-json\/wp\/v2\/product"}],"about":[{"href":"https:\/\/roveyayinevi.com.tr\/index.php\/wp-json\/wp\/v2\/types\/product"}],"wp:attachment":[{"href":"https:\/\/roveyayinevi.com.tr\/index.php\/wp-json\/wp\/v2\/media?parent=701854"}],"wp:term":[{"taxonomy":"product_brand","embeddable":true,"href":"https:\/\/roveyayinevi.com.tr\/index.php\/wp-json\/wp\/v2\/product_brand?post=701854"},{"taxonomy":"product_cat","embeddable":true,"href":"https:\/\/roveyayinevi.com.tr\/index.php\/wp-json\/wp\/v2\/product_cat?post=701854"},{"taxonomy":"product_tag","embeddable":true,"href":"https:\/\/roveyayinevi.com.tr\/index.php\/wp-json\/wp\/v2\/product_tag?post=701854"}],"curies":[{"name":"wp","href":"https:\/\/api.w.org\/{rel}","templated":true}]}}