{"id":701853,"date":"2025-08-27T15:12:21","date_gmt":"2025-08-27T12:12:21","guid":{"rendered":"https:\/\/roveyayinevi.com.tr\/index.php\/urun\/erik-cekirdegi\/"},"modified":"2026-04-16T02:11:16","modified_gmt":"2026-04-15T23:11:16","slug":"erik-cekirdegi","status":"publish","type":"product","link":"https:\/\/roveyayinevi.com.tr\/index.php\/urun\/erik-cekirdegi\/","title":{"rendered":"Erik \u00c7ekirde\u011fi"},"content":{"rendered":"<p>B\u00fcy\u00fck yazar Tolstoy\u2019un birbirinden g\u00fczel \u00f6yk\u00fcleri&#8230; B\u00fcy\u00fck rus yazar Tolstoy\u2019un siz k\u00fc\u00e7\u00fck okurlar i\u00e7in kaleme ald\u0131\u011f\u0131 birbirinden g\u00fczel \u00f6yk\u00fcler var bu kitapta; kahramanlar\u0131n \u00e7o\u011fu da hayvanlar d\u00fcnyas\u0131n\u0131n en sevimli, en \u015feker \u00fcyeleri. Yazar\u0131n anlat\u0131m\u0131 \u00f6yle ger\u00e7ek\u00e7i, \u00f6yle inand\u0131r\u0131c\u0131 ki, kendinizi \u00f6yk\u00fcn\u00fcn i\u00e7inde, kahramanlara elinizi uzat\u0131p dokunacak denli yak\u0131n hissediyorsunuz&#8230;<\/p>\n","protected":false},"excerpt":{"rendered":"<p>B\u00fcy\u00fck yazar Tolstoy\u2019un birbirinden g\u00fczel \u00f6yk\u00fcleri&#8230; B\u00fcy\u00fck rus yazar Tolstoy\u2019un siz k\u00fc\u00e7\u00fck okurlar i\u00e7in kaleme ald\u0131\u011f\u0131 birbirinden g\u00fczel \u00f6yk\u00fcler var bu kitapta; kahramanlar\u0131n \u00e7o\u011fu da hayvanlar<span class=\"excerpt-hellip\"> [\u2026]<\/span><\/p>\n","protected":false},"featured_media":0,"template":"","meta":{"_monsterinsights_skip_tracking":false,"_monsterinsights_sitenote_active":false,"_monsterinsights_sitenote_note":"","_monsterinsights_sitenote_category":0},"product_brand":[],"product_cat":[12274,12284],"product_tag":[],"class_list":{"0":"post-701853","1":"product","2":"type-product","3":"status-publish","5":"product_cat-cocuk-ve-genclik-kitaplari","6":"product_cat-hikayeler","7":"pa_cilt-ciltsiz","8":"pa_tur-kitap","9":"pa_yayinevi-can-cocuk-yayinlari","10":"pa_yazar-lev-nikolayevic-tolstoy","12":"first","13":"instock","14":"sale","15":"shipping-taxable","16":"purchasable","17":"product-type-simple"},"_links":{"self":[{"href":"https:\/\/roveyayinevi.com.tr\/index.php\/wp-json\/wp\/v2\/product\/701853","targetHints":{"allow":["GET"]}}],"collection":[{"href":"https:\/\/roveyayinevi.com.tr\/index.php\/wp-json\/wp\/v2\/product"}],"about":[{"href":"https:\/\/roveyayinevi.com.tr\/index.php\/wp-json\/wp\/v2\/types\/product"}],"wp:attachment":[{"href":"https:\/\/roveyayinevi.com.tr\/index.php\/wp-json\/wp\/v2\/media?parent=701853"}],"wp:term":[{"taxonomy":"product_brand","embeddable":true,"href":"https:\/\/roveyayinevi.com.tr\/index.php\/wp-json\/wp\/v2\/product_brand?post=701853"},{"taxonomy":"product_cat","embeddable":true,"href":"https:\/\/roveyayinevi.com.tr\/index.php\/wp-json\/wp\/v2\/product_cat?post=701853"},{"taxonomy":"product_tag","embeddable":true,"href":"https:\/\/roveyayinevi.com.tr\/index.php\/wp-json\/wp\/v2\/product_tag?post=701853"}],"curies":[{"name":"wp","href":"https:\/\/api.w.org\/{rel}","templated":true}]}}