{"id":701851,"date":"2025-08-27T15:12:20","date_gmt":"2025-08-27T12:12:20","guid":{"rendered":"https:\/\/roveyayinevi.com.tr\/index.php\/urun\/ulus-devletin-basagrisi-ayrikcilik\/"},"modified":"2026-04-16T02:11:16","modified_gmt":"2026-04-15T23:11:16","slug":"ulus-devletin-basagrisi-ayrikcilik","status":"publish","type":"product","link":"https:\/\/roveyayinevi.com.tr\/index.php\/urun\/ulus-devletin-basagrisi-ayrikcilik\/","title":{"rendered":"Ulus &#8211; Devletin Ba\u015fa\u011fr\u0131s\u0131 Ayr\u0131k\u00e7\u0131l\u0131k"},"content":{"rendered":"<p>\u201cKanada gibi demokratik \u00fclkelerin ayr\u0131l\u0131k\u00e7\u0131 taleplerle kar\u015f\u0131 kar\u015f\u0131ya olmas\u0131ndan da anla\u015f\u0131laca\u011f\u0131 \u00fczere, ayr\u0131l\u0131k\u00e7\u0131l\u0131k bir demokrasi ya da adalet sorunu olmaktan \u00e7ok bir milliyet\u00e7ilik sorunudur. \u0130ngiliz Kanadal\u0131lar, Quebec hareketini etnik milliyet\u00e7ilik olarak tan\u0131mlayarak gayr\u0131 me\u015fru g\u00f6sterirken, Kanada devletinin b\u00fct\u00fcnl\u00fc\u011f\u00fcn\u00fc koruma arzular\u0131n\u0131 yurtseverlik olarak adland\u0131rarak kendi milliyet\u00e7iliklerini g\u00f6r\u00fcnmez k\u0131lmaya \u00e7al\u0131\u015f\u0131rlar. Oysa milliyet\u00e7ilik sadece ayr\u0131l\u0131k\u00e7\u0131l\u0131kla kendini g\u00f6steren bir ideoloji de\u011fildir, bir devletin b\u00fct\u00fcnl\u00fc\u011f\u00fcn\u00fc savunmak da en az ayr\u0131lmay\u0131 talep etmek kadar milliyet\u00e7i bir tutumdur. Her ne kadar mevcut devletler kendi milliyet\u00e7iliklerini daha kapsay\u0131c\u0131 oldu\u011funu iddia ettikleri sivil milliyet\u00e7ilikle \u00f6zde\u015fle\u015ftirip, az\u0131nl\u0131klar\u0131n milliyet\u00e7ili\u011fini d\u0131\u015flay\u0131c\u0131 ve ilkel say\u0131lan etnik milliyet\u00e7ilik \u015feklinde tan\u0131mlayarak de\u011fersizle\u015ftirmeye \u00e7al\u0131\u015fsalar da hi\u00e7bir milliyet\u00e7ilik b\u00fct\u00fcn\u00fcyle sivil ya da etnik de\u011fildir.\u201d\u201cEtnik ve ulusal az\u0131nl\u0131klar\u0131n ana dilde e\u011fitim, kendi g\u00f6rsel ve yaz\u0131l\u0131 medyalar\u0131na sahip olma gibi k\u00fclt\u00fcrel talepleri \u00f6ne \u00e7\u0131kartmalar\u0131, az\u0131nl\u0131k milliyet\u00e7ili\u011finin k\u00fclt\u00fcrel temele dayand\u0131\u011f\u0131 gibi bir yan\u0131lsama yarat\u0131yor. Oysa ulusal kendi kaderini tayin k\u00fclt\u00fcrel talep yerine en iyi demokratik talep olarak anla\u015f\u0131labilir. Ulusun k\u00fclt\u00fcrel farkl\u0131l\u0131\u011f\u0131n\u0131 koruma arzusu de\u011fil, ulusun kendini daha ba\u011f\u0131ms\u0131z bir \u015fekilde y\u00f6netme arzusu kendi kaderini tayinin nedenidir. Kendi kaderini tayin, bir ulusun ay\u0131rt edici k\u00fclt\u00fcr\u00fcn\u00fc muhafaza etme iste\u011finden \u00e7ok daha fazlas\u0131na i\u015faret eder. E\u011fer ulusal kendi kaderini tayin talebi yaln\u0131zca ulusal k\u00fclt\u00fcr\u00fc muhafaza etmek olsa bizzat devlet eliyle yo\u011fun bir Bat\u0131l\u0131la\u015fmay\u0131 benimseyen T\u00fcrkiye ve \u0130ran gibi \u00fclkelerin ulus-devlet in\u015fas\u0131n\u0131 a\u00e7\u0131klamak m\u00fcmk\u00fcn olmayabilir.\u201dH\u00fcseyin Kalayc\u0131, T\u00fcrkiye\u2019de pek bilinmeyen ve hakk\u0131nda hemen hemen yaz\u0131l\u0131 hi\u00e7bir kayna\u011f\u0131n bulunmad\u0131\u011f\u0131, ama i\u00e7erdi\u011fi sorun nedeniyle T\u00fcrkiye\u2019yi \u00e7ok yak\u0131ndan ilgilendiren bir konuya el at\u0131yor. Quebec Sorunu\u2019nu k\u00fclt\u00fcrel ya da etnik olmaktan \u00e7ok siyas\u00ee bir sorun olarak ele alan bu \u00e7al\u0131\u015fman\u0131n literat\u00fcr i\u00e7in bir di\u011fer \u00f6nemi de yerle\u015fik demokrasi, liberalizm, milliyet\u00e7ilik, \u00e7okk\u00fclt\u00fcrc\u00fcl\u00fck ve federalizm kuramlar\u0131n\u0131n \u201cveri\u201d olarak kabul edilen baz\u0131 tespitlerini\/inan\u00e7lar\u0131n\u0131 y\u0131kmas\u0131d\u0131r. \u00c7ok zengin kaynak\u00e7as\u0131 ile yo\u011fun bir \u00e7al\u0131\u015fman\u0131n \u00fcr\u00fcn\u00fc oldu\u011fu belli olan ve orijinal konusuyla T\u00fcrk siyaset bilimine bir katk\u0131 \u00f6zelli\u011fi ta\u015f\u0131yan Ulus-Devletin Ba\u015f A\u011fr\u0131s\u0131: Ayr\u0131l\u0131k\u00e7\u0131l\u0131k adl\u0131 eser ayn\u0131 zamanda d\u00fczg\u00fcn ve ak\u0131c\u0131 T\u00fcrk\u00e7esiyle her t\u00fcrl\u00fc \u00f6vg\u00fcy\u00fc hak ediyor. <\/p>\n","protected":false},"excerpt":{"rendered":"<p>\u201cKanada gibi demokratik \u00fclkelerin ayr\u0131l\u0131k\u00e7\u0131 taleplerle kar\u015f\u0131 kar\u015f\u0131ya olmas\u0131ndan da anla\u015f\u0131laca\u011f\u0131 \u00fczere, ayr\u0131l\u0131k\u00e7\u0131l\u0131k bir demokrasi ya da adalet sorunu olmaktan \u00e7ok bir milliyet\u00e7ilik sorunudur. \u0130ngiliz Kanadal\u0131lar,<span class=\"excerpt-hellip\"> [\u2026]<\/span><\/p>\n","protected":false},"featured_media":0,"template":"","meta":{"_monsterinsights_skip_tracking":false,"_monsterinsights_sitenote_active":false,"_monsterinsights_sitenote_note":"","_monsterinsights_sitenote_category":0},"product_brand":[],"product_cat":[12965,12337],"product_tag":[],"class_list":{"0":"post-701851","1":"product","2":"type-product","3":"status-publish","5":"product_cat-genel-politika","6":"product_cat-politika-siyaset","7":"pa_cilt-ciltsiz","8":"pa_tur-kitap","9":"pa_yayinevi-liberte-yayinlari","10":"pa_yazar-huseyin-kalayci","12":"first","13":"instock","14":"sale","15":"shipping-taxable","16":"purchasable","17":"product-type-simple"},"_links":{"self":[{"href":"https:\/\/roveyayinevi.com.tr\/index.php\/wp-json\/wp\/v2\/product\/701851","targetHints":{"allow":["GET"]}}],"collection":[{"href":"https:\/\/roveyayinevi.com.tr\/index.php\/wp-json\/wp\/v2\/product"}],"about":[{"href":"https:\/\/roveyayinevi.com.tr\/index.php\/wp-json\/wp\/v2\/types\/product"}],"wp:attachment":[{"href":"https:\/\/roveyayinevi.com.tr\/index.php\/wp-json\/wp\/v2\/media?parent=701851"}],"wp:term":[{"taxonomy":"product_brand","embeddable":true,"href":"https:\/\/roveyayinevi.com.tr\/index.php\/wp-json\/wp\/v2\/product_brand?post=701851"},{"taxonomy":"product_cat","embeddable":true,"href":"https:\/\/roveyayinevi.com.tr\/index.php\/wp-json\/wp\/v2\/product_cat?post=701851"},{"taxonomy":"product_tag","embeddable":true,"href":"https:\/\/roveyayinevi.com.tr\/index.php\/wp-json\/wp\/v2\/product_tag?post=701851"}],"curies":[{"name":"wp","href":"https:\/\/api.w.org\/{rel}","templated":true}]}}