{"id":701848,"date":"2025-08-27T15:12:19","date_gmt":"2025-08-27T12:12:19","guid":{"rendered":"https:\/\/roveyayinevi.com.tr\/index.php\/urun\/siyaset-yolu\/"},"modified":"2026-04-16T02:11:16","modified_gmt":"2026-04-15T23:11:16","slug":"siyaset-yolu","status":"publish","type":"product","link":"https:\/\/roveyayinevi.com.tr\/index.php\/urun\/siyaset-yolu\/","title":{"rendered":"Siyaset Yolu"},"content":{"rendered":"<p>Ahmed Yesevi\u2019den, Mevl\u00e2n\u00e2\u2019dan, Yunus Emre\u2019den ve Hac\u0131 Bekta\u015f Veli\u2019den ald\u0131\u011f\u0131 ho\u015fg\u00f6r\u00fcyle \u015fekillenen bir siyaset adam\u0131: Nam\u0131k Kemal Zeybek&#8230; <\/p>\n","protected":false},"excerpt":{"rendered":"<p>Ahmed Yesevi\u2019den, Mevl\u00e2n\u00e2\u2019dan, Yunus Emre\u2019den ve Hac\u0131 Bekta\u015f Veli\u2019den ald\u0131\u011f\u0131 ho\u015fg\u00f6r\u00fcyle \u015fekillenen bir siyaset adam\u0131: Nam\u0131k Kemal Zeybek&#8230;<\/p>\n","protected":false},"featured_media":0,"template":"","meta":{"_monsterinsights_skip_tracking":false,"_monsterinsights_sitenote_active":false,"_monsterinsights_sitenote_note":"","_monsterinsights_sitenote_category":0},"product_brand":[],"product_cat":[12337,14543],"product_tag":[],"class_list":{"0":"post-701848","1":"product","2":"type-product","3":"status-publish","5":"product_cat-politika-siyaset","6":"product_cat-turkiye-siyaseti-ve-politikasi","7":"pa_tur-kitap","8":"pa_yayinevi-dogan-kitap","9":"pa_yazar-namik-kemal-zeybek","11":"first","12":"instock","13":"sale","14":"shipping-taxable","15":"purchasable","16":"product-type-simple"},"_links":{"self":[{"href":"https:\/\/roveyayinevi.com.tr\/index.php\/wp-json\/wp\/v2\/product\/701848","targetHints":{"allow":["GET"]}}],"collection":[{"href":"https:\/\/roveyayinevi.com.tr\/index.php\/wp-json\/wp\/v2\/product"}],"about":[{"href":"https:\/\/roveyayinevi.com.tr\/index.php\/wp-json\/wp\/v2\/types\/product"}],"wp:attachment":[{"href":"https:\/\/roveyayinevi.com.tr\/index.php\/wp-json\/wp\/v2\/media?parent=701848"}],"wp:term":[{"taxonomy":"product_brand","embeddable":true,"href":"https:\/\/roveyayinevi.com.tr\/index.php\/wp-json\/wp\/v2\/product_brand?post=701848"},{"taxonomy":"product_cat","embeddable":true,"href":"https:\/\/roveyayinevi.com.tr\/index.php\/wp-json\/wp\/v2\/product_cat?post=701848"},{"taxonomy":"product_tag","embeddable":true,"href":"https:\/\/roveyayinevi.com.tr\/index.php\/wp-json\/wp\/v2\/product_tag?post=701848"}],"curies":[{"name":"wp","href":"https:\/\/api.w.org\/{rel}","templated":true}]}}