{"id":701846,"date":"2025-08-27T15:12:18","date_gmt":"2025-08-27T12:12:18","guid":{"rendered":"https:\/\/roveyayinevi.com.tr\/index.php\/urun\/avantia-gunlukleri-4-ates-ve-ofke\/"},"modified":"2026-04-16T02:11:16","modified_gmt":"2026-04-15T23:11:16","slug":"avantia-gunlukleri-4-ates-ve-ofke","status":"publish","type":"product","link":"https:\/\/roveyayinevi.com.tr\/index.php\/urun\/avantia-gunlukleri-4-ates-ve-ofke\/","title":{"rendered":"Avantia G\u00fcnl\u00fckleri 4: Ate\u015f ve \u00d6fke"},"content":{"rendered":"<p>Canavar Pe\u015finde maceras\u0131 ba\u015flamadan \u00e7ok uzun zaman \u00f6nce, iyilikle k\u00f6t\u00fcl\u00fc\u011f\u00fcn sava\u015f\u0131 vard\u0131\u2026 \u00d6l\u00fcmc\u00fcl Canavarlar&#8230; Korkun\u00e7 bir sava\u015f&#8230; Avantia\u2019ya ho\u015f geldiniz&#8230; <\/p>\n","protected":false},"excerpt":{"rendered":"<p>Canavar Pe\u015finde maceras\u0131 ba\u015flamadan \u00e7ok uzun zaman \u00f6nce, iyilikle k\u00f6t\u00fcl\u00fc\u011f\u00fcn sava\u015f\u0131 vard\u0131\u2026 \u00d6l\u00fcmc\u00fcl Canavarlar&#8230; Korkun\u00e7 bir sava\u015f&#8230; Avantia\u2019ya ho\u015f geldiniz&#8230;<\/p>\n","protected":false},"featured_media":0,"template":"","meta":{"_monsterinsights_skip_tracking":false,"_monsterinsights_sitenote_active":false,"_monsterinsights_sitenote_note":"","_monsterinsights_sitenote_category":0},"product_brand":[],"product_cat":[12274,12284],"product_tag":[],"class_list":{"0":"post-701846","1":"product","2":"type-product","3":"status-publish","5":"product_cat-cocuk-ve-genclik-kitaplari","6":"product_cat-hikayeler","7":"pa_cilt-ciltsiz","8":"pa_tur-kitap","9":"pa_yayinevi-beyaz-balina-yayinlari","10":"pa_yazar-adam-blade","12":"first","13":"instock","14":"sale","15":"shipping-taxable","16":"purchasable","17":"product-type-simple"},"_links":{"self":[{"href":"https:\/\/roveyayinevi.com.tr\/index.php\/wp-json\/wp\/v2\/product\/701846","targetHints":{"allow":["GET"]}}],"collection":[{"href":"https:\/\/roveyayinevi.com.tr\/index.php\/wp-json\/wp\/v2\/product"}],"about":[{"href":"https:\/\/roveyayinevi.com.tr\/index.php\/wp-json\/wp\/v2\/types\/product"}],"wp:attachment":[{"href":"https:\/\/roveyayinevi.com.tr\/index.php\/wp-json\/wp\/v2\/media?parent=701846"}],"wp:term":[{"taxonomy":"product_brand","embeddable":true,"href":"https:\/\/roveyayinevi.com.tr\/index.php\/wp-json\/wp\/v2\/product_brand?post=701846"},{"taxonomy":"product_cat","embeddable":true,"href":"https:\/\/roveyayinevi.com.tr\/index.php\/wp-json\/wp\/v2\/product_cat?post=701846"},{"taxonomy":"product_tag","embeddable":true,"href":"https:\/\/roveyayinevi.com.tr\/index.php\/wp-json\/wp\/v2\/product_tag?post=701846"}],"curies":[{"name":"wp","href":"https:\/\/api.w.org\/{rel}","templated":true}]}}