{"id":701844,"date":"2025-08-27T15:12:17","date_gmt":"2025-08-27T12:12:17","guid":{"rendered":"https:\/\/roveyayinevi.com.tr\/index.php\/urun\/resimli-ingilizce-sozluk-3\/"},"modified":"2025-11-22T03:21:52","modified_gmt":"2025-11-22T00:21:52","slug":"resimli-ingilizce-sozluk-3","status":"publish","type":"product","link":"https:\/\/roveyayinevi.com.tr\/index.php\/urun\/resimli-ingilizce-sozluk-3\/","title":{"rendered":"Resimli \u0130ngilizce S\u00f6zl\u00fck"},"content":{"rendered":"<p>\u0130lk ve ve ortaokullar i\u00e7in haz\u0131rlanm\u0131\u015f olan renkli-resimli bu s\u00f6zl\u00fckte: \u2022 3600&#8217;den fazla \u0130ngilizce s\u00f6zc\u00fck ve T\u00fcrk\u00e7e kar\u015f\u0131l\u0131\u011f\u0131 \u2022 3600 \u00f6rnek c\u00fcmle \u2022 Do\u011fru telaffuz i\u00e7in kolay T\u00fcrk\u00e7e okunu\u015f <\/p>\n","protected":false},"excerpt":{"rendered":"<p>\u0130lk ve ve ortaokullar i\u00e7in haz\u0131rlanm\u0131\u015f olan renkli-resimli bu s\u00f6zl\u00fckte: \u2022 3600&#8217;den fazla \u0130ngilizce s\u00f6zc\u00fck ve T\u00fcrk\u00e7e kar\u015f\u0131l\u0131\u011f\u0131 \u2022 3600 \u00f6rnek c\u00fcmle \u2022 Do\u011fru telaffuz i\u00e7in<span class=\"excerpt-hellip\"> [\u2026]<\/span><\/p>\n","protected":false},"featured_media":0,"template":"","meta":{"_monsterinsights_skip_tracking":false,"_monsterinsights_sitenote_active":false,"_monsterinsights_sitenote_note":"","_monsterinsights_sitenote_category":0},"product_brand":[],"product_cat":[12566,13611],"product_tag":[],"class_list":{"0":"post-701844","1":"product","2":"type-product","3":"status-publish","5":"product_cat-egitim","6":"product_cat-sozlukler-ve-konusma-kilavuzlari","7":"pa_cilt-ciltsiz","8":"pa_tur-kitap","9":"pa_yayinevi-ozyurek-yayinlari","10":"pa_yazar-seyma-turhan","12":"first","13":"instock","14":"sale","15":"shipping-taxable","16":"purchasable","17":"product-type-simple"},"_links":{"self":[{"href":"https:\/\/roveyayinevi.com.tr\/index.php\/wp-json\/wp\/v2\/product\/701844","targetHints":{"allow":["GET"]}}],"collection":[{"href":"https:\/\/roveyayinevi.com.tr\/index.php\/wp-json\/wp\/v2\/product"}],"about":[{"href":"https:\/\/roveyayinevi.com.tr\/index.php\/wp-json\/wp\/v2\/types\/product"}],"wp:attachment":[{"href":"https:\/\/roveyayinevi.com.tr\/index.php\/wp-json\/wp\/v2\/media?parent=701844"}],"wp:term":[{"taxonomy":"product_brand","embeddable":true,"href":"https:\/\/roveyayinevi.com.tr\/index.php\/wp-json\/wp\/v2\/product_brand?post=701844"},{"taxonomy":"product_cat","embeddable":true,"href":"https:\/\/roveyayinevi.com.tr\/index.php\/wp-json\/wp\/v2\/product_cat?post=701844"},{"taxonomy":"product_tag","embeddable":true,"href":"https:\/\/roveyayinevi.com.tr\/index.php\/wp-json\/wp\/v2\/product_tag?post=701844"}],"curies":[{"name":"wp","href":"https:\/\/api.w.org\/{rel}","templated":true}]}}