{"id":701843,"date":"2025-08-27T15:12:17","date_gmt":"2025-08-27T12:12:17","guid":{"rendered":"https:\/\/roveyayinevi.com.tr\/index.php\/urun\/yoldaslar\/"},"modified":"2026-04-16T02:11:16","modified_gmt":"2026-04-15T23:11:16","slug":"yoldaslar","status":"publish","type":"product","link":"https:\/\/roveyayinevi.com.tr\/index.php\/urun\/yoldaslar\/","title":{"rendered":"Yolda\u015flar"},"content":{"rendered":"<p>\u0130kinci D\u00fcnya Sava\u015f\u0131\u2019n\u0131n \u00e7etin \u015fartlar\u0131 alt\u0131nda, emredilen yere ula\u015fmaya \u00e7al\u0131\u015fan bir Rus birli\u011fi\u2026 Birlikteki askerler Hasanlar, Cumaylar, Kas\u0131mlar\u2026 Alman i\u015fgaline kar\u015f\u0131, kendi vatanlar\u0131n\u0131 i\u015fgal eden Rus ordular\u0131na kat\u0131lmak zorunda kalan T\u00fcrk askerler. T\u00fcrk edebiyat\u0131n\u0131n m\u00fcstesna \u015fahsiyeti Cengiz Da\u011fc\u0131\u2019n\u0131n kendi askerlik tecr\u00fcbelerini de aksettirdi\u011fi bu romanda cepheden cepheye intikal etmek zorunda kalan askerlerin bir yanda tabiata di\u011fer yanda ise Alman birliklerine ve avc\u0131 u\u00e7aklar\u0131na kar\u015f\u0131 verdikleri amans\u0131z m\u00fccadeleye \u015fahit olacaks\u0131n\u0131z. Rus birli\u011findeki T\u00fcrk askerlerin, \u00e7\u0131kt\u0131klar\u0131 bu uzun yolda varacaklar\u0131 asl\u0131nda bir yer yoktur, bir daha asla g\u00f6remeyecekleri vatanlar\u0131n\u0131n aziz hat\u0131ralar\u0131ndan ba\u015fka. <\/p>\n","protected":false},"excerpt":{"rendered":"<p>\u0130kinci D\u00fcnya Sava\u015f\u0131\u2019n\u0131n \u00e7etin \u015fartlar\u0131 alt\u0131nda, emredilen yere ula\u015fmaya \u00e7al\u0131\u015fan bir Rus birli\u011fi\u2026 Birlikteki askerler Hasanlar, Cumaylar, Kas\u0131mlar\u2026 Alman i\u015fgaline kar\u015f\u0131, kendi vatanlar\u0131n\u0131 i\u015fgal eden Rus<span class=\"excerpt-hellip\"> [\u2026]<\/span><\/p>\n","protected":false},"featured_media":0,"template":"","meta":{"_monsterinsights_skip_tracking":false,"_monsterinsights_sitenote_active":false,"_monsterinsights_sitenote_note":"","_monsterinsights_sitenote_category":0},"product_brand":[],"product_cat":[12291,13570],"product_tag":[],"class_list":{"0":"post-701843","1":"product","2":"type-product","3":"status-publish","5":"product_cat-edebiyat","6":"product_cat-rus-edebiyati","7":"pa_cilt-ciltsiz","8":"pa_tur-kitap","9":"pa_yayinevi-otuken-nesriyat","10":"pa_yazar-cengiz-dagci","12":"first","13":"instock","14":"sale","15":"shipping-taxable","16":"purchasable","17":"product-type-simple"},"_links":{"self":[{"href":"https:\/\/roveyayinevi.com.tr\/index.php\/wp-json\/wp\/v2\/product\/701843","targetHints":{"allow":["GET"]}}],"collection":[{"href":"https:\/\/roveyayinevi.com.tr\/index.php\/wp-json\/wp\/v2\/product"}],"about":[{"href":"https:\/\/roveyayinevi.com.tr\/index.php\/wp-json\/wp\/v2\/types\/product"}],"wp:attachment":[{"href":"https:\/\/roveyayinevi.com.tr\/index.php\/wp-json\/wp\/v2\/media?parent=701843"}],"wp:term":[{"taxonomy":"product_brand","embeddable":true,"href":"https:\/\/roveyayinevi.com.tr\/index.php\/wp-json\/wp\/v2\/product_brand?post=701843"},{"taxonomy":"product_cat","embeddable":true,"href":"https:\/\/roveyayinevi.com.tr\/index.php\/wp-json\/wp\/v2\/product_cat?post=701843"},{"taxonomy":"product_tag","embeddable":true,"href":"https:\/\/roveyayinevi.com.tr\/index.php\/wp-json\/wp\/v2\/product_tag?post=701843"}],"curies":[{"name":"wp","href":"https:\/\/api.w.org\/{rel}","templated":true}]}}