{"id":701842,"date":"2025-08-27T15:12:16","date_gmt":"2025-08-27T12:12:16","guid":{"rendered":"https:\/\/roveyayinevi.com.tr\/index.php\/urun\/mevlevi-usul-ve-adabi\/"},"modified":"2026-04-16T02:11:16","modified_gmt":"2026-04-15T23:11:16","slug":"mevlevi-usul-ve-adabi","status":"publish","type":"product","link":"https:\/\/roveyayinevi.com.tr\/index.php\/urun\/mevlevi-usul-ve-adabi\/","title":{"rendered":"Mevlevi Usul ve Adab\u0131"},"content":{"rendered":"<p>Hz. Mevl\u00e2n\u00e2&#8217;dan sonra, o&#8217;nun neslinden gelenler, o&#8217;nun pe\u015finden gidenler, o&#8217;nun yolunda olanlar, bu b\u00fcy\u00fck mutasavv\u0131f\u0131n ya\u015fant\u0131s\u0131n\u0131, fikirlerini ve sem\u00e2\u0131n\u0131 \u00f6rnek alm\u0131\u015flar, bunlar\u0131 kurallara ba\u011flay\u0131p kurumla\u015ft\u0131rm\u0131\u015flard\u0131r. Mevlev\u00eelik de b\u00f6ylece do\u011fmu\u015ftur. Hz. Mevl\u00e2n\u00e2&#8217;dan sonra, o&#8217;nun feyziyle ya\u015fayan, o&#8217;nun me\u015f&#8217;alesini ta\u015f\u0131yan asil nesli, ba\u015fta b\u00fcy\u00fck o\u011flu Sultan Veled olmak \u00fczere, kendi neslinden gelen, Mevl\u00e2n\u00e2&#8217;ya g\u00f6n\u00fcl veren nice mevlev\u00ee b\u00fcy\u00fckleri ve mevlev\u00ee muhibleri bu nur \u015fel\u00e2lesini havuzlam\u0131\u015flar, birtak\u0131m kurallar alt\u0131na alm\u0131\u015flar, Mevl\u00e2n\u00e2 mefk\u00fbresini zev\u00e2lsiz bir gelenek haline getirmi\u015fler; Mevlev\u00eelerin ya\u015fant\u0131s\u0131n\u0131, tekke hayat\u0131n\u0131, \u00f6zellikle de sem\u00e2\u0131n\u0131 \u201c\u00c2d\u00e2b\u201d denilen bir tak\u0131m cidd\u00ee kay\u0131t ve kurallarla \u00e7er\u00e7evelemi\u015f, yerli yerine oturtmu\u015flard\u0131r. H. H\u00fcseyin Top, Mevlev\u00ee Us\u00fbl ve \u00c2d\u00e2b\u0131 kitab\u0131nda Hz. Mevl\u00e2n\u00e2&#8217;n\u0131n insanl\u0131k \u00e2lemine bir mutluluk re\u00e7etesi halinde takdim etti\u011fi Mevlevili\u011fin ana kurallar\u0131n\u0131, bu kutlu yolun kilometre ta\u015flar\u0131n\u0131, y\u00f6ntemini, us\u00fbl ve \u00e2d\u00e2b\u0131n\u0131 belirlemeye \u00e7al\u0131\u015fm\u0131\u015ft\u0131r. Kur&#8217;\u00e2n&#8217;da emrolunan namaz, oru\u00e7, hac gibi ibadetlerle bunlara ilaveten Hz. Mevl\u00e2n\u00e2&#8217;n\u0131n yap\u0131lmas\u0131n\u0131n vuslat yolunda kula h\u0131z kazand\u0131raca\u011f\u0131n\u0131, kalpleri cilalay\u0131p ruhlar\u0131 y\u00fcceltece\u011fini ifade etti\u011fi evrad, sem\u00e2 gibi zikir \u015fekillerini izah etmi\u015ftir. Ayr\u0131ca Makam \u00c7elebilerinin k\u0131sa hayat hik\u00e2yeleri ve bu yolda verdikleri hizmetleri bir b\u00f6l\u00fcm halinde ele alm\u0131\u015f, &#8216;Mevlevi Terimleri&#8217;ni alfabetik bir s\u0131rayla yay\u0131na haz\u0131rlam\u0131\u015ft\u0131r.Mevlev\u00ee k\u00fclt\u00fcr\u00fcn\u00fc bilmek, onun T\u00fcrk k\u00fclt\u00fcr\u00fc i\u00e7indeki yerini, ustalar\u0131n\u0131 eserleri ile tan\u0131mak bizim mesuliyetlerimiz c\u00fcmlesindendir. Hizmet edenin himmete kavu\u015fmas\u0131, Hz. Mevl\u00e2n\u00e2 p\u0131nar\u0131ndan kana kana i\u00e7mesi bu gayretin m\u00fck\u00e2fat\u0131 olacakt\u0131r. Bu m\u00fck\u00e2fattan sadece bu eseri yazan de\u011fil okuyanlar da nasiplerini alacaklard\u0131r. Bu duygularla irfan hayat\u0131m\u0131za \u201cMevlev\u00ee Us\u00fbl ve \u00c2d\u00e2b\u0131\u201d gibi g\u00fczel bir eser kazand\u0131ran bu sevgili dostu tebrik ediyorum.Prof. Dr. Ahmet G\u00fcner Sayar<\/p>\n","protected":false},"excerpt":{"rendered":"<p>Hz. Mevl\u00e2n\u00e2&#8217;dan sonra, o&#8217;nun neslinden gelenler, o&#8217;nun pe\u015finden gidenler, o&#8217;nun yolunda olanlar, bu b\u00fcy\u00fck mutasavv\u0131f\u0131n ya\u015fant\u0131s\u0131n\u0131, fikirlerini ve sem\u00e2\u0131n\u0131 \u00f6rnek alm\u0131\u015flar, bunlar\u0131 kurallara ba\u011flay\u0131p kurumla\u015ft\u0131rm\u0131\u015flard\u0131r. Mevlev\u00eelik<span class=\"excerpt-hellip\"> [\u2026]<\/span><\/p>\n","protected":false},"featured_media":0,"template":"","meta":{"_monsterinsights_skip_tracking":false,"_monsterinsights_sitenote_active":false,"_monsterinsights_sitenote_note":"","_monsterinsights_sitenote_category":0},"product_brand":[],"product_cat":[12718,12719,12720],"product_tag":[],"class_list":{"0":"post-701842","1":"product","2":"type-product","3":"status-publish","5":"product_cat-din","6":"product_cat-islam","7":"product_cat-tasavvuf-mezhepler-tarikatlar","8":"pa_tur-kitap","9":"pa_yayinevi-otuken-nesriyat","10":"pa_yazar-h-huseyin-top","12":"first","13":"instock","14":"sale","15":"shipping-taxable","16":"purchasable","17":"product-type-simple"},"_links":{"self":[{"href":"https:\/\/roveyayinevi.com.tr\/index.php\/wp-json\/wp\/v2\/product\/701842","targetHints":{"allow":["GET"]}}],"collection":[{"href":"https:\/\/roveyayinevi.com.tr\/index.php\/wp-json\/wp\/v2\/product"}],"about":[{"href":"https:\/\/roveyayinevi.com.tr\/index.php\/wp-json\/wp\/v2\/types\/product"}],"wp:attachment":[{"href":"https:\/\/roveyayinevi.com.tr\/index.php\/wp-json\/wp\/v2\/media?parent=701842"}],"wp:term":[{"taxonomy":"product_brand","embeddable":true,"href":"https:\/\/roveyayinevi.com.tr\/index.php\/wp-json\/wp\/v2\/product_brand?post=701842"},{"taxonomy":"product_cat","embeddable":true,"href":"https:\/\/roveyayinevi.com.tr\/index.php\/wp-json\/wp\/v2\/product_cat?post=701842"},{"taxonomy":"product_tag","embeddable":true,"href":"https:\/\/roveyayinevi.com.tr\/index.php\/wp-json\/wp\/v2\/product_tag?post=701842"}],"curies":[{"name":"wp","href":"https:\/\/api.w.org\/{rel}","templated":true}]}}