{"id":701841,"date":"2025-08-27T15:12:16","date_gmt":"2025-08-27T12:12:16","guid":{"rendered":"https:\/\/roveyayinevi.com.tr\/index.php\/urun\/mevlananin-incileri\/"},"modified":"2026-04-16T02:11:16","modified_gmt":"2026-04-15T23:11:16","slug":"mevlananin-incileri","status":"publish","type":"product","link":"https:\/\/roveyayinevi.com.tr\/index.php\/urun\/mevlananin-incileri\/","title":{"rendered":"Mevlana\u2019n\u0131n \u0130ncileri"},"content":{"rendered":"<p>Sana ula\u015fs\u0131n diye kimsesizlerin fery\u00e2d\u0131; A\u00e7\u0131k b\u0131rakt\u0131n dilek-umut kap\u0131lar\u0131n\u0131. Ey Ay\u0131n, G\u00fcne\u015fin, y\u0131ld\u0131zlar\u0131n k\u00f6le oldu\u011fu! Bir senin kap\u0131n a\u00e7\u0131k, b\u00fct\u00fcn kap\u0131lar kapal\u0131. <\/p>\n","protected":false},"excerpt":{"rendered":"<p>Sana ula\u015fs\u0131n diye kimsesizlerin fery\u00e2d\u0131; A\u00e7\u0131k b\u0131rakt\u0131n dilek-umut kap\u0131lar\u0131n\u0131. Ey Ay\u0131n, G\u00fcne\u015fin, y\u0131ld\u0131zlar\u0131n k\u00f6le oldu\u011fu! Bir senin kap\u0131n a\u00e7\u0131k, b\u00fct\u00fcn kap\u0131lar kapal\u0131.<\/p>\n","protected":false},"featured_media":0,"template":"","meta":{"_monsterinsights_skip_tracking":false,"_monsterinsights_sitenote_active":false,"_monsterinsights_sitenote_note":"","_monsterinsights_sitenote_category":0},"product_brand":[],"product_cat":[12718,12719,12720],"product_tag":[],"class_list":{"0":"post-701841","1":"product","2":"type-product","3":"status-publish","5":"product_cat-din","6":"product_cat-islam","7":"product_cat-tasavvuf-mezhepler-tarikatlar","8":"pa_tur-kitap","9":"pa_yayinevi-otuken-nesriyat","10":"pa_yazar-ahmet-kirca","12":"first","13":"instock","14":"sale","15":"shipping-taxable","16":"purchasable","17":"product-type-simple"},"_links":{"self":[{"href":"https:\/\/roveyayinevi.com.tr\/index.php\/wp-json\/wp\/v2\/product\/701841","targetHints":{"allow":["GET"]}}],"collection":[{"href":"https:\/\/roveyayinevi.com.tr\/index.php\/wp-json\/wp\/v2\/product"}],"about":[{"href":"https:\/\/roveyayinevi.com.tr\/index.php\/wp-json\/wp\/v2\/types\/product"}],"wp:attachment":[{"href":"https:\/\/roveyayinevi.com.tr\/index.php\/wp-json\/wp\/v2\/media?parent=701841"}],"wp:term":[{"taxonomy":"product_brand","embeddable":true,"href":"https:\/\/roveyayinevi.com.tr\/index.php\/wp-json\/wp\/v2\/product_brand?post=701841"},{"taxonomy":"product_cat","embeddable":true,"href":"https:\/\/roveyayinevi.com.tr\/index.php\/wp-json\/wp\/v2\/product_cat?post=701841"},{"taxonomy":"product_tag","embeddable":true,"href":"https:\/\/roveyayinevi.com.tr\/index.php\/wp-json\/wp\/v2\/product_tag?post=701841"}],"curies":[{"name":"wp","href":"https:\/\/api.w.org\/{rel}","templated":true}]}}