{"id":701840,"date":"2025-08-27T15:12:16","date_gmt":"2025-08-27T12:12:16","guid":{"rendered":"https:\/\/roveyayinevi.com.tr\/index.php\/urun\/canin-hatira-defteri\/"},"modified":"2026-04-13T02:13:44","modified_gmt":"2026-04-12T23:13:44","slug":"canin-hatira-defteri","status":"publish","type":"product","link":"https:\/\/roveyayinevi.com.tr\/index.php\/urun\/canin-hatira-defteri\/","title":{"rendered":"Can\u2019\u0131n Hat\u0131ra Defteri"},"content":{"rendered":"<p>Can iki \u00e7ocuklu bir ailenin b\u00fcy\u00fck o\u011fluydu. Karde\u015fi Cem\u2019le birlikte anne ve babalar\u0131n\u0131n kendilerine sundu\u011fu huzurlu yuvada mutlu bir \u015fekilde ya\u015f\u0131yorlard\u0131.\u015eehirde hayat s\u00fcren Can, o y\u0131l yaz tatilini k\u00f6yde dedesinin yan\u0131nda ge\u00e7irmi\u015fti. Hayat\u0131n\u0131n o en g\u00fczel anlar\u0131n\u0131 \u00f6l\u00fcms\u00fczle\u015ftirmek i\u00e7in g\u00fcnl\u00fck tutmu\u015f, her sat\u0131r\u0131n\u0131 tatl\u0131 bir duyguyla yazm\u0131\u015ft\u0131.Bu g\u00fcnl\u00fc\u011f\u00fc okudu\u011funuzda sizin hayat\u0131n\u0131zda da \u00e7ok farkl\u0131 de\u011fi\u015fimler olacak. Can\u2019la birlikte siz de o k\u00f6ye gideceksiniz. \u0130htiyar g\u00f6\u00e7menin evine Can\u2019la birlikte korkarak girecek, farkl\u0131 heyecanlar ya\u015fayacaks\u0131n\u0131z.Can\u2019\u0131n en samimi arkada\u015f\u0131 olan Murat\u2019la siz de samimi arkada\u015fl\u0131k kuracaks\u0131n\u0131z. Can\u2019la birlikte tarlada ta\u015f ta\u015f\u0131yacak, sabah ezan\u0131yla birlikte uykunuzdan uyanacaks\u0131n\u0131z. K\u00f6ydeki \u00e7ocuklar\u0131n her biri \u00e7evrenizdeki arkada\u015flar\u0131n\u0131z gibi olacak. <\/p>\n","protected":false},"excerpt":{"rendered":"<p>Can iki \u00e7ocuklu bir ailenin b\u00fcy\u00fck o\u011fluydu. Karde\u015fi Cem\u2019le birlikte anne ve babalar\u0131n\u0131n kendilerine sundu\u011fu huzurlu yuvada mutlu bir \u015fekilde ya\u015f\u0131yorlard\u0131.\u015eehirde hayat s\u00fcren Can, o y\u0131l<span class=\"excerpt-hellip\"> [\u2026]<\/span><\/p>\n","protected":false},"featured_media":0,"template":"","meta":{"_monsterinsights_skip_tracking":false,"_monsterinsights_sitenote_active":false,"_monsterinsights_sitenote_note":"","_monsterinsights_sitenote_category":0},"product_brand":[],"product_cat":[12274,12284],"product_tag":[],"class_list":{"0":"post-701840","1":"product","2":"type-product","3":"status-publish","5":"product_cat-cocuk-ve-genclik-kitaplari","6":"product_cat-hikayeler","7":"pa_cilt-ciltsiz","8":"pa_tur-kitap","9":"pa_yayinevi-nesil-cocuk-yayinlari","10":"pa_yazar-yavuz-bahadiroglu","12":"first","13":"instock","14":"sale","15":"shipping-taxable","16":"purchasable","17":"product-type-simple"},"_links":{"self":[{"href":"https:\/\/roveyayinevi.com.tr\/index.php\/wp-json\/wp\/v2\/product\/701840","targetHints":{"allow":["GET"]}}],"collection":[{"href":"https:\/\/roveyayinevi.com.tr\/index.php\/wp-json\/wp\/v2\/product"}],"about":[{"href":"https:\/\/roveyayinevi.com.tr\/index.php\/wp-json\/wp\/v2\/types\/product"}],"wp:attachment":[{"href":"https:\/\/roveyayinevi.com.tr\/index.php\/wp-json\/wp\/v2\/media?parent=701840"}],"wp:term":[{"taxonomy":"product_brand","embeddable":true,"href":"https:\/\/roveyayinevi.com.tr\/index.php\/wp-json\/wp\/v2\/product_brand?post=701840"},{"taxonomy":"product_cat","embeddable":true,"href":"https:\/\/roveyayinevi.com.tr\/index.php\/wp-json\/wp\/v2\/product_cat?post=701840"},{"taxonomy":"product_tag","embeddable":true,"href":"https:\/\/roveyayinevi.com.tr\/index.php\/wp-json\/wp\/v2\/product_tag?post=701840"}],"curies":[{"name":"wp","href":"https:\/\/api.w.org\/{rel}","templated":true}]}}