{"id":701839,"date":"2025-08-27T15:12:15","date_gmt":"2025-08-27T12:12:15","guid":{"rendered":"https:\/\/roveyayinevi.com.tr\/index.php\/urun\/umut-mekanlari\/"},"modified":"2026-04-16T02:11:16","modified_gmt":"2026-04-15T23:11:16","slug":"umut-mekanlari","status":"publish","type":"product","link":"https:\/\/roveyayinevi.com.tr\/index.php\/urun\/umut-mekanlari\/","title":{"rendered":"Umut Mekanlar\u0131"},"content":{"rendered":"<p>\u00dctopyac\u0131 hareketler y\u00fczlerce y\u0131ld\u0131r adil bir toplum ve daha iyi bir ya\u015fam i\u00e7in m\u00fccadele veriyorlar. Harvey bu eserinde tarihsel ve co\u011frafi bir bak\u0131\u015f a\u00e7\u0131s\u0131yla bu hareketlerin ba\u015far\u0131s\u0131zl\u0131klar\u0131n\u0131n alt\u0131nda yatan sebepleri ve \u00fctopyalar\u0131 ortaya \u00e7\u0131karan fikirlerin ge\u00e7erlili\u011fini sorguluyor &#8211; ba\u015fka bir ifadeyle, fikirlerin neden \u00fctopik kald\u0131\u011f\u0131n\u0131, hayallerin neden ger\u00e7ekle\u015fmedi\u011fini. ABD\u2019deki Baltimore \u015fehrini model olarak ald\u0131\u011f\u0131 mevcut kentsel ortam\u0131n \u00e7arp\u0131c\u0131 bir betimlemesini sunarken, alternatif yok diyenlere kar\u015f\u0131 \u00fctopyac\u0131 hayal g\u00fcc\u00fcne ba\u015fvurman\u0131n ka\u00e7\u0131n\u0131lmazl\u0131\u011f\u0131n\u0131 vurguluyor. Uzamsal ve zamansal \u00fctopyalar\u0131n art\u0131lar\u0131n\u0131 eksilerini de\u011ferlendirdikten sonra, diyalektik \u00fctopyac\u0131l\u0131k ad\u0131n\u0131 verdi\u011fi yeni bir \u00fctopyac\u0131 d\u00fc\u015f\u00fcncenin genel hatlar\u0131n\u0131 \u00e7izen Harvey, daha e\u015fitlik\u00e7i ve do\u011fayla bar\u0131\u015f\u0131k ya\u015famay\u0131 m\u00fcmk\u00fcn k\u0131lacak tasar\u0131mlara dikkatimizi \u00e7ekiyor. Kitab\u0131n sonunda ise yazar\u0131n kendi umut mek\u00e2n\u0131na dair son derece ayd\u0131nlat\u0131c\u0131, gayet \u015fahsi bir \u00fctopya bulacaks\u0131n\u0131z. David Harvey T\u00fcrk\u00e7ede Postmodernli\u011fin Durumu ve Sosyal Adalet ve \u015eehir kitaplar\u0131yla tan\u0131nm\u0131\u015ft\u0131r. Ara\u015ft\u0131rmalar\u0131n\u0131n felsefi merkezinde, Marksist kurama mek\u00e2n\u0131, uzamsall\u0131\u011f\u0131 eklemlemeyi, tarihsel maddecili\u011fe co\u011frafyay\u0131 dahil etmeyi ama\u00e7layan verimli bir perspektif vard\u0131r. Bu kitapta da \u00f6yle. Her y\u00f6n\u00fcyle tart\u0131\u015f\u0131lmaya, incelenmeye de\u011fer bir kitap Umut Mek\u00e2nlar\u0131. \ufffcTan\u0131t\u0131m Metni<\/p>\n","protected":false},"excerpt":{"rendered":"<p>\u00dctopyac\u0131 hareketler y\u00fczlerce y\u0131ld\u0131r adil bir toplum ve daha iyi bir ya\u015fam i\u00e7in m\u00fccadele veriyorlar. Harvey bu eserinde tarihsel ve co\u011frafi bir bak\u0131\u015f a\u00e7\u0131s\u0131yla bu hareketlerin<span class=\"excerpt-hellip\"> [\u2026]<\/span><\/p>\n","protected":false},"featured_media":0,"template":"","meta":{"_monsterinsights_skip_tracking":false,"_monsterinsights_sitenote_active":false,"_monsterinsights_sitenote_note":"","_monsterinsights_sitenote_category":0},"product_brand":[],"product_cat":[12312,12304],"product_tag":[],"class_list":{"0":"post-701839","1":"product","2":"type-product","3":"status-publish","5":"product_cat-diger","6":"product_cat-tarih","7":"pa_cilt-ciltsiz","8":"pa_tur-kitap","9":"pa_yayinevi-metis-yayinlari","10":"pa_yazar-david-harvey","12":"first","13":"instock","14":"sale","15":"shipping-taxable","16":"purchasable","17":"product-type-simple"},"_links":{"self":[{"href":"https:\/\/roveyayinevi.com.tr\/index.php\/wp-json\/wp\/v2\/product\/701839","targetHints":{"allow":["GET"]}}],"collection":[{"href":"https:\/\/roveyayinevi.com.tr\/index.php\/wp-json\/wp\/v2\/product"}],"about":[{"href":"https:\/\/roveyayinevi.com.tr\/index.php\/wp-json\/wp\/v2\/types\/product"}],"wp:attachment":[{"href":"https:\/\/roveyayinevi.com.tr\/index.php\/wp-json\/wp\/v2\/media?parent=701839"}],"wp:term":[{"taxonomy":"product_brand","embeddable":true,"href":"https:\/\/roveyayinevi.com.tr\/index.php\/wp-json\/wp\/v2\/product_brand?post=701839"},{"taxonomy":"product_cat","embeddable":true,"href":"https:\/\/roveyayinevi.com.tr\/index.php\/wp-json\/wp\/v2\/product_cat?post=701839"},{"taxonomy":"product_tag","embeddable":true,"href":"https:\/\/roveyayinevi.com.tr\/index.php\/wp-json\/wp\/v2\/product_tag?post=701839"}],"curies":[{"name":"wp","href":"https:\/\/api.w.org\/{rel}","templated":true}]}}