{"id":701838,"date":"2025-08-27T15:12:15","date_gmt":"2025-08-27T12:12:15","guid":{"rendered":"https:\/\/roveyayinevi.com.tr\/index.php\/urun\/fotokopiler\/"},"modified":"2025-12-30T09:53:53","modified_gmt":"2025-12-30T06:53:53","slug":"fotokopiler","status":"publish","type":"product","link":"https:\/\/roveyayinevi.com.tr\/index.php\/urun\/fotokopiler\/","title":{"rendered":"Fotokopiler"},"content":{"rendered":"<p>Bir hayat\u0131 olu\u015fturan her \u015fey; iktisad\u0131n ve tarihin \u00f6tesinde, belki de berisinde, hayatlar\u0131m\u0131z\u0131 ya\u015fanm\u0131\u015f, ya\u015fan\u0131l\u0131r k\u0131lan k\u00fc\u00e7\u00fcc\u00fck \u015feyler; g\u00fcnlerimizi \u00f6ren, bizleri var k\u0131lan detaylar&#8230; \u0130\u015fte bunlar\u0131n kayd\u0131n\u0131 tutmu\u015f John Berger. S\u00f6zc\u00fcklerle \u00e7\u0131kard\u0131\u011f\u0131 bu fotokopi lerde kendisinde sevgi dolu bir iz b\u0131rakm\u0131\u015f ki\u015fileri anlat\u0131yor: Bir yabanc\u0131ya uydurdu\u011fu masallarda ya\u015fayan Kathleen\u2019i; hayat\u0131n\u0131n son g\u00f6\u00e7\u00fcn\u00fc Le Corbusier\u2019nin tasarlad\u0131\u011f\u0131 evden yapan Andre\u2019yi; Yeni tasar\u0131m, \u015fa\u015f\u0131rmak! diyen Cartier-Bresson\u2019u; b\u00fct\u00fcn k\u0131sraklar\u0131na ayn\u0131 ad\u0131 veren Theophile\u2019i; anla\u015f\u0131lmaz bi\u00e7imde ak\u0131c\u0131 ve g\u00fczel resimleriyle Abidin Dino\u2019yu; da\u011flarda bile mizah duygusunu kaybetmeyen Subcomandante Marcos\u2019u&#8230; Ve yava\u015f yava\u015f, hi\u00e7 bir araya gelmez sanaca\u011f\u0131n\u0131z bu insanlar\u0131 Berger\u2019\u0131n kaleminden tan\u0131rken, yazar\u0131n istemeden eleverdi\u011fi otoportresi de belirmeye ba\u015fl\u0131yor g\u00f6zlerinizin \u00f6n\u00fcnde. \ufffcTan\u0131t\u0131m Metni<\/p>\n","protected":false},"excerpt":{"rendered":"<p>Bir hayat\u0131 olu\u015fturan her \u015fey; iktisad\u0131n ve tarihin \u00f6tesinde, belki de berisinde, hayatlar\u0131m\u0131z\u0131 ya\u015fanm\u0131\u015f, ya\u015fan\u0131l\u0131r k\u0131lan k\u00fc\u00e7\u00fcc\u00fck \u015feyler; g\u00fcnlerimizi \u00f6ren, bizleri var k\u0131lan detaylar&#8230; \u0130\u015fte bunlar\u0131n<span class=\"excerpt-hellip\"> [\u2026]<\/span><\/p>\n","protected":false},"featured_media":0,"template":"","meta":{"_monsterinsights_skip_tracking":false,"_monsterinsights_sitenote_active":false,"_monsterinsights_sitenote_note":"","_monsterinsights_sitenote_category":0},"product_brand":[],"product_cat":[19373,12408],"product_tag":[],"class_list":{"0":"post-701838","1":"product","2":"type-product","3":"status-publish","5":"product_cat-grafik-sanatlar","6":"product_cat-sanat","7":"pa_cilt-ciltsiz","8":"pa_tur-kitap","9":"pa_yayinevi-metis-yayinlari","10":"pa_yazar-john-berger","12":"first","13":"instock","14":"sale","15":"shipping-taxable","16":"purchasable","17":"product-type-simple"},"_links":{"self":[{"href":"https:\/\/roveyayinevi.com.tr\/index.php\/wp-json\/wp\/v2\/product\/701838","targetHints":{"allow":["GET"]}}],"collection":[{"href":"https:\/\/roveyayinevi.com.tr\/index.php\/wp-json\/wp\/v2\/product"}],"about":[{"href":"https:\/\/roveyayinevi.com.tr\/index.php\/wp-json\/wp\/v2\/types\/product"}],"wp:attachment":[{"href":"https:\/\/roveyayinevi.com.tr\/index.php\/wp-json\/wp\/v2\/media?parent=701838"}],"wp:term":[{"taxonomy":"product_brand","embeddable":true,"href":"https:\/\/roveyayinevi.com.tr\/index.php\/wp-json\/wp\/v2\/product_brand?post=701838"},{"taxonomy":"product_cat","embeddable":true,"href":"https:\/\/roveyayinevi.com.tr\/index.php\/wp-json\/wp\/v2\/product_cat?post=701838"},{"taxonomy":"product_tag","embeddable":true,"href":"https:\/\/roveyayinevi.com.tr\/index.php\/wp-json\/wp\/v2\/product_tag?post=701838"}],"curies":[{"name":"wp","href":"https:\/\/api.w.org\/{rel}","templated":true}]}}