{"id":701837,"date":"2025-08-27T15:12:15","date_gmt":"2025-08-27T12:12:15","guid":{"rendered":"https:\/\/roveyayinevi.com.tr\/index.php\/urun\/yollarin-sonu\/"},"modified":"2026-04-16T02:11:15","modified_gmt":"2026-04-15T23:11:15","slug":"yollarin-sonu","status":"publish","type":"product","link":"https:\/\/roveyayinevi.com.tr\/index.php\/urun\/yollarin-sonu\/","title":{"rendered":"Yollar\u0131n Sonu"},"content":{"rendered":"<p>Bug\u00fcn yollan\u0131yorken bir gurbete yenidenBelki bir ki\u015fi bile gelmeyecektir bize.Bir kemi\u011fin ard\u0131nda saatlerce yol giden\u0130tler bile g\u00fclecek kimsesizli\u011fimize. Gidiyorum: G\u00f6nl\u00fcmde ac\u0131s\u0131 yan\u0131klar\u0131n&#8230;Ordularla yenilmez bir gay\u0131z var kan\u0131mda.D\u00fcn benimle birlikte g\u00fclen tan\u0131d\u0131klar\u0131nYaln\u0131z bir h\u00e2t\u0131ras\u0131 kald\u0131 art\u0131k yan\u0131mda. Yufka y\u00fcreklilerle \u00e7etin yollar a\u015f\u0131lmaz;\u00c7\u00fcnk\u00fc bu yol kutludur, gider Tanr\u0131 Da\u011f\u0131\u2019na.Halbuki yolda\u015f\u0131n\u0131 b\u0131rak\u0131p d\u00f6nenlerinDe\u011fi\u015filir topu da bir sokak kalta\u011f\u0131na.<\/p>\n","protected":false},"excerpt":{"rendered":"<p>Bug\u00fcn yollan\u0131yorken bir gurbete yenidenBelki bir ki\u015fi bile gelmeyecektir bize.Bir kemi\u011fin ard\u0131nda saatlerce yol giden\u0130tler bile g\u00fclecek kimsesizli\u011fimize. Gidiyorum: G\u00f6nl\u00fcmde ac\u0131s\u0131 yan\u0131klar\u0131n&#8230;Ordularla yenilmez bir gay\u0131z var<span class=\"excerpt-hellip\"> [\u2026]<\/span><\/p>\n","protected":false},"featured_media":0,"template":"","meta":{"_monsterinsights_skip_tracking":false,"_monsterinsights_sitenote_active":false,"_monsterinsights_sitenote_note":"","_monsterinsights_sitenote_category":0},"product_brand":[],"product_cat":[12291,12509],"product_tag":[],"class_list":{"0":"post-701837","1":"product","2":"type-product","3":"status-publish","5":"product_cat-edebiyat","6":"product_cat-siir","7":"pa_cilt-ciltsiz","8":"pa_tur-kitap","9":"pa_yayinevi-otuken-nesriyat","10":"pa_yazar-huseyin-nihal-atsiz","12":"first","13":"instock","14":"sale","15":"shipping-taxable","16":"purchasable","17":"product-type-simple"},"_links":{"self":[{"href":"https:\/\/roveyayinevi.com.tr\/index.php\/wp-json\/wp\/v2\/product\/701837","targetHints":{"allow":["GET"]}}],"collection":[{"href":"https:\/\/roveyayinevi.com.tr\/index.php\/wp-json\/wp\/v2\/product"}],"about":[{"href":"https:\/\/roveyayinevi.com.tr\/index.php\/wp-json\/wp\/v2\/types\/product"}],"wp:attachment":[{"href":"https:\/\/roveyayinevi.com.tr\/index.php\/wp-json\/wp\/v2\/media?parent=701837"}],"wp:term":[{"taxonomy":"product_brand","embeddable":true,"href":"https:\/\/roveyayinevi.com.tr\/index.php\/wp-json\/wp\/v2\/product_brand?post=701837"},{"taxonomy":"product_cat","embeddable":true,"href":"https:\/\/roveyayinevi.com.tr\/index.php\/wp-json\/wp\/v2\/product_cat?post=701837"},{"taxonomy":"product_tag","embeddable":true,"href":"https:\/\/roveyayinevi.com.tr\/index.php\/wp-json\/wp\/v2\/product_tag?post=701837"}],"curies":[{"name":"wp","href":"https:\/\/api.w.org\/{rel}","templated":true}]}}