{"id":701835,"date":"2025-08-27T15:12:08","date_gmt":"2025-08-27T12:12:08","guid":{"rendered":"https:\/\/roveyayinevi.com.tr\/index.php\/urun\/ekmek-arasi\/"},"modified":"2026-04-16T02:11:15","modified_gmt":"2026-04-15T23:11:15","slug":"ekmek-arasi","status":"publish","type":"product","link":"https:\/\/roveyayinevi.com.tr\/index.php\/urun\/ekmek-arasi\/","title":{"rendered":"Ekmek Aras\u0131"},"content":{"rendered":"<p>\u0130lgi duymuyordum. Hi\u00e7bir \u015feye ilgi duymuyordum. Nas\u0131l ka\u00e7abilece\u011fime dair hi\u00e7 fikrim yoktu. Di\u011ferleri ya\u015famdan tat al\u0131yorlard\u0131 hi\u00e7 olmazsa. Benim anlamad\u0131\u011f\u0131m bir \u015feyi anlam\u0131\u015flard\u0131 sanki. Bende bir eksiklik vard\u0131 belki de. M\u00fcmk\u00fcnd\u00fc. S\u0131k s\u0131k a\u015fa\u011f\u0131l\u0131k duygusuna kap\u0131l\u0131rd\u0131m Onlardan uzak olmay\u0131 istiyordum. Gidecek yerim yoktu ama. \u0130ntihar? Tanr\u0131m, \u00e7aba gerektiriyordu. Be\u015f y\u0131l uyumak istiyordum ama izin vermezlerdi. \ufffcTan\u0131t\u0131m Metni<\/p>\n","protected":false},"excerpt":{"rendered":"<p>\u0130lgi duymuyordum. Hi\u00e7bir \u015feye ilgi duymuyordum. Nas\u0131l ka\u00e7abilece\u011fime dair hi\u00e7 fikrim yoktu. Di\u011ferleri ya\u015famdan tat al\u0131yorlard\u0131 hi\u00e7 olmazsa. Benim anlamad\u0131\u011f\u0131m bir \u015feyi anlam\u0131\u015flard\u0131 sanki. Bende bir<span class=\"excerpt-hellip\"> [\u2026]<\/span><\/p>\n","protected":false},"featured_media":0,"template":"","meta":{"_monsterinsights_skip_tracking":false,"_monsterinsights_sitenote_active":false,"_monsterinsights_sitenote_note":"","_monsterinsights_sitenote_category":0},"product_brand":[],"product_cat":[12891,12291],"product_tag":[],"class_list":{"0":"post-701835","1":"product","2":"type-product","3":"status-publish","5":"product_cat-amerikan-edebiyati","6":"product_cat-edebiyat","7":"pa_cilt-ciltsiz","8":"pa_tur-kitap","9":"pa_yayinevi-metis-yayinlari","10":"pa_yazar-charles-bukowski","12":"first","13":"instock","14":"sale","15":"shipping-taxable","16":"purchasable","17":"product-type-simple"},"_links":{"self":[{"href":"https:\/\/roveyayinevi.com.tr\/index.php\/wp-json\/wp\/v2\/product\/701835","targetHints":{"allow":["GET"]}}],"collection":[{"href":"https:\/\/roveyayinevi.com.tr\/index.php\/wp-json\/wp\/v2\/product"}],"about":[{"href":"https:\/\/roveyayinevi.com.tr\/index.php\/wp-json\/wp\/v2\/types\/product"}],"wp:attachment":[{"href":"https:\/\/roveyayinevi.com.tr\/index.php\/wp-json\/wp\/v2\/media?parent=701835"}],"wp:term":[{"taxonomy":"product_brand","embeddable":true,"href":"https:\/\/roveyayinevi.com.tr\/index.php\/wp-json\/wp\/v2\/product_brand?post=701835"},{"taxonomy":"product_cat","embeddable":true,"href":"https:\/\/roveyayinevi.com.tr\/index.php\/wp-json\/wp\/v2\/product_cat?post=701835"},{"taxonomy":"product_tag","embeddable":true,"href":"https:\/\/roveyayinevi.com.tr\/index.php\/wp-json\/wp\/v2\/product_tag?post=701835"}],"curies":[{"name":"wp","href":"https:\/\/api.w.org\/{rel}","templated":true}]}}