{"id":701828,"date":"2025-08-27T15:12:05","date_gmt":"2025-08-27T12:12:05","guid":{"rendered":"https:\/\/roveyayinevi.com.tr\/index.php\/urun\/gemici-dedem\/"},"modified":"2026-04-16T02:11:15","modified_gmt":"2026-04-15T23:11:15","slug":"gemici-dedem","status":"publish","type":"product","link":"https:\/\/roveyayinevi.com.tr\/index.php\/urun\/gemici-dedem\/","title":{"rendered":"Gemici Dedem"},"content":{"rendered":"<p>D\u00fcmeninizi e\u011flenceye \u00e7evirin! Karl\u0131 bir k\u0131\u015f g\u00fcn\u00fc k\u0131v\u0131rc\u0131k sa\u00e7l\u0131, koca burunlu ye\u015fil-k\u0131rm\u0131z\u0131 ekose atk\u0131l\u0131 bir adam bir evin kap\u0131s\u0131 \u00e7alar. R\u00fczgar\u0131n, g\u00fcne\u015fin, bulutlar\u0131n, ku\u015flar\u0131n bilgisini \u00f6z\u00fcmsemi\u015f, huyun suyu denize benzeyen, nas\u0131rl\u0131 elleri d\u00fcmenini arayan bu adam kimdir? Yan\u0131t\u0131 kitapta! \ufffc<\/p>\n","protected":false},"excerpt":{"rendered":"<p>D\u00fcmeninizi e\u011flenceye \u00e7evirin! Karl\u0131 bir k\u0131\u015f g\u00fcn\u00fc k\u0131v\u0131rc\u0131k sa\u00e7l\u0131, koca burunlu ye\u015fil-k\u0131rm\u0131z\u0131 ekose atk\u0131l\u0131 bir adam bir evin kap\u0131s\u0131 \u00e7alar. R\u00fczgar\u0131n, g\u00fcne\u015fin, bulutlar\u0131n, ku\u015flar\u0131n bilgisini \u00f6z\u00fcmsemi\u015f,<span class=\"excerpt-hellip\"> [\u2026]<\/span><\/p>\n","protected":false},"featured_media":0,"template":"","meta":{"_monsterinsights_skip_tracking":false,"_monsterinsights_sitenote_active":false,"_monsterinsights_sitenote_note":"","_monsterinsights_sitenote_category":0},"product_brand":[],"product_cat":[12274,12284],"product_tag":[],"class_list":{"0":"post-701828","1":"product","2":"type-product","3":"status-publish","5":"product_cat-cocuk-ve-genclik-kitaplari","6":"product_cat-hikayeler","7":"pa_cilt-ciltsiz","8":"pa_tur-kitap","9":"pa_yayinevi-can-cocuk-yayinlari","10":"pa_yazar-sevim-ak","12":"first","13":"instock","14":"sale","15":"shipping-taxable","16":"purchasable","17":"product-type-simple"},"_links":{"self":[{"href":"https:\/\/roveyayinevi.com.tr\/index.php\/wp-json\/wp\/v2\/product\/701828","targetHints":{"allow":["GET"]}}],"collection":[{"href":"https:\/\/roveyayinevi.com.tr\/index.php\/wp-json\/wp\/v2\/product"}],"about":[{"href":"https:\/\/roveyayinevi.com.tr\/index.php\/wp-json\/wp\/v2\/types\/product"}],"wp:attachment":[{"href":"https:\/\/roveyayinevi.com.tr\/index.php\/wp-json\/wp\/v2\/media?parent=701828"}],"wp:term":[{"taxonomy":"product_brand","embeddable":true,"href":"https:\/\/roveyayinevi.com.tr\/index.php\/wp-json\/wp\/v2\/product_brand?post=701828"},{"taxonomy":"product_cat","embeddable":true,"href":"https:\/\/roveyayinevi.com.tr\/index.php\/wp-json\/wp\/v2\/product_cat?post=701828"},{"taxonomy":"product_tag","embeddable":true,"href":"https:\/\/roveyayinevi.com.tr\/index.php\/wp-json\/wp\/v2\/product_tag?post=701828"}],"curies":[{"name":"wp","href":"https:\/\/api.w.org\/{rel}","templated":true}]}}